{"id":1237,"date":"2023-10-09T21:13:25","date_gmt":"2023-10-09T19:13:25","guid":{"rendered":"https:\/\/ceramics-studio.de\/?page_id=1237"},"modified":"2024-08-01T11:24:29","modified_gmt":"2024-08-01T09:24:29","slug":"datenschutzerklaerung","status":"publish","type":"page","link":"https:\/\/ceramics-studio.de\/en\/datenschutzerklaerung\/","title":{"rendered":"Privacy Policy"},"content":{"rendered":"<p>[et_pb_section fb_built=&#8220;1&#8243; _builder_version=&#8220;4.21.0&#8243; _module_preset=&#8220;default&#8220; global_colors_info=&#8220;{}&#8220;][et_pb_row column_structure=&#8220;3_5,2_5&#8243; _builder_version=&#8220;4.22.0&#8243; _module_preset=&#8220;default&#8220; custom_margin=&#8220;|auto|||false|false&#8220; global_colors_info=&#8220;{}&#8220;][et_pb_column type=&#8220;3_5&#8243; _builder_version=&#8220;4.21.0&#8243; _module_preset=&#8220;default&#8220; global_colors_info=&#8220;{}&#8220;][et_pb_text _builder_version=&#8220;4.22.0&#8243; _module_preset=&#8220;default&#8220; text_font=&#8220;PT Sans||on||||||&#8220; text_text_color=&#8220;#FFFFFF&#8220; text_font_size=&#8220;30px&#8220; text_line_height=&#8220;1.1em&#8220; background_color=&#8220;RGBA(255,255,255,0)&#8220; background_enable_image=&#8220;off&#8220; background_size=&#8220;initial&#8220; module_alignment=&#8220;left&#8220; custom_margin=&#8220;||||false|false&#8220; custom_margin_tablet=&#8220;&#8220; custom_margin_phone=&#8220;&#8220; custom_margin_last_edited=&#8220;on|phone&#8220; locked=&#8220;off&#8220; global_colors_info=&#8220;{}&#8220;]<\/p>\n<p><strong><span style=\"color: #000000;\"><span style=\"caret-color: #000000;\">Datenschutzerkl\u00e4rung<\/span><\/span><\/strong><\/p>\n<p>[\/et_pb_text][et_pb_text _builder_version=&#8220;4.23.1&#8243; _module_preset=&#8220;default&#8220; text_font=&#8220;PT Sans||||||||&#8220; text_orientation=&#8220;center&#8220; global_colors_info=&#8220;{}&#8220;]<\/p>\n<div>\n<p style=\"text-align: left;\">\n<\/div>\n<div>\n<div class=\"s3-t s3-t0\" style=\"text-align: left;\">\n<h1><span style=\"font-size: 26px;\">Allgemeiner Hinweis und Pflichtinformationen<\/span><\/h1>\n<p>Die verantwortliche Stelle f\u00fcr die Datenverarbeitung auf dieser Website ist:<\/p>\n<p><span id=\"s3-t-firma\">Peter Hochp\u00f6chler &amp; Christine Kohlmayr (GbR)<\/span><br \/>buchungen (\u00e4t) ceramics-studio.de\u00a0<\/p>\n<p>Die verantwortliche Stelle entscheidet allein \u00fcber die Zwecke und Mittel der Verarbeitung von personenbezogenen Daten (z.B. Namen, Kontaktdaten o. \u00c4.).<\/p>\n<h3>Widerruf Ihrer Einwilligung zur Datenverarbeitung<\/h3>\n<p>Nur mit Ihrer ausdr\u00fccklichen Einwilligung sind einige Vorg\u00e4nge der Datenverarbeitung m\u00f6glich. Ein Widerruf Ihrer bereits erteilten Einwilligung ist jederzeit m\u00f6glich. F\u00fcr den Widerruf gen\u00fcgt eine formlose Mitteilung per E-Mail. Die Rechtm\u00e4\u00dfigkeit der bis zum Widerruf erfolgten Datenverarbeitung bleibt vom Widerruf unber\u00fchrt.<\/p>\n<h3>Recht auf Beschwerde bei der zust\u00e4ndigen Aufsichtsbeh\u00f6rde<\/h3>\n<p>Als Betroffener steht Ihnen im Falle eines datenschutzrechtlichen Versto\u00dfes ein Beschwerderecht bei der zust\u00e4ndigen Aufsichtsbeh\u00f6rde zu. Zust\u00e4ndige Aufsichtsbeh\u00f6rde bez\u00fcglich datenschutzrechtlicher Fragen ist der Landesdatenschutzbeauftragte des Bundeslandes, in dem sich der Sitz unseres Unternehmens befindet. Der folgende Link stellt eine Liste der Datenschutzbeauftragten sowie deren Kontaktdaten bereit: <a href=\"https:\/\/www.bfdi.bund.de\/DE\/Infothek\/Anschriften_Links\/anschriften_links-node.html\" target=\"_blank\" rel=\"noopener\">https:\/\/www.bfdi.bund.de\/DE\/Infothek\/Anschriften_Links\/anschriften_links-node.html<\/a>.<\/p>\n<h3>Recht auf Daten\u00fcbertragbarkeit<\/h3>\n<p>Ihnen steht das Recht zu, Daten, die wir auf Grundlage Ihrer Einwilligung oder in Erf\u00fcllung eines Vertrags automatisiert verarbeiten, an sich oder an Dritte aush\u00e4ndigen zu lassen. Die Bereitstellung erfolgt in einem maschinenlesbaren Format. Sofern Sie die direkte \u00dcbertragung der Daten an einen anderen Verantwortlichen verlangen, erfolgt dies nur, soweit es technisch machbar ist.<\/p>\n<h3>Recht auf Auskunft, Berichtigung, Sperrung, L\u00f6schung<\/h3>\n<p>Sie haben jederzeit im Rahmen der geltenden gesetzlichen Bestimmungen das Recht auf unentgeltliche Auskunft \u00fcber Ihre gespeicherten personenbezogenen Daten, Herkunft der Daten, deren Empf\u00e4nger und den Zweck der Datenverarbeitung und ggf. ein Recht auf Berichtigung, Sperrung oder L\u00f6schung dieser Daten. Diesbez\u00fcglich und auch zu weiteren Fragen zum Thema personenbezogene Daten k\u00f6nnen Sie sich jederzeit \u00fcber die im Impressum aufgef\u00fchrten Kontaktm\u00f6glichkeiten an uns wenden.<\/p>\n<h3>SSL- bzw. TLS-Verschl\u00fcsselung<\/h3>\n<p>Aus Sicherheitsgr\u00fcnden und zum Schutz der \u00dcbertragung vertraulicher Inhalte, die Sie an uns als Seitenbetreiber senden, nutzt unsere Website eine SSL-bzw. TLS-Verschl\u00fcsselung. Damit sind Daten, die Sie \u00fcber diese Website \u00fcbermitteln, f\u00fcr Dritte nicht mitlesbar. Sie erkennen eine verschl\u00fcsselte Verbindung an der \u201ehttps:\/\/\u201c Adresszeile Ihres Browsers und am Schloss-Symbol in der Browserzeile.<\/p>\n<p>&nbsp;<\/p>\n<\/div>\n<div class=\"s3-t s3-t-kontaktformular\" style=\"text-align: left;\">\n<h2>Kontaktformular<\/h2>\n<p>Per Kontaktformular \u00fcbermittelte Daten werden einschlie\u00dflich Ihrer Kontaktdaten gespeichert, um Ihre Anfrage bearbeiten zu k\u00f6nnen oder um f\u00fcr Anschlussfragen bereitzustehen. Eine Weitergabe dieser Daten findet ohne Ihre Einwilligung nicht statt.<\/p>\n<p>Die Verarbeitung der in das Kontaktformular eingegebenen Daten erfolgt ausschlie\u00dflich auf Grundlage Ihrer Einwilligung (Art. 6 Abs. 1 lit. a DSGVO). Ein Widerruf Ihrer bereits erteilten Einwilligung ist jederzeit m\u00f6glich. F\u00fcr den Widerruf gen\u00fcgt eine formlose Mitteilung per E-Mail. Die Rechtm\u00e4\u00dfigkeit der bis zum Widerruf erfolgten Datenverarbeitungsvorg\u00e4nge bleibt vom Widerruf unber\u00fchrt.<\/p>\n<p>\u00dcber das Kontaktformular \u00fcbermittelte Daten verbleiben bei uns, bis Sie uns zur L\u00f6schung auffordern, Ihre Einwilligung zur Speicherung widerrufen oder keine Notwendigkeit der Datenspeicherung mehr besteht. Zwingende gesetzliche Bestimmungen &#8211; insbesondere Aufbewahrungsfristen &#8211; bleiben unber\u00fchrt.<\/p>\n<p>&nbsp;<\/p>\n<\/div>\n<div class=\"s3-t s3-t-newsletter\" style=\"text-align: left;\">\n<h2>Newsletter-Daten<\/h2>\n<p>Zum Versenden unseres Newsletters ben\u00f6tigen wir von Ihnen eine E-Mail-Adresse. Eine Verifizierung der angegebenen E-Mail-Adresse ist notwendig und der Empfang des Newsletters ist einzuwilligen. Erg\u00e4nzende Daten werden nicht erhoben oder sind freiwillig. Die Verwendung der Daten erfolgt ausschlie\u00dflich f\u00fcr den Versand des Newsletters.<\/p>\n<p>Die bei der Newsletteranmeldung gemachten Daten werden ausschlie\u00dflich auf Grundlage Ihrer Einwilligung (Art. 6 Abs. 1 lit. a DSGVO) verarbeitet. Ein Widerruf Ihrer bereits erteilten Einwilligung ist jederzeit m\u00f6glich. F\u00fcr den Widerruf gen\u00fcgt eine formlose Mitteilung per E-Mail oder Sie melden sich \u00fcber den &#8222;Austragen&#8220;-Link im Newsletter ab. Die Rechtm\u00e4\u00dfigkeit der bereits erfolgten Datenverarbeitungsvorg\u00e4nge bleibt vom Widerruf unber\u00fchrt.<\/p>\n<p>Zur Einrichtung des Abonnements eingegebene Daten werden im Falle der Abmeldung gel\u00f6scht. Sollten diese Daten f\u00fcr andere Zwecke und an anderer Stelle an uns \u00fcbermittelt worden sein, verbleiben diese weiterhin bei uns.<\/p>\n<p>&nbsp;<\/p>\n<\/div>\n<div class=\"s3-t s3-t-cookies\" style=\"text-align: left;\">\n<h2>Cookies<\/h2>\n<p>Unsere Website verwendet Cookies. Das sind kleine Textdateien, die Ihr Webbrowser auf Ihrem Endger\u00e4t speichert. Cookies helfen uns dabei, unser Angebot nutzerfreundlicher, effektiver und sicherer zu machen.<\/p>\n<p>Einige Cookies sind \u201cSession-Cookies.\u201d Solche Cookies werden nach Ende Ihrer Browser-Sitzung von selbst gel\u00f6scht. Hingegen bleiben andere Cookies auf Ihrem Endger\u00e4t bestehen, bis Sie diese selbst l\u00f6schen. Solche Cookies helfen uns, Sie bei R\u00fcckkehr auf unserer Website wiederzuerkennen.<\/p>\n<p>Mit einem modernen Webbrowser k\u00f6nnen Sie das Setzen von Cookies \u00fcberwachen, einschr\u00e4nken oder unterbinden. Viele Webbrowser lassen sich so konfigurieren, dass Cookies mit dem Schlie\u00dfen des Programms von selbst gel\u00f6scht werden. Die Deaktivierung von Cookies kann eine eingeschr\u00e4nkte Funktionalit\u00e4t unserer Website zur Folge haben.<\/p>\n<p>Das Setzen von Cookies, die zur Aus\u00fcbung elektronischer Kommunikationsvorg\u00e4nge oder der Bereitstellung bestimmter, von Ihnen erw\u00fcnschter Funktionen (z.B. Warenkorb) notwendig sind, erfolgt auf Grundlage von Art. 6 Abs. 1 lit. f DSGVO. Als Betreiber dieser Website haben wir ein berechtigtes Interesse an der Speicherung von Cookies zur technisch fehlerfreien und reibungslosen Bereitstellung unserer Dienste. Sofern die Setzung anderer Cookies (z.B. f\u00fcr Analyse-Funktionen) erfolgt, werden diese in dieser Datenschutzerkl\u00e4rung separat behandelt.<\/p>\n<p>&nbsp;<\/p>\n<\/div>\n<div class=\"s3-t s3-t-google-analytics\" style=\"text-align: left;\">\n<h2>Google Analytics<\/h2>\n<h3>Art und Umfang der Verarbeitung<\/h3>\n<p>Wir verwenden Google Analytics von Google Ireland Limited, Gordon House, Barrow Street, Dublin 4, Irland, als Analysedienst zur statistischen Auswertung unseres Onlineangebotes. Diese umfasst beispielsweise die Anzahl der Aufrufe unseres Onlineangebotes, besuchte Unterseiten und die Verweildauer von Besuchern. Google Analytics nutzt Cookies und weitere Browser-Technologien, um Nutzerverhalten auszuwerten und Nutzer wiederzuerkennen. Diese Informationen werden unter anderem genutzt, um Berichte \u00fcber die Aktivit\u00e4t der Website zusammenzustellen.<\/p>\n<h3>Zweck und Rechtsgrundlage<\/h3>\n<p>Der Einsatz von Google Analytics erfolgt auf Grundlage Ihrer Einwilligung gem\u00e4\u00df Art. 6 Abs. 1 lit. a. DSGVO und \u00a7 25 Abs. 1 TTDSG.<\/p>\n<p>Wir beabsichtigen personenbezogenen Daten an Drittl\u00e4nder au\u00dferhalb des Europ\u00e4ischen Wirtschaftsraums, insbesondere die USA, zu \u00fcbermitteln. In F\u00e4llen, in denen kein Angemessenheitsbeschluss der Europ\u00e4ischen Kommission existiert (z.B. in den USA) haben wir mit den Empf\u00e4ngern der Daten anderweitige geeignete Garantien im Sinne der Art. 44 ff. DSGVO vereinbart. Dies sind \u2013 sofern nicht anders angegeben \u2013 Standardvertragsklauseln der EU-Kommission gem\u00e4\u00df Durchf\u00fchrungsbeschluss (EU) 2021\/914 vom 4. Juni 2021. Eine Kopie dieser Standardvertragsklauseln k\u00f6nnen Sie unter <a href=\"https:\/\/eur-lex.europa.eu\/legal-content\/DE\/TXT\/HTML\/?uri=CELEX:32021D0914&amp;from=DE\" target=\"_blank\" rel=\"noopener\">https:\/\/eur-lex.europa.eu\/legal-content\/DE\/TXT\/HTML\/?uri=CELEX:32021D0914&amp;from=DE<\/a> einsehen.<\/p>\n<p>Zudem holen wir vor einem solchen Drittlandtransfer Ihre Einwilligung nach Art. 49 Abs. 1 Satz 1 lit. a. DSGVO ein, die Sie \u00fcber die Einwilligung im Consent Manager (oder sonstigen Formularen, Registrierungen etc.) erteilen. Wir weisen Sie darauf hin, dass bei Drittland\u00fcbermittlungen im Detail unbekannte Risiken (z.B. die Datenverarbeitung durch Sicherheitsbeh\u00f6rden des Drittlandes, deren genauer Umfang und deren Folgen f\u00fcr Sie wir nicht kennen, auf die wir keinen Einfluss haben und von denen Sie unter Umst\u00e4nden keine Kenntnis erlangen) bestehen k\u00f6nnen.<\/p>\n<h3>Speicherdauer<\/h3>\n<p>Die konkrete Speicherdauer der verarbeiteten Daten ist nicht durch uns beeinflussbar, sondern wird von Google Ireland Limited bestimmt. Weitere Hinweise finden Sie in der Datenschutzerkl\u00e4rung f\u00fcr Google Analytics: <a href=\"https:\/\/policies.google.com\/privacy\" target=\"_blank\" rel=\"noopener\">https:\/\/policies.google.com\/privacy<\/a>.<\/p>\n<p>&nbsp;<\/p>\n<\/div>\n<div class=\"s3-t s3-t-google-tagmanager\" style=\"text-align: left;\">\n<h2>Google Tag Manager<\/h2>\n<h3>Art und Umfang der Verarbeitung<\/h3>\n<p>Wir nutzen den Google Tag Manager der Google Ireland Limited, Gordon House, Barrow Street, Dublin 4, Irland. Google Tag Manager wird verwendet, um Website-Tags \u00fcber eine Oberfl\u00e4che zu verwalten und erm\u00f6glicht es uns, die genaue Integration von Diensten auf unserer Website zu steuern.<\/p>\n<p>Dies gestattet uns zus\u00e4tzliche Dienste flexibel zu integrieren, um den Zugriff der Benutzer auf unsere Website auszuwerten.<\/p>\n<h3>Zweck und Rechtsgrundlage<\/h3>\n<p>Der Einsatz von Google Tag Manager erfolgt auf Grundlage Ihrer Einwilligung gem\u00e4\u00df Art. 6 Abs. 1 lit. a. DSGVO und \u00a7 25 Abs. 1 TTDSG.<\/p>\n<p>Wir beabsichtigen personenbezogenen Daten an Drittl\u00e4nder au\u00dferhalb des Europ\u00e4ischen Wirtschaftsraums, insbesondere die USA, zu \u00fcbermitteln. In F\u00e4llen, in denen kein Angemessenheitsbeschluss der Europ\u00e4ischen Kommission existiert (z.B. in den USA) haben wir mit den Empf\u00e4ngern der Daten anderweitige geeignete Garantien im Sinne der Art. 44 ff. DSGVO vereinbart. Dies sind \u2013 sofern nicht anders angegeben \u2013 Standardvertragsklauseln der EU-Kommission gem\u00e4\u00df Durchf\u00fchrungsbeschluss (EU) 2021\/914 vom 4. Juni 2021. Eine Kopie dieser Standardvertragsklauseln k\u00f6nnen Sie unter <a href=\"https:\/\/eur-lex.europa.eu\/legal-content\/DE\/TXT\/HTML\/?uri=CELEX:32021D0914&amp;from=DE\" target=\"_blank\" rel=\"noopener\">https:\/\/eur-lex.europa.eu\/legal-content\/DE\/TXT\/HTML\/?uri=CELEX:32021D0914&amp;from=DE<\/a> einsehen.<\/p>\n<p>Zudem holen wir vor einem solchen Drittlandtransfer Ihre Einwilligung nach Art. 49 Abs. 1 Satz 1 lit. a. DSGVO ein, die Sie \u00fcber die Einwilligung im Consent Manager (oder sonstigen Formularen, Registrierungen etc.) erteilen. Wir weisen Sie darauf hin, dass bei Drittland\u00fcbermittlungen im Detail unbekannte Risiken (z.B. die Datenverarbeitung durch Sicherheitsbeh\u00f6rden des Drittlandes, deren genauer Umfang und deren Folgen f\u00fcr Sie wir nicht kennen, auf die wir keinen Einfluss haben und von denen Sie unter Umst\u00e4nden keine Kenntnis erlangen) bestehen k\u00f6nnen.<\/p>\n<h3>Speicherdauer<\/h3>\n<p>Die konkrete Speicherdauer der verarbeiteten Daten ist nicht durch uns beeinflussbar, sondern wird von Google Ireland Limited bestimmt. Weitere Hinweise finden Sie in der Datenschutzerkl\u00e4rung f\u00fcr Google Tag Manager: <a href=\"https:\/\/marketingplatform.google.com\/about\/analytics\/tag-manager\/use-policy\/\" target=\"_blank\" rel=\"noopener\">https:\/\/marketingplatform.google.com\/about\/analytics\/tag-manager\/use-policy\/<\/a>.<\/p>\n<\/div>\n<div class=\"s3-t s3-t0\" style=\"text-align: left;\">\n<p><small>Quelle: Datenschutz-Konfigurator von <a href=\"https:\/\/www.mein-datenschutzbeauftragter.de\/\" target=\"_blank\" rel=\"noopener\">Mein-Datenschutzbeauftragter.de<\/a><\/small><\/p>\n<\/div>\n<p style=\"text-align: left;\">\n<\/div>\n<p>[\/et_pb_text][\/et_pb_column][et_pb_column type=&#8220;2_5&#8243; _builder_version=&#8220;4.21.0&#8243; _module_preset=&#8220;default&#8220; global_colors_info=&#8220;{}&#8220;][\/et_pb_column][\/et_pb_row][et_pb_row _builder_version=&#8220;4.21.0&#8243; _module_preset=&#8220;default&#8220; width=&#8220;35%&#8220; global_colors_info=&#8220;{}&#8220;][et_pb_column type=&#8220;4_4&#8243; _builder_version=&#8220;4.21.0&#8243; _module_preset=&#8220;default&#8220; global_colors_info=&#8220;{}&#8220;][et_pb_divider _builder_version=&#8220;4.21.0&#8243; _module_preset=&#8220;default&#8220; global_colors_info=&#8220;{}&#8220;][\/et_pb_divider][\/et_pb_column][\/et_pb_row][\/et_pb_section]<\/p>\n","protected":false},"excerpt":{"rendered":"<p>Datenschutzerkl\u00e4rung Allgemeiner Hinweis und Pflichtinformationen Die verantwortliche Stelle f\u00fcr die Datenverarbeitung auf dieser Website ist: Peter Hochp\u00f6chler &amp; Christine Kohlmayr (GbR)buchungen (\u00e4t) ceramics-studio.de\u00a0 Die verantwortliche Stelle entscheidet allein \u00fcber die Zwecke und Mittel der Verarbeitung von personenbezogenen Daten (z.B. Namen, Kontaktdaten o. \u00c4.). Widerruf Ihrer Einwilligung zur Datenverarbeitung Nur mit Ihrer ausdr\u00fccklichen Einwilligung sind einige [&hellip;]<\/p>\n","protected":false},"author":3,"featured_media":0,"parent":0,"menu_order":0,"comment_status":"closed","ping_status":"closed","template":"","meta":{"_et_pb_use_builder":"on","_et_pb_old_content":"","_et_gb_content_width":"","footnotes":""},"class_list":["post-1237","page","type-page","status-publish","hentry"],"jetpack_sharing_enabled":true,"_links":{"self":[{"href":"https:\/\/ceramics-studio.de\/en\/wp-json\/wp\/v2\/pages\/1237","targetHints":{"allow":["GET"]}}],"collection":[{"href":"https:\/\/ceramics-studio.de\/en\/wp-json\/wp\/v2\/pages"}],"about":[{"href":"https:\/\/ceramics-studio.de\/en\/wp-json\/wp\/v2\/types\/page"}],"author":[{"embeddable":true,"href":"https:\/\/ceramics-studio.de\/en\/wp-json\/wp\/v2\/users\/3"}],"replies":[{"embeddable":true,"href":"https:\/\/ceramics-studio.de\/en\/wp-json\/wp\/v2\/comments?post=1237"}],"version-history":[{"count":0,"href":"https:\/\/ceramics-studio.de\/en\/wp-json\/wp\/v2\/pages\/1237\/revisions"}],"wp:attachment":[{"href":"https:\/\/ceramics-studio.de\/en\/wp-json\/wp\/v2\/media?parent=1237"}],"curies":[{"name":"wp","href":"https:\/\/api.w.org\/{rel}","templated":true}]}}