{"id":2664,"date":"2024-06-10T18:47:40","date_gmt":"2024-06-10T16:47:40","guid":{"rendered":"https:\/\/ceramics-studio.de\/agb\/"},"modified":"2025-11-18T11:01:40","modified_gmt":"2025-11-18T10:01:40","slug":"agb","status":"publish","type":"page","link":"https:\/\/ceramics-studio.de\/en\/agb\/","title":{"rendered":"AGB"},"content":{"rendered":"<p>[et_pb_section fb_built=&#8220;1&#8243; _builder_version=&#8220;4.27.0&#8243; _module_preset=&#8220;default&#8220; global_colors_info=&#8220;{}&#8220;][et_pb_row _builder_version=&#8220;4.27.0&#8243; _module_preset=&#8220;default&#8220; global_colors_info=&#8220;{}&#8220;][et_pb_column type=&#8220;4_4&#8243; _builder_version=&#8220;4.27.0&#8243; _module_preset=&#8220;default&#8220; global_colors_info=&#8220;{}&#8220;][et_pb_text _builder_version=&#8220;4.27.0&#8243; _module_preset=&#8220;default&#8220; global_colors_info=&#8220;{}&#8220;]<\/p>\n<p><span><b>AGB <br \/><\/b><\/span>Stand: 11\/2025<\/p>\n<p><b>Geltungsbereich<\/b><\/p>\n<p>Diese Allgemeinen Gesch\u00e4ftsbedingungen (<i>AGB<\/i>) von P. &amp; C. | STUDIO CERAMICS | Peter Hochp\u00f6chler &amp; Christine Kohlmayr, GbR (<i>die<\/i> <i>Verkaufenden<\/i>) gelten f\u00fcr alle Vertr\u00e4ge \u00fcber Lieferungen von Waren, die ein:e Verbraucher:in oder Unternehmer:in (<i>Kunde:in<\/i>) mit dem Verk\u00e4ufer hinsichtlich der von P. &amp; C. | STUDIO CERAMICS | Peter Hochp\u00f6chler &amp; Christine Kohlmayr, GbR in deren Online-Shop dargestellten Waren abschlie\u00dft.<\/p>\n<p>F\u00fcr Vertr\u00e4ge zur Lieferung von Gutscheinen gelten diese AGB, sofern insoweit nicht etwas Abweichendes geregelt ist.<\/p>\n<p>F\u00fcr Vertr\u00e4ge zur Lieferung von Tickets zur Teilnahme an einem T\u00f6pfer-\/Keramikkurs gelten diese AGB entsprechend, sofern insoweit nicht etwas Abweichendes geregelt ist. Dabei regeln diese AGB lediglich den Verkauf von Tickets f\u00fcr bestimmte, in der Artikelbeschreibung n\u00e4her bezeichnete Veranstaltungen und nicht die Durchf\u00fchrung dieser Veranstaltungen. F\u00fcr die Durchf\u00fchrung der Veranstaltungen gelten ausschlie\u00dflich die gesetzlichen Bestimmungen im Verh\u00e4ltnis zwischen dem:r Teilnehmer:in und von P. &amp; C. | STUDIO CERAMICS | Peter Hochp\u00f6chler &amp; Christine Kohlmayr, GbR (<i>Veranstalter<\/i>) sowie ggf. hiervon abweichende Bedingungen der Veranstalter.<span class=\"Apple-converted-space\">\u00a0<\/span><\/p>\n<p>F\u00fcr Vertr\u00e4ge zur Miete von Arbeitspl\u00e4tzen, zu Brenn- und Glasurservice gelten diese AGB, sofern insoweit nicht etwas Abweichendes geregelt ist.<\/p>\n<p>Hiermit wird der Einbeziehung von eigenen Bedingungen des:r Kunden:in widersprochen, es sei denn, es wurde etwas anderes auf schriftlichem Weg vereinbart.<\/p>\n<p>Verbraucher:in im Sinne dieser AGB ist jede nat\u00fcrliche Person, die ein Rechtsgesch\u00e4ft zu Zwecken abschlie\u00dft, die \u00fcberwiegend weder ihrer gewerblichen noch ihrer selbst\u00e4ndigen beruflichen T\u00e4tigkeit zugerechnet werden k\u00f6nnen.<\/p>\n<p>Unternehmer:in im Sinne dieser AGB ist eine nat\u00fcrliche oder juristische Person oder eine rechtsf\u00e4hige Personengesellschaft, die bei Abschluss eines Rechtsgesch\u00e4fts in Aus\u00fcbung ihrer gewerblichen oder selbst\u00e4ndigen beruflichen T\u00e4tigkeit handelt.<\/p>\n<p><b>Vertragsschluss<\/b><\/p>\n<p>Die im Online-Shop der Verkaufenden enthaltenen Produktbeschreibungen und Darstellungen stellen keine rechtlich bindende Angebote seitens der Verkaufenden dar, sondern dienen zur Abgabe eines verbindlichen Angebots durch den:r Kunden:in.<\/p>\n<p>Der\/Die Kunde:in kann das Angebot \u00fcber das in den Online-Shop integrierte Online-Bestellformular abgeben. Dabei wird vom\/von der Kunde:in, nachdem die ausgew\u00e4hlten Waren unverbindlich in den virtuellen Warenkorb gelegt wurden und der elektronischen Bestellprozess durchlaufen wurde, durch Klicken des den Bestellvorgang abschlie\u00dfenden Buttons ein rechtlich verbindliches Vertragsangebot in Bezug auf die im Warenkorb enthaltenen Waren abgegeben.<span class=\"Apple-converted-space\">\u00a0<\/span><\/p>\n<p>Ferner kann der\/die Kund:in das Angebot auch per E-Mail gegen\u00fcber den Verkaufenden abgeben.<\/p>\n<p>Die Verkaufenden k\u00f6nnen das Angebot des Kunden innerhalb von drei Arbeitstagen annehmen, indem dem:r Kunden:in eine Auftragsbest\u00e4tigung in Textform (E-Mail) \u00fcbermittelt wird, wobei insoweit der Zugang der Auftragsbest\u00e4tigung beim Kunden ma\u00dfgeblich ist. Wurde vom\/von der Kund:in Zahlungsm\u00f6glichkeit \u201eVorauskasse\u201c gew\u00e4hlt, wird er\/sie nach Abgabe der Bestellung von den Verkaufenden zur Zahlung aufgefordert.<\/p>\n<p>Die bestellte Ware wird darauf hin oder nach Eingang der Zahlung auf dem in der E-Mail-Nachricht angegebenen Bankkonto an die Adresse des\/der Kund:in geliefert, wobei insoweit der Zugang der Ware beim Kunden ma\u00dfgeblich ist.<\/p>\n<p>Wird das Angebot des\/r Kunden:in innerhalb vorgenannter Frist von den Verkaufenden nicht angenommen, so gilt dies als Ablehnung des Angebots mit der Folge, dass der\/die Kund:in nicht mehr an die Willenserkl\u00e4rung gebunden ist.<\/p>\n<p>Bei Auswahl einer von PayPal angebotenen Zahlungsart erfolgt die Zahlungsabwicklung \u00fcber den Zahlungsdienstleister PayPal (Europe) S.\u00e0 r.l. et Cie, S.C.A., 22-24 Boulevard Royal, L-2449 Luxemburg (<i>PayPal<\/i>), unter Geltung der PayPal-Nutzungsbedingungen, einsehbar unter <a href=\"https:\/\/www.paypal.com\/de\/webapps\/mpp\/ua\/useragreement-full\"><span>https:\/\/www.paypal.com\/de\/webapps\/mpp\/ua\/useragreement-full<\/span><\/a> oder &#8211; falls der\/die Kunde:in nicht \u00fcber ein PayPal-Konto verf\u00fcgt \u2013 unter Geltung der Bedingungen f\u00fcr Zahlungen ohne PayPal-Konto, einsehbar unter <a href=\"https:\/\/www.paypal.com\/de\/webapps\/mpp\/ua\/privacywax-full\"><span>https:\/\/www.paypal.com\/de\/webapps\/mpp\/ua\/privacywax-full<\/span><\/a>.<\/p>\n<p>Die Bestellabwicklung und Kontaktaufnahme finden per E-Mail und automatisierter Bestellabwicklung statt. Der\/die Kunde:in hat sicherzustellen, dass die zur Bestellabwicklung angegebene E-Mail-Adresse zutreffend ist, so dass unter dieser Adresse die von den Verkaufenden versandten E-Mails empfangen werden k\u00f6nnen. Insbesondere hat der\/die Kunde:in sicherzustellen, dass alle von den Verkaufenden oder mit der Bestellabwicklung beauftragten Dritten versandten E-Mails auch bei der Anwendung von SPAM-Filtern zugestellt werden k\u00f6nnen.<\/p>\n<p>Die f\u00fcr den Vertragsschluss zur Verf\u00fcgung stehende Sprache ist Deutsch.<\/p>\n<p><b>Liefer- und Versandbedingungen<\/b><\/p>\n<p>Die Lieferung von Waren erfolgt innerhalb des von den Verkaufenden angegebenen Liefergebietes an die vom Kunden angegebene Lieferanschrift, sofern nichts anderes vereinbart ist. Bei der Abwicklung der Transaktion ist die in der Bestellabwicklung des Verk\u00e4ufers angegebene Lieferanschrift ma\u00dfgeblich. Abweichend hiervon ist bei Auswahl der Zahlungsart PayPal die von dem\/der Kunden:in zum Zeitpunkt der Bezahlung bei PayPal hinterlegte Lieferanschrift ma\u00dfgeblich.<\/p>\n<p>Scheitert die Zustellung der Ware aus Gr\u00fcnden, die der\/die Kunde:in zu vertreten hat, tr\u00e4gt diese:r die den Verkaufenden hierdurch entstehenden angemessenen Kosten.<span class=\"Apple-converted-space\">\u00a0<\/span><\/p>\n<p>Die Gefahr des zuf\u00e4lligen Untergangs und der zuf\u00e4lligen Verschlechterung der verkauften Ware geht auf den\/die Kund:in grunds\u00e4tzlich erst mit \u00dcbergabe der Ware an ihn\/sie oder eine empfangsberechtigte Person \u00fcber.<\/p>\n<p>Die Verkaufenden behalten sich das Recht vor, im Falle nicht richtiger oder nicht ordnungsgem\u00e4\u00dfer Selbstbelieferung vom Vertrag zur\u00fcckzutreten. Dies gilt nur f\u00fcr den Fall, dass die Nichtlieferung nicht von den Verkaufenden zu vertreten ist und diese mit der gebotenen Sorgfalt ein konkretes Deckungsgesch\u00e4ft mit dem Zulieferer abgeschlossen haben. Es werden von den Verkaufenden alle zumutbaren Anstrengungen unternommen um die Ware zu beschaffen. Im Falle der Nichtverf\u00fcgbarkeit oder der nur teilweisen Verf\u00fcgbarkeit der Ware wird der\/die Kunde:in unverz\u00fcglich informiert und die Gegenleistung unverz\u00fcglich erstattet.<\/p>\n<p>Die Ware wird prinzipiell zur Abholung angeboten. So kann der\/die Kunde:in die bestellte Ware innerhalb der von den Verkaufenden angegebenen Gesch\u00e4ftszeiten im Studio von P. &amp; C. |\u00a0STUDIO CERAMICS in Wiebestra\u00dfe 40, 10553 Berlin abholen. In diesem Fall werden keine Versandkosten berechnet.<\/p>\n<p>Gutscheine werden dem:r Kunden:in als PDF-Datei per E-Mail oder zur Abholung im Studio von P. &amp; C. |\u00a0STUDIO CERAMICS in Wiebestra\u00dfe 40, 10553 Berlin bereitgestellt.<\/p>\n<p>Tickets, die zur Teilnahme an einem T\u00f6pfer-\/Keramikkurs im Studio von P. &amp; C. |\u00a0STUDIO CERAMICS in Wiebestra\u00dfe 40, 10553 Berlin berechtigen, werden dem:r Kunden:in in Form einer E-Mail-Best\u00e4tigung bereitgestellt.<\/p>\n<p><b>Preise und Zahlungsbedingungen<\/b><\/p>\n<p>Sofern sich aus der Produktbeschreibung der Verkaufenden nichts anderes ergibt, handelt es sich bei den angegebenen Preisen um Gesamtpreise inklusive der gesetzlichen Umsatzsteuer. Gegebenenfalls zus\u00e4tzlich anfallende Liefer- und Versandkosten werden in der jeweiligen Produktbeschreibung gesondert angegeben.<\/p>\n<p>Bei Lieferungen in L\u00e4nder au\u00dferhalb der Europ\u00e4ischen Union k\u00f6nnen im Einzelfall weitere Kosten anfallen, die die Verkaufenden nicht zu vertreten haben und die von Kunden:innen zu tragen sind. Hierzu z\u00e4hlen beispielsweise Kosten f\u00fcr die Geld\u00fcbermittlung durch Kreditinstitute (z.B. \u00dcberweisungsgeb\u00fchren, Wechselkursgeb\u00fchren) oder einfuhrrechtliche Abgaben bzw. Steuern (z.B. Z\u00f6lle). Solche Kosten k\u00f6nnen in Bezug auf die Geld\u00fcbermittlung auch dann anfallen, wenn die Lieferung nicht in ein Land au\u00dferhalb der Europ\u00e4ischen Union erfolgt, der\/die Kunde:in die Zahlung aber von einem Land au\u00dferhalb der Europ\u00e4ischen Union aus vornimmt.<\/p>\n<p>Im Online-Shop der Verkaufenden werden die Zahlungsm\u00f6glichkeiten dem\/der Kunden:in mitgeteilt.<\/p>\n<p>Wird vom\/von der Kunden:in Vorauskasse per Bank\u00fcberweisung vereinbart, ist die Zahlung sofort nach Vertragsabschluss f\u00e4llig.<span class=\"Apple-converted-space\">\u00a0<\/span><\/p>\n<p>Bei Bestellung von Tickets, die zur Teilnahme an einem T\u00f6pfer-\/Keramikkurs im Studio von P. &amp; C. |\u00a0STUDIO CERAMICS in Wiebestra\u00dfe 40, 10553 Berlin berechtigen, hat der\/die Kunde:in daf\u00fcr zu sorgen, dass die Zahlung innerhalb von vier Tagen nach Bestellvorgang auf dem im Best\u00e4tigungs-E-Mail angegebenen Bankkonto eingegangen ist. Wurde die Bestellung kurzfristiger als f\u00fcnf Tage vor Beginn des T\u00f6pfer-\/Keramikkurses get\u00e4tigt, muss der Betrag 24 Stunden vor Kursstart auf dem Bankkonto eingegangen sein. Sollte dies nicht der Fall sein, sind die Verkaufenden berechtigt, die Teilnahme an dem T\u00f6pfer-\/Keramikkurs zu verweigern und die Bestellung zu stornieren. Es treten die von den Verkaufenden online angegebenen Stornierungs-Regelungen in Kraft. <span class=\"Apple-converted-space\">\u00a0<\/span><\/p>\n<p>Bei Auswahl einer \u00fcber den Zahlungsdienst \u201ePayPal\u201c angebotenen Zahlungsart erfolgt die Zahlungsabwicklung \u00fcber PayPal, wobei sich PayPal hierzu auch der Dienste dritter Zahlungsdienstleister bedienen kann.<span class=\"Apple-converted-space\">\u00a0<\/span><\/p>\n<p>Bei Auswahl einer \u00fcber den Zahlungsdienst Stripe angebotenen Zahlungsart (Kreditkartenzahlung) erfolgt die Zahlungsabwicklung durch den Zahlungsdienstleister Stripe Payments Europe Ltd., 1 Grand Canal Street Lower, Grand Canal Dock, Dublin, Irland (<i>Stripe<\/i>). Die einzelnen \u00fcber Stripe-Payments angebotenen Zahlungsarten werden dem:r Kunden:in im Online-Shop der Verkaufenden mitgeteilt. Weitere Informationen zu &#8222;Stripe&#8220; sind im Internet unter https:\/\/support.stripe.com\/questions\/end-customer-faq abrufbar.<\/p>\n<p>Im Rahmen der Online-Kursplatz-Buchung geht das Angebot f\u00fcr einen Vertragsabschluss von den K\u00e4ufer:innen aus. Die K\u00e4ufer:innen erhalten eine E-Mail mit der Best\u00e4tigung der Kursplatzbuchung. Mit der Best\u00e4tigung der Buchung per E-Mail nimmt P. &amp; C. |\u00a0STUDIO CERAMICS das Vertragsangebot der K\u00e4ufer:innen an. Ein Widerrufsrecht der K\u00e4ufer:innen ist hierbei gem\u00e4\u00df \u00a7 312g Absatz 2 Ziffer 9. BGB ausgeschlossen.<\/p>\n<p>Gebuchte Kurspl\u00e4tze k\u00f6nnen grunds\u00e4tzlich nicht auf einen anderen Termin umgebucht werden. Ersatz f\u00fcr verfallene Buchungen bei Krankheit oder anders begr\u00fcndetem Nichterscheinen zum Kurstermin wird nicht geleistet. Buchungen k\u00f6nnen zu den Stornierungbedingungen zur\u00fcckgenommen werden.<\/p>\n<p>Wird ein Kurs vor oder w\u00e4hrend der einf\u00fchrenden Pr\u00e4sentation (innerhalb der ersten Kursstunde) abgebrochen, hat der\/die Kursteilnehmer:in einen Anspruch auf Erstattung des Kurspreises. Der R\u00fcckerstattungsanspruch muss innerhalb von 14 Tagen nach gebuchtem Kurstermin geltend gemacht werden.<\/p>\n<p>\u00c4nderungen des Kursinhalts oder -ortes berechtigen grunds\u00e4tzlich nicht zur R\u00fcckgabe oder zum Umtausch einer Buchung. Beim Ausfall eines Kurses kann der\/die Kursteilnehmer:in die angebotenen ge\u00e4nderten Kurs besuchen oder der Kursbetrag kann in einen Gutschein (g\u00fcltig 2 Jahre nach Ausstellungsdatum) umgewandelt werden.<\/p>\n<p>Dar\u00fcber hinausgehende Anspr\u00fcche, insbesondere weitergehende Aufwendungen (wie z. B. Fahrt- oder \u00dcbernachtungskosten), werden nicht ersetzt.<\/p>\n<p>Wenn nicht in der Produktbeschreibung anders angegeben, treten folgende Stornierungsregelungen im Fall einer fr\u00fchzeitigen vom\/von der Kunde:in schriftlich bekanntgegebenen Stornierung der Kursteilnahme ein: Bis sieben Tage vor Kursbeginn kann eine Kursanmeldung schriftlich via Email storniert werden und der Kursbetrag (minus Bearbeitungsgeb\u00fchr) werden zur\u00fcckerstattet. Bei einer Stornierung bis 24 Stunden vor Kursbeginn erh\u00e4lt der\/die Kunde:in 50% des Kursbetrags zur\u00fcck. F\u00fcr eine Stornierung werden pro storniertem Platz \u20ac 5 Bearbeitungsgeb\u00fchr verrechnet. Eine Umbuchung ist nicht m\u00f6glich. Verpasste Kurstermine k\u00f6nnen nicht nachgeholt werden.<\/p>\n<p>Eine kostenlose Stornierung der Arbeitsplatzmiete ist bis 24 Stunden vor Beginn der Miete m\u00f6glich. Bei einer Stornierung des gemieteten Arbeitsplatzes innerhalb von 24 Stunden vor Beginn der Miete werden 50% der Arbeitsplatzmiete r\u00fcckerstattet.<\/p>\n<p>&nbsp;<\/p>\n<p><b>Haftung<\/b><\/p>\n<p>F\u00fcr Anspr\u00fcche aufgrund von Sch\u00e4den, die durch die Verkaufenden und deren Erf\u00fcllungsgehilfen verursacht wurden, haften die Verkaufenden unbeschr\u00e4nkt bei:<\/p>\n<p>\u2013 Verletzung des Lebens, des K\u00f6rpers oder der Gesundheit,<\/p>\n<p>\u2013 vors\u00e4tzlicher oder grob fahrl\u00e4ssiger Pflichtverletzung,<\/p>\n<p>\u2013 Garantieversprechen, soweit vereinbart, oder soweit der Anwendungsbereich des Produkthaftungsgesetzes er\u00f6ffnet ist.<\/p>\n<p>Bei Verletzung wesentlicher Vertragspflichten, deren Erf\u00fcllung die ordnungsgem\u00e4\u00dfe Durchf\u00fchrung des Vertrages \u00fcberhaupt erst erm\u00f6glicht und auf deren Einhaltung der Vertragspartner:innen regelm\u00e4\u00dfig vertrauen darf, (Kardinalspflichten) durch leichte Fahrl\u00e4ssigkeit von den Verkaufenden oder deren Erf\u00fcllungsgehilfen ist die Haftung der H\u00f6he nach auf den bei Vertragsschluss vorhersehbaren Schaden begrenzt, mit dessen Entstehung typischerweise gerechnet werden muss. <br \/>Im \u00dcbrigen sind Anspr\u00fcche auf Schadensersatz ausgeschlossen.<\/p>\n<p><b>M\u00e4ngelhaftung (Gew\u00e4hrleistung)<\/b><\/p>\n<p>Es gelten die Vorschriften der gesetzlichen M\u00e4ngelhaftung. Hiervon abweichend gilt bei Vertr\u00e4gen zur Lieferung von Waren:<\/p>\n<p>Handelt der\/die Kunde:in als Unternehmer:in, so:<\/p>\n<p>\u2013 hat der Verk\u00e4ufer die Wahl der Art der Nacherf\u00fcllung;<\/p>\n<p>\u2013 betr\u00e4gt bei neuen Waren die Verj\u00e4hrungsfrist f\u00fcr M\u00e4ngel ein Jahr ab Ablieferung der Ware;<\/p>\n<p>\u2013 sind bei gebrauchten Waren die Rechte und Anspr\u00fcche wegen M\u00e4ngeln ausgeschlossen;<\/p>\n<p>\u2013 beginnt die Verj\u00e4hrung nicht erneut, wenn im Rahmen der M\u00e4ngelhaftung eine Ersatzlieferung erfolgt.<\/p>\n<p>Handelt der Kunde als Verbraucher, so wird er gebeten, angelieferte Waren mit offensichtlichen Transportsch\u00e4den bei dem Zusteller zu reklamieren.<\/p>\n<p>Werden Waren mit offensichtlichen Transportsch\u00e4den bei:m der Kunden:in angeliefert, so wird gebeten, solche Fehler m\u00f6glichst sofort beim Zusteller zu reklamieren und und die Verkaufenden hiervon in Kenntnis zu setzen. Kommt der\/die Kunde:in dem nicht nach, hat dies keinerlei Auswirkungen auf gesetzliche oder vertragliche M\u00e4ngelanspr\u00fcche des\/der Kunden:in.<\/p>\n<p><b>Besondere Bedingungen f\u00fcr die Verarbeitung von Waren nach bestimmten Vorgaben des Kunden<\/b><\/p>\n<p>Schulden die Verkaufenden nach dem Inhalt des Vertrages neben der Warenlieferung auch die Verarbeitung der Ware nach bestimmten Vorgaben des:r Kunden:in, hat der\/die Kunde:in den Verkaufenden alle f\u00fcr die Verarbeitung erforderlichen Inhalte wie Texte, Bilder oder Grafiken in den von den Verkaufenden vorgegebenen Dateiformaten, Formatierungen, Bild- und Dateigr\u00f6\u00dfen zur Verf\u00fcgung zu stellen und ihnen die hierf\u00fcr erforderlichen Nutzungsrechte einzur\u00e4umen. F\u00fcr die Beschaffung und den Rechteerwerb an diesen Inhalten ist allein der\/die Kund:in verantwortlich. Der\/Die Kunde:in stellt die Verkaufenden von Anspr\u00fcchen Dritter frei, die diese im Zusammenhang mit einer Verletzung ihrer Rechte durch die vertragsgem\u00e4\u00dfe Nutzung der Inhalte des\/der Kunden:in durch die Verakufenden diesem:r gegen\u00fcber geltend machen k\u00f6nnen. Der\/Die Kunde:in \u00fcbernimmt hierbei auch die notwendigen Kosten der Rechtsverteidigung einschlie\u00dflich aller Gerichts- und Anwaltskosten in gesetzlicher H\u00f6he. Dies gilt nicht, wenn die Rechtsverletzung von dem\/der Kunden:in nicht zu vertreten ist. Der\/Die Kunde:in ist verpflichtet, den Verkaufenden im Falle einer Inanspruchnahme durch Dritte unverz\u00fcglich, wahrheitsgem\u00e4\u00df und vollst\u00e4ndig alle Informationen zur Verf\u00fcgung zu stellen, die f\u00fcr die Pr\u00fcfung der Anspr\u00fcche und eine Verteidigung erforderlich sind.<\/p>\n<p><b>Gutscheine<\/b><\/p>\n<p>Gutscheine, die \u00fcber die Website der Verkaufenden k\u00e4uflich erworben werden k\u00f6nnen, k\u00f6nnen nach Buchungen\/K\u00e4ufen \u00fcber den Online-Shop oder direkt beim Kauf im Studio von P. &amp; C. | STUDIO CERAMICS eingel\u00f6st werden, sofern sich aus dem Gutschein nichts anderes ergibt.<\/p>\n<p>Gutscheine und Restguthaben von Gutscheinen sind bis zum Ende des zweiten Jahres nach dem Ausstellungstag des Gutscheins einl\u00f6sbar. Restguthaben werden dem Kunden bis zum Ablaufdatum gutgeschrieben.<\/p>\n<p>Gutscheine k\u00f6nnen bei Nutzung im Online-Shop nur vor Abschluss des Bestellvorgangs eingel\u00f6st werden. Eine nachtr\u00e4gliche Verrechnung ist nicht m\u00f6glich.<\/p>\n<p>Gutscheine k\u00f6nnen nur f\u00fcr den Kauf von Waren, der Buchung von Kursen und Arbeitsplatzmieten, nicht aber f\u00fcr den Kauf von weiteren Geschenkgutscheinen verwendet werden.<\/p>\n<p>Das Guthaben eines Gutscheins wird weder in Bargeld ausgezahlt noch verzinst.<\/p>\n<p>Gutscheine sind \u00fcbertragbar.<\/p>\n<p><b>Anwendbares Recht<\/b><\/p>\n<p>F\u00fcr s\u00e4mtliche Rechtsbeziehungen der Parteien gilt das Recht der Bundesrepublik Deutschland unter Ausschluss der Gesetze \u00fcber den internationalen Kauf beweglicher Waren. Bei Verbrauchenden gilt diese Rechtswahl nur insoweit, als nicht der gew\u00e4hrte Schutz durch zwingende Bestimmungen des Rechts des Staates, in dem der Verbraucher seinen gew\u00f6hnlichen Aufenthalt hat, entzogen wird. <br \/>Ferner gilt diese Rechtswahl im Hinblick auf das gesetzliche Widerrufsrecht nicht bei Verbrauchern, die zum Zeitpunkt des Vertragsschlusses keinem Mitgliedstaat der Europ\u00e4ischen Union angeh\u00f6ren und deren alleiniger Wohnsitz und Lieferadresse zum Zeitpunkt des Vertragsschlusses au\u00dferhalb der Europ\u00e4ischen Union liegen.<\/p>\n<p><b>Gerichtsstand<\/b><\/p>\n<p>Handelt der\/die Kunde:in als Kaufmann:frau, juristische Person des \u00f6ffentlichen Rechts oder \u00f6ffentlich-rechtliches Sonderverm\u00f6gen mit Sitz im Hoheitsgebiet der Bundesrepublik Deutschland, ist ausschlie\u00dflicher Gerichtsstand f\u00fcr alle Streitigkeiten aus diesem Vertrag der Gesch\u00e4ftssitz der Verkaufenden. Hat der\/die Kunde:in seinen\/ihren Sitz au\u00dferhalb des Hoheitsgebiets der Bundesrepublik Deutschland, so ist der Gesch\u00e4ftssitz der Verkaufenden ausschlie\u00dflicher Gerichtsstand f\u00fcr alle Streitigkeiten aus diesem Vertrag, wenn der Vertrag oder Anspr\u00fcche aus dem Vertrag der beruflichen oder gewerblichen T\u00e4tigkeit des:r Kunden:in zugerechnet werden k\u00f6nnen. Die Verkaufenden sind in den vorstehenden F\u00e4llen jedoch in jedem Fall berechtigt, das Gericht am Sitz des:r Kunden:in anzurufen.<\/p>\n<p><b>Streitbeilegung<\/b><\/p>\n<p>Die EU-Kommission stellt im Internet unter folgendem Link eine Plattform zur Online-Streitbeilegung bereit: <a href=\"https:\/\/ec.europa.eu\/consumers\/odr\"><span>https:\/\/ec.europa.eu\/consumers\/odr<\/span><\/a><\/p>\n<p>Diese Plattform dient als Anlaufstelle zur au\u00dfergerichtlichen Beilegung von Streitigkeiten aus Online-Kauf- oder Dienstleistungsvertr\u00e4gen, an denen ein:e Verbraucher:in beteiligt ist.<\/p>\n<p>Die Verkaufenden sind zur Teilnahme an einem Streitbeilegungsverfahren vor einer Verbraucherschlichtungsstelle weder verpflichtet noch bereit.<\/p>\n<p>&nbsp;<\/p>\n<p>&nbsp;<\/p>\n<p>[\/et_pb_text][\/et_pb_column][\/et_pb_row][\/et_pb_section]<\/p>\n","protected":false},"excerpt":{"rendered":"<p>AGB Stand: 11\/2025 Geltungsbereich Diese Allgemeinen Gesch\u00e4ftsbedingungen (AGB) von P. &amp; C. | STUDIO CERAMICS | Peter Hochp\u00f6chler &amp; Christine Kohlmayr, GbR (die Verkaufenden) gelten f\u00fcr alle Vertr\u00e4ge \u00fcber Lieferungen von Waren, die ein:e Verbraucher:in oder Unternehmer:in (Kunde:in) mit dem Verk\u00e4ufer hinsichtlich der von P. &amp; C. | STUDIO CERAMICS | Peter Hochp\u00f6chler &amp; Christine [&hellip;]<\/p>\n","protected":false},"author":1,"featured_media":0,"parent":0,"menu_order":0,"comment_status":"closed","ping_status":"closed","template":"","meta":{"_et_pb_use_builder":"on","_et_pb_old_content":"","_et_gb_content_width":"","footnotes":""},"class_list":["post-2664","page","type-page","status-publish","hentry"],"jetpack_sharing_enabled":true,"_links":{"self":[{"href":"https:\/\/ceramics-studio.de\/en\/wp-json\/wp\/v2\/pages\/2664","targetHints":{"allow":["GET"]}}],"collection":[{"href":"https:\/\/ceramics-studio.de\/en\/wp-json\/wp\/v2\/pages"}],"about":[{"href":"https:\/\/ceramics-studio.de\/en\/wp-json\/wp\/v2\/types\/page"}],"author":[{"embeddable":true,"href":"https:\/\/ceramics-studio.de\/en\/wp-json\/wp\/v2\/users\/1"}],"replies":[{"embeddable":true,"href":"https:\/\/ceramics-studio.de\/en\/wp-json\/wp\/v2\/comments?post=2664"}],"version-history":[{"count":10,"href":"https:\/\/ceramics-studio.de\/en\/wp-json\/wp\/v2\/pages\/2664\/revisions"}],"predecessor-version":[{"id":5621,"href":"https:\/\/ceramics-studio.de\/en\/wp-json\/wp\/v2\/pages\/2664\/revisions\/5621"}],"wp:attachment":[{"href":"https:\/\/ceramics-studio.de\/en\/wp-json\/wp\/v2\/media?parent=2664"}],"curies":[{"name":"wp","href":"https:\/\/api.w.org\/{rel}","templated":true}]}}