{"id":337,"date":"2023-05-20T09:27:50","date_gmt":"2023-05-20T09:27:50","guid":{"rendered":"https:\/\/ceramics-studio.de\/?page_id=337"},"modified":"2026-02-07T11:11:28","modified_gmt":"2026-02-07T10:11:28","slug":"brennservice","status":"publish","type":"page","link":"https:\/\/ceramics-studio.de\/en\/brennservice\/","title":{"rendered":"Keramik Brennservice \u2013 We fire your master-pieces!"},"content":{"rendered":"<p>[et_pb_section fb_built=&#8220;1&#8243; _builder_version=&#8220;4.27.4&#8243; _module_preset=&#8220;default&#8220; background_enable_image=&#8220;off&#8220; background_position=&#8220;center_right&#8220; min_height_tablet=&#8220;&#8220; min_height_phone=&#8220;&#8220; min_height_last_edited=&#8220;on|phone&#8220; height_tablet=&#8220;&#8220; height_phone=&#8220;&#8220; height_last_edited=&#8220;on|phone&#8220; custom_padding=&#8220;||||false|false&#8220; global_colors_info=&#8220;{}&#8220;][et_pb_row column_structure=&#8220;1_2,1_2&#8243; _builder_version=&#8220;4.21.0&#8243; _module_preset=&#8220;default&#8220; global_colors_info=&#8220;{}&#8220;][et_pb_column type=&#8220;1_2&#8243; _builder_version=&#8220;4.21.0&#8243; _module_preset=&#8220;default&#8220; global_colors_info=&#8220;{}&#8220;][et_pb_text _builder_version=&#8220;4.27.4&#8243; _module_preset=&#8220;default&#8220; text_font=&#8220;PT Sans|600|||||||&#8220; text_text_color=&#8220;#FFFFFF&#8220; text_font_size=&#8220;34px&#8220; text_line_height=&#8220;1.1em&#8220; background_color=&#8220;RGBA(255,255,255,0)&#8220; background_enable_image=&#8220;off&#8220; background_size=&#8220;initial&#8220; global_colors_info=&#8220;{}&#8220;]<\/p>\n<p><span style=\"color: #000000;\"><span style=\"caret-color: #000000;\">Brennservice f\u00fcr Keramik<\/span><\/span><\/p>\n<p>[\/et_pb_text][et_pb_text _builder_version=&#8220;4.21.0&#8243; _module_preset=&#8220;default&#8220; text_font=&#8220;PT Sans||on||||||&#8220; text_text_color=&#8220;#FFFFFF&#8220; text_font_size=&#8220;30px&#8220; text_line_height=&#8220;1.1em&#8220; background_color=&#8220;RGBA(255,255,255,0)&#8220; background_enable_image=&#8220;off&#8220; background_size=&#8220;initial&#8220; custom_margin=&#8220;-30px||||false|false&#8220; global_colors_info=&#8220;{}&#8220;]<\/p>\n<p><span style=\"color: #000000;\"><span style=\"caret-color: #000000;\">in unserem Studio<\/span><\/span><\/p>\n<p>[\/et_pb_text][et_pb_text _builder_version=&#8220;4.24.3&#8243; _module_preset=&#8220;default&#8220; text_font=&#8220;PT Sans||||||||&#8220; text_text_color=&#8220;#000000&#8243; text_font_size=&#8220;17px&#8220; text_line_height=&#8220;1.3em&#8220; background_color=&#8220;RGBA(255,255,255,0)&#8220; background_enable_image=&#8220;off&#8220; background_size=&#8220;initial&#8220; global_colors_info=&#8220;{}&#8220;]<\/p>\n<p><span>In unserem Studio wird mit einem Brennofen der Firma <strong>Nabertherm<\/strong> gebrannt. Der Brennofen kann <strong>190 l<\/strong> fassen.<br \/><\/span><span style=\"font-size: 17px;\">Gerne brennen wir f\u00fcr dich deine get\u00f6pferten Werke. <\/span><strong style=\"font-size: 17px;\">Schr\u00fchbrand<\/strong><span style=\"font-size: 17px;\"> bei <\/span><strong style=\"font-size: 17px;\">950 Grad Celsius<\/strong><span style=\"font-size: 17px;\"> und <\/span><strong style=\"font-size: 17px;\">Glasurbrand<\/strong><span style=\"font-size: 17px;\"> bei<br \/><\/span><strong>1250 Grad Celsius<\/strong>.<\/p>\n<p><span><\/span><\/p>\n<div>\n<p><span>Die Werke m\u00fcssen gut durchgetrocknet sein, ca. 7\u20138 Tage, und sollten eine Wandst\u00e4rke von 2 cm nicht \u00fcberschreiten!<\/span><\/p>\n<p><span><strong>Informiere dich,<\/strong> <strong>wie hoch der Ton brennbar ist<\/strong>\u2013 beim Tonlieferanten oder auf der Verpackung. Teile uns diese Informationen bitte mit, z.B. indem du uns ein Foto von dem Aufkleber auf der Verpackung zeigst.<\/span><\/p>\n<p><span>Der Preis f\u00fcr den Brennservice deiner Werke wird vor dem Brand berechnet. Deine Werke werden vor dem Brennservice gewogen. Wir berechnen einen Mindestbetrag von \u20ac 2.<\/span><\/p>\n<\/div>\n<p>[\/et_pb_text][et_pb_text _builder_version=&#8220;4.27.4&#8243; _module_preset=&#8220;default&#8220; text_font=&#8220;PT Sans|600|||||||&#8220; text_text_color=&#8220;#FFFFFF&#8220; text_font_size=&#8220;34px&#8220; text_line_height=&#8220;1.1em&#8220; background_color=&#8220;RGBA(255,255,255,0)&#8220; background_enable_image=&#8220;off&#8220; background_size=&#8220;initial&#8220; global_colors_info=&#8220;{}&#8220;]<\/p>\n<p><span style=\"color: #000000;\"><span style=\"caret-color: #000000;\">Preise<\/span><\/span><\/p>\n<p>[\/et_pb_text][et_pb_text _builder_version=&#8220;4.22.0&#8243; _module_preset=&#8220;default&#8220; global_colors_info=&#8220;{}&#8220;]<\/p>\n<p><b><span>Schr\u00fch<\/span>brand \u00a0| <span>950\u00b0 C \u00a0| \u00a0\u20ac 6,\u2013 \/ kg<\/span><\/b><\/p>\n<p><b><span>Glasurbrand \u00a0| 1250\u00b0 C \u00a0| \u00a0\u20ac 8,\u2013 \/ kg<\/span><\/b><\/p>\n<p><strong>Glasur-Service \u00a0| \u00a0\u20ac 4 od. 8 \/ Stk. <\/strong>(je nach Gr\u00f6\u00dfe)<b><span><\/span><\/b><\/p>\n<p><b><span><\/span><\/b><\/p>\n<p>[\/et_pb_text][et_pb_text _builder_version=&#8220;4.27.5&#8243; _module_preset=&#8220;default&#8220; text_font=&#8220;PT Sans||||||||&#8220; text_text_color=&#8220;#000000&#8243; text_font_size=&#8220;17px&#8220; text_line_height=&#8220;1.3em&#8220; background_color=&#8220;RGBA(255,255,255,0)&#8220; background_enable_image=&#8220;off&#8220; background_size=&#8220;initial&#8220; hover_enabled=&#8220;0&#8243; global_colors_info=&#8220;{}&#8220; sticky_enabled=&#8220;0&#8243;]<\/p>\n<p>Falls deine St\u00fccke <strong>gr\u00f6\u00dfer<\/strong> oder <strong>volumin\u00f6ser<\/strong> sind, dann m\u00fcssen wir die Kosten f\u00fcr den Brennservice anders berechnen:<\/p>\n<p>Ein gesamtes Brennregal im Brennofen <strong>bis 20 cm<\/strong> H\u00f6he kostet dann f\u00fcr den<br \/><strong>Schr\u00fchbrand: 20,\u2013 \u20ac<\/strong><br \/><strong>Glasurbrand: 25,\u2013 \u20ac<\/strong><\/p>\n<p>Ein gesamtes Brennregal im Brennofen <strong>bis 30 cm<\/strong> H\u00f6he kostet dann f\u00fcr den<br \/><strong>Schr\u00fchbrand: 30,\u2013 \u20ac<\/strong><br \/><strong>Glasurbrand: 40,\u2013 \u20ac<\/strong><\/p>\n<p>&nbsp;<\/p>\n<p>[\/et_pb_text][\/et_pb_column][et_pb_column type=&#8220;1_2&#8243; _builder_version=&#8220;4.21.0&#8243; _module_preset=&#8220;default&#8220; global_colors_info=&#8220;{}&#8220;][et_pb_image src=&#8220;https:\/\/ceramics-studio.de\/wp-content\/uploads\/2024\/08\/Teekanne_rot_2.jpg&#8220; alt=&#8220;Teekanne, rot glasiert, von P. &#038; C. | STUDIO CERAMICS&#8220; title_text=&#8220;Teekanne_rot_2&#8243; align=&#8220;right&#8220; _builder_version=&#8220;4.27.0&#8243; _module_preset=&#8220;default&#8220; width=&#8220;100%&#8220; max_width=&#8220;100%&#8220; max_height=&#8220;670px&#8220; global_colors_info=&#8220;{}&#8220;][\/et_pb_image][et_pb_text _builder_version=&#8220;4.24.0&#8243; _module_preset=&#8220;default&#8220; text_font=&#8220;PT Sans||||||||&#8220; text_text_color=&#8220;#000000&#8243; text_font_size=&#8220;17px&#8220; text_line_height=&#8220;1.3em&#8220; background_color=&#8220;RGBA(255,255,255,0)&#8220; background_enable_image=&#8220;off&#8220; background_size=&#8220;initial&#8220; global_colors_info=&#8220;{}&#8220;]<\/p>\n<p><span>Die B\u00f6den deiner St\u00fccke sollten frei von Glasur sein. Wenn wir die B\u00f6den nachreinigen m\u00fcssen, entstehen zus\u00e4tzliche Kosten.<\/span><\/p>\n<p>Bitte verstehe, dass wir nicht genau sagen k\u00f6nnen, wann deine Werke gebrannt werden. Aus \u00f6konomischen und \u00f6kologischen Gr\u00fcnden wollen wir den Brennofen immer maximal f\u00fcllen. Wir bem\u00fchen uns aber, dass es nicht l\u00e4nger als 4 Wochen dauert.\u00a0<\/p>\n<p><strong><\/strong><\/p>\n<p><span style=\"font-size: small;\">Alle Preise sind inklusive Mehrwertsteuer. Falls Werke nach dem Brand gebrochen sind oder nicht deiner Vorstellung (z. Bsp. Glasur-Ergebnis) entsprechen, liegt das nicht in unserem Verantwortungsbereich. Wir haften daf\u00fcr nicht.<\/span><\/p>\n<p><span style=\"font-size: small;\"><i>Die Brennkosten schicken wir dir nach dem Brand per Mail. Wir bitten den Betrag <\/i><i>vor<\/i><i> der Abholung zu \u00fcberweisen. Falls du <\/i><i>bar<\/i><i> bezahlen m\u00f6chtest, nimm den Betrag bitte genau mit. Wir berechnen einen Mindestbetrag von \u20ac 2. <\/i><i>Danke.<\/i><\/span><\/p>\n<p><span style=\"font-size: small;\"><i>De<\/i><i>ine Werke k\u00f6nnen, nachdem du von uns via Mail benachrichtigt wurdest, bis zur Abholung 3 Wochen lang kostenlos gelagert werden. Ab dann entstehen \u20ac 1,\u2013 \u20ac\/Tag Lagerungsgeb\u00fchr, die bei Abholung zu zahlen sind.<\/i><\/span><\/p>\n<p><span style=\"font-size: small;\">Wir nutzen selbst hergestellte Glasuren und Glasuren der Firma <a href=\"https:\/\/www.carl-jaeger.de\" target=\"_blank\" rel=\"noopener\">Carl J\u00e4ger Tonindustriebedarf GmbH<\/a>.<\/span><\/p>\n<p><span style=\"font-size: small;\"><\/span><\/p>\n<p>[\/et_pb_text][\/et_pb_column][\/et_pb_row][\/et_pb_section][et_pb_section fb_built=&#8220;1&#8243; custom_padding_last_edited=&#8220;on|phone&#8220; _builder_version=&#8220;4.26.1&#8243; _module_preset=&#8220;default&#8220; background_color=&#8220;rgba(0,0,0,0.47)&#8220; width_tablet=&#8220;&#8220; width_phone=&#8220;&#8220; width_last_edited=&#8220;on|phone&#8220; max_width_tablet=&#8220;&#8220; max_width_phone=&#8220;&#8220; max_width_last_edited=&#8220;on|phone&#8220; min_height_tablet=&#8220;&#8220; min_height_phone=&#8220;&#8220; min_height_last_edited=&#8220;on|tablet&#8220; height_tablet=&#8220;&#8220; height_phone=&#8220;&#8220; height_last_edited=&#8220;on|phone&#8220; max_height_tablet=&#8220;&#8220; max_height_phone=&#8220;&#8220; max_height_last_edited=&#8220;on|phone&#8220; custom_margin=&#8220;||||false|false&#8220; custom_margin_tablet=&#8220;||||false|false&#8220; custom_margin_phone=&#8220;0px||||false|false&#8220; custom_margin_last_edited=&#8220;on|tablet&#8220; custom_padding=&#8220;||0px||false|false&#8220; custom_padding_tablet=&#8220;||0px||false|false&#8220; custom_padding_phone=&#8220;20px||0px||false|false&#8220; global_module=&#8220;1440&#8243; saved_tabs=&#8220;all&#8220; global_colors_info=&#8220;{}&#8220;][et_pb_row column_structure=&#8220;1_4,1_4,1_4,1_4&#8243; use_custom_gutter=&#8220;on&#8220; gutter_width=&#8220;1&#8243; custom_padding_last_edited=&#8220;on|desktop&#8220; _builder_version=&#8220;4.23.1&#8243; _module_preset=&#8220;default&#8220; width=&#8220;100%&#8220; width_tablet=&#8220;80%&#8220; width_phone=&#8220;80%&#8220; width_last_edited=&#8220;on|tablet&#8220; max_width_tablet=&#8220;&#8220; max_width_phone=&#8220;&#8220; max_width_last_edited=&#8220;on|desktop&#8220; custom_margin=&#8220;||||false|false&#8220; custom_margin_tablet=&#8220;||||false|false&#8220; custom_margin_phone=&#8220;||||false|false&#8220; custom_margin_last_edited=&#8220;on|tablet&#8220; custom_padding=&#8220;20px||||false|false&#8220; custom_padding_tablet=&#8220;||||false|false&#8220; custom_padding_phone=&#8220;19px|19px||15px|false|false&#8220; global_colors_info=&#8220;{}&#8220;][et_pb_column type=&#8220;1_4&#8243; _builder_version=&#8220;4.22.0&#8243; _module_preset=&#8220;default&#8220; custom_padding=&#8220;||||false|false&#8220; custom_padding_tablet=&#8220;||27px||false|false&#8220; custom_padding_phone=&#8220;||27px||false|false&#8220; custom_padding_last_edited=&#8220;on|tablet&#8220; global_colors_info=&#8220;{}&#8220;][et_pb_text _builder_version=&#8220;4.25.1&#8243; _module_preset=&#8220;default&#8220; text_font=&#8220;PT Sans||||||||&#8220; text_text_color=&#8220;#FFFFFF&#8220; width=&#8220;100%&#8220; width_tablet=&#8220;100%&#8220; width_phone=&#8220;100%&#8220; width_last_edited=&#8220;on|tablet&#8220; max_width=&#8220;60%&#8220; max_width_tablet=&#8220;60%&#8220; max_width_phone=&#8220;60%&#8220; max_width_last_edited=&#8220;on|desktop&#8220; custom_margin=&#8220;||||false|false&#8220; custom_padding=&#8220;||||false|false&#8220; global_colors_info=&#8220;{}&#8220;]<\/p>\n<p><strong>Christine Kohlmayr M.A., Mag. phil<br \/>Peter Hochp\u00f6chler M.F.A.<\/strong><strong><\/strong><\/p>\n<p><strong><\/strong><\/p>\n<p><strong><\/strong><\/p>\n<p>[\/et_pb_text][et_pb_text _builder_version=&#8220;4.27.4&#8243; _module_preset=&#8220;default&#8220; global_colors_info=&#8220;{}&#8220;]<\/p>\n<p><span style=\"color: rgba(255, 255, 255, 0.55);\"><b>\u00d6ffnungszeiten:\u00a0<\/b><\/span><\/p>\n<p><span style=\"color: rgba(0, 0, 0, 0.6);\"><b style=\"font-size: 15px;\"><\/b><\/span><\/p>\n<p><span style=\"color: rgba(0, 0, 0, 0.6);\"><b style=\"font-size: 15px;\">Mittwoch: 14\u201320 Uhr<br \/><\/b><b style=\"font-size: 15px;\">Donnerstag: 13\u201318 Uhr<br \/>Samstag und Sonntag: <\/b><b>13\u201317 Uhr<\/b><\/span><\/p>\n<p><span style=\"color: rgba(0, 0, 0, 0.6);\"><b style=\"font-size: 15px;\"><b>Montag, Dienstag und Freitag geschlossen \u2013<\/b><\/b><br \/>nur f\u00fcr Kurse und nach<br \/>Vereinbarung ge\u00f6ffnet.<\/span><\/p>\n<h4><\/h4>\n<p>&nbsp;<\/p>\n<p><span style=\"color: rgba(0, 0, 0, 0.6);\"><\/span><\/p>\n<p>&nbsp;<\/p>\n<p>&nbsp;<\/p>\n<p><b><\/b><\/p>\n<p>[\/et_pb_text][\/et_pb_column][et_pb_column type=&#8220;1_4&#8243; _builder_version=&#8220;4.27.4&#8243; _module_preset=&#8220;default&#8220; global_colors_info=&#8220;{}&#8220;][\/et_pb_column][et_pb_column type=&#8220;1_4&#8243; _builder_version=&#8220;4.21.0&#8243; _module_preset=&#8220;default&#8220; global_colors_info=&#8220;{}&#8220;][et_pb_text _builder_version=&#8220;4.23.1&#8243; _module_preset=&#8220;default&#8220; text_text_color=&#8220;#FFFFFF&#8220; custom_margin=&#8220;||||false|false&#8220; global_colors_info=&#8220;{}&#8220;]<\/p>\n<p>Wiebestra\u00dfe 40<\/p>\n<p>10553 Berlin<\/p>\n<p>buchungen@ceramics-studio.de<\/p>\n<p>&nbsp;<\/p>\n<p>[\/et_pb_text][\/et_pb_column][et_pb_column type=&#8220;1_4&#8243; _builder_version=&#8220;4.21.0&#8243; _module_preset=&#8220;default&#8220; global_colors_info=&#8220;{}&#8220;][et_pb_button button_url=&#8220;mailto:buchungen@ceramics-studio.de&#8220; button_text=&#8220;Kontakt | Email schreiben&#8220; button_alignment=&#8220;right&#8220; _builder_version=&#8220;4.23.1&#8243; _module_preset=&#8220;default&#8220; custom_button=&#8220;on&#8220; button_text_size=&#8220;16px&#8220; button_text_color=&#8220;#FFFFFF&#8220; button_border_width=&#8220;1px&#8220; button_border_color=&#8220;#FFFFFF&#8220; button_border_radius=&#8220;0px&#8220; button_icon=&#8220;&#x3d;||divi||400&#8243; global_colors_info=&#8220;{}&#8220;][\/et_pb_button][et_pb_text _builder_version=&#8220;4.27.4&#8243; _module_preset=&#8220;default&#8220; text_font=&#8220;PT Sans|700|||||||&#8220; text_text_color=&#8220;#FFFFFF&#8220; text_line_height=&#8220;1.8em&#8220; text_orientation=&#8220;right&#8220; custom_margin=&#8220;7px||||false|false&#8220; global_colors_info=&#8220;{}&#8220;]<\/p>\n<p><a href=\"\/agb\">AGB<\/a><br \/><a href=\"\/impressum\/\">Impressum<\/a><br \/><a href=\"\/datenschutzerklaerung\/\">Datenschutzerkl\u00e4rung<\/a><\/p>\n<p>[\/et_pb_text][et_pb_text _builder_version=&#8220;4.27.0&#8243; _module_preset=&#8220;default&#8220; text_font=&#8220;&#8211;et_global_body_font|600|||||||&#8220; text_text_color=&#8220;#FFFFFF&#8220; text_font_size=&#8220;10px&#8220; text_orientation=&#8220;right&#8220; custom_margin=&#8220;134px||||false|false&#8220; global_colors_info=&#8220;{}&#8220;]<\/p>\n<p>Copyright 2024, Peter Hochp\u00f6chler &amp; Christine Kohlmayr<\/p>\n<p>[\/et_pb_text][\/et_pb_column][\/et_pb_row][\/et_pb_section][et_pb_section fb_built=&#8220;1&#8243; _builder_version=&#8220;4.25.1&#8243; _module_preset=&#8220;default&#8220; global_colors_info=&#8220;{}&#8220;][et_pb_row _builder_version=&#8220;4.25.1&#8243; _module_preset=&#8220;default&#8220; global_colors_info=&#8220;{}&#8220;][et_pb_column type=&#8220;4_4&#8243; _builder_version=&#8220;4.25.1&#8243; _module_preset=&#8220;default&#8220; global_colors_info=&#8220;{}&#8220;][et_pb_icon font_icon=&#8220;&#xe09a;||divi||400&#8243; icon_width=&#8220;47px&#8220; url=&#8220;https:\/\/www.instagram.com\/_p_c_studio_ceramics\/?img_index=1&#8243; align=&#8220;left&#8220; _builder_version=&#8220;4.25.1&#8243; _module_preset=&#8220;default&#8220; global_colors_info=&#8220;{}&#8220;][\/et_pb_icon][\/et_pb_column][\/et_pb_row][\/et_pb_section]<\/p>\n","protected":false},"excerpt":{"rendered":"<p>Keramik Brennservice | Wir brennen deine Keramik<\/p>","protected":false},"author":1,"featured_media":1532,"parent":0,"menu_order":0,"comment_status":"closed","ping_status":"closed","template":"","meta":{"_et_pb_use_builder":"on","_et_pb_old_content":"","_et_gb_content_width":"","footnotes":""},"class_list":["post-337","page","type-page","status-publish","has-post-thumbnail","hentry"],"jetpack_sharing_enabled":true,"_links":{"self":[{"href":"https:\/\/ceramics-studio.de\/en\/wp-json\/wp\/v2\/pages\/337","targetHints":{"allow":["GET"]}}],"collection":[{"href":"https:\/\/ceramics-studio.de\/en\/wp-json\/wp\/v2\/pages"}],"about":[{"href":"https:\/\/ceramics-studio.de\/en\/wp-json\/wp\/v2\/types\/page"}],"author":[{"embeddable":true,"href":"https:\/\/ceramics-studio.de\/en\/wp-json\/wp\/v2\/users\/1"}],"replies":[{"embeddable":true,"href":"https:\/\/ceramics-studio.de\/en\/wp-json\/wp\/v2\/comments?post=337"}],"version-history":[{"count":10,"href":"https:\/\/ceramics-studio.de\/en\/wp-json\/wp\/v2\/pages\/337\/revisions"}],"predecessor-version":[{"id":5948,"href":"https:\/\/ceramics-studio.de\/en\/wp-json\/wp\/v2\/pages\/337\/revisions\/5948"}],"wp:featuredmedia":[{"embeddable":true,"href":"https:\/\/ceramics-studio.de\/en\/wp-json\/wp\/v2\/media\/1532"}],"wp:attachment":[{"href":"https:\/\/ceramics-studio.de\/en\/wp-json\/wp\/v2\/media?parent=337"}],"curies":[{"name":"wp","href":"https:\/\/api.w.org\/{rel}","templated":true}]}}