{"id":3675,"date":"2024-10-11T13:57:05","date_gmt":"2024-10-11T11:57:05","guid":{"rendered":"https:\/\/ceramics-studio.de\/?page_id=3675"},"modified":"2024-10-15T16:24:20","modified_gmt":"2024-10-15T14:24:20","slug":"selbermachen-leichtgemacht","status":"publish","type":"page","link":"https:\/\/ceramics-studio.de\/en\/selbermachen-leichtgemacht\/","title":{"rendered":"Selbermachen leichtgemacht: DIY-Kurse \u2013 Keramik und Drucken"},"content":{"rendered":"<p>[et_pb_section fb_built=&#8220;1&#8243; _builder_version=&#8220;4.27.0&#8243; _module_preset=&#8220;default&#8220; global_colors_info=&#8220;{}&#8220;][et_pb_row _builder_version=&#8220;4.27.0&#8243; _module_preset=&#8220;default&#8220; global_colors_info=&#8220;{}&#8220;][et_pb_column type=&#8220;4_4&#8243; _builder_version=&#8220;4.27.0&#8243; _module_preset=&#8220;default&#8220; global_colors_info=&#8220;{}&#8220;][et_pb_text _builder_version=&#8220;4.27.0&#8243; _module_preset=&#8220;default&#8220; text_font=&#8220;Sorts Mill Goudy||||||||&#8220; text_font_size=&#8220;57px&#8220; text_line_height=&#8220;1em&#8220; custom_margin=&#8220;||||false|false&#8220; border_color_all=&#8220;#E02B20&#8243; global_colors_info=&#8220;{}&#8220;]<\/p>\n<p><i>Do it yourself! Geschenke aus Keramik&#8230; und mehr<\/i><\/p>\n<p>[\/et_pb_text][et_pb_heading title=&#8220;Selbermachen leichtgemacht&#8220; _builder_version=&#8220;4.27.0&#8243; _module_preset=&#8220;f0c675ea-2574-4d0e-b725-30f8550a8550&#8243; title_level=&#8220;h4&#8243; title_font=&#8220;Open Sans|Cormorant_weight||on|||||&#8220; title_text_color=&#8220;#2e5266&#8243; title_font_size=&#8220;14px&#8220; title_letter_spacing=&#8220;1px&#8220; title_line_height=&#8220;1.4em&#8220; custom_margin=&#8220;||10px||false|false&#8220; title_font_size_tablet=&#8220;13px&#8220; title_font_size_phone=&#8220;13px&#8220; title_font_size_last_edited=&#8220;on|desktop&#8220; locked=&#8220;off&#8220; global_colors_info=&#8220;{%22#2e5266%22:%91%22title_text_color%22%93}&#8220;][\/et_pb_heading][et_pb_text _builder_version=&#8220;4.27.0&#8243; _module_preset=&#8220;default&#8220; global_colors_info=&#8220;{}&#8220;]<\/p>\n<p><strong>Damit das T\u00f6pfern und Drucken zu Hause zum Kinderspiel wird \u2013 zeigen wir dir in unseren kreativen DIY-Workshops f\u00fcr Erwachsene die wichtigsten Schritte und Tricks, damit du deine zuk\u00fcnftigen Geschenke aus Keramik und Papier ohne Probleme selbst herstellen kannst. <br \/><\/strong>Wir geben euch in unseren Kreativkursen praktisches Wissen rund um die T\u00f6pferei, Keramik und Drucken weiter \u2013 ihr stellt eure ersten Werke unter unserer professionellen Begleitung her und sammelt das n\u00f6tige Know-How zum T\u00f6pfern und Drucken zuhause. Schalen, Teller, Becher, Vasen und Bilder &#8230; einfach alles, was man so auf den Tisch stellen, ins Regal legen oder an die Wand h\u00e4ngen kann. Und vor allem: Was sich als geniales und individuelles Geschenk an eure Liebsten weitergeben l\u00e4sst. \u00a0F\u00fcr all die Gef\u00e4\u00dfe, die ihr zuhause fertigstellt, bieten wir euch unser <a href=\"\/brennservice\">Brennservice<\/a> an. \u00a0<\/p>\n<p>[\/et_pb_text][et_pb_shop type=&#8220;product_category&#8220; include_categories=&#8220;64&#8243; orderby=&#8220;menu_order&#8220; _builder_version=&#8220;4.27.2&#8243; _module_preset=&#8220;default&#8220; title_font=&#8220;|600|||||||&#8220; custom_margin=&#8220;42px||||false|false&#8220; global_colors_info=&#8220;{}&#8220;][\/et_pb_shop][\/et_pb_column][\/et_pb_row][\/et_pb_section]<\/p>\n","protected":false},"excerpt":{"rendered":"<p>Do it yourself! Geschenke aus Keramik&#8230; und mehrDamit das T\u00f6pfern und Drucken zu Hause zum Kinderspiel wird \u2013 zeigen wir dir in unseren kreativen DIY-Workshops f\u00fcr Erwachsene die wichtigsten Schritte und Tricks, damit du deine zuk\u00fcnftigen Geschenke aus Keramik und Papier ohne Probleme selbst herstellen kannst. Wir geben euch in unseren Kreativkursen praktisches Wissen rund [&hellip;]<\/p>\n","protected":false},"author":3,"featured_media":3920,"parent":0,"menu_order":0,"comment_status":"closed","ping_status":"closed","template":"","meta":{"_et_pb_use_builder":"on","_et_pb_old_content":"","_et_gb_content_width":"","footnotes":""},"class_list":["post-3675","page","type-page","status-publish","has-post-thumbnail","hentry"],"jetpack_sharing_enabled":true,"_links":{"self":[{"href":"https:\/\/ceramics-studio.de\/en\/wp-json\/wp\/v2\/pages\/3675","targetHints":{"allow":["GET"]}}],"collection":[{"href":"https:\/\/ceramics-studio.de\/en\/wp-json\/wp\/v2\/pages"}],"about":[{"href":"https:\/\/ceramics-studio.de\/en\/wp-json\/wp\/v2\/types\/page"}],"author":[{"embeddable":true,"href":"https:\/\/ceramics-studio.de\/en\/wp-json\/wp\/v2\/users\/3"}],"replies":[{"embeddable":true,"href":"https:\/\/ceramics-studio.de\/en\/wp-json\/wp\/v2\/comments?post=3675"}],"version-history":[{"count":0,"href":"https:\/\/ceramics-studio.de\/en\/wp-json\/wp\/v2\/pages\/3675\/revisions"}],"wp:featuredmedia":[{"embeddable":true,"href":"https:\/\/ceramics-studio.de\/en\/wp-json\/wp\/v2\/media\/3920"}],"wp:attachment":[{"href":"https:\/\/ceramics-studio.de\/en\/wp-json\/wp\/v2\/media?parent=3675"}],"curies":[{"name":"wp","href":"https:\/\/api.w.org\/{rel}","templated":true}]}}