{"id":3864,"date":"2024-10-11T13:20:44","date_gmt":"2024-10-11T11:20:44","guid":{"rendered":"https:\/\/ceramics-studio.de\/?page_id=3864"},"modified":"2024-11-04T14:24:05","modified_gmt":"2024-11-04T13:24:05","slug":"gutscheine","status":"publish","type":"page","link":"https:\/\/ceramics-studio.de\/en\/gutscheine\/","title":{"rendered":"Gutscheine f\u00fcr T\u00f6pferkurse in Berlin + Keramik"},"content":{"rendered":"<p>[et_pb_section fb_built=&#8220;1&#8243; _builder_version=&#8220;4.27.0&#8243; _module_preset=&#8220;default&#8220; global_colors_info=&#8220;{}&#8220;][et_pb_row _builder_version=&#8220;4.27.2&#8243; _module_preset=&#8220;default&#8220; global_colors_info=&#8220;{}&#8220;][et_pb_column type=&#8220;4_4&#8243; _builder_version=&#8220;4.27.2&#8243; _module_preset=&#8220;default&#8220; global_colors_info=&#8220;{}&#8220;][et_pb_text _builder_version=&#8220;4.27.2&#8243; _module_preset=&#8220;default&#8220; text_font=&#8220;Sorts Mill Goudy||||||||&#8220; text_font_size=&#8220;57px&#8220; text_line_height=&#8220;1em&#8220; custom_margin=&#8220;||61px||false|false&#8220; border_color_all=&#8220;#E02B20&#8243; global_colors_info=&#8220;{}&#8220;]<\/p>\n<p><i>Gutscheine &#8230; zum Verschenken<\/i><\/p>\n<p>[\/et_pb_text][et_pb_divider divider_position=&#8220;bottom&#8220; divider_weight=&#8220;25px&#8220; _builder_version=&#8220;4.27.2&#8243; _module_preset=&#8220;default&#8220; width=&#8220;30%&#8220; width_tablet=&#8220;30%&#8220; width_phone=&#8220;30%&#8220; width_last_edited=&#8220;on|phone&#8220; global_colors_info=&#8220;{}&#8220; locked=&#8220;off&#8220;][\/et_pb_divider][et_pb_text _builder_version=&#8220;4.27.2&#8243; _module_preset=&#8220;default&#8220; global_colors_info=&#8220;{}&#8220;]<\/p>\n<p><strong>Du willst einer Person mit einem Gutschein eine unvergessliche Freude machen?<br \/><\/strong>Die beschenkte Person kann ihn f\u00fcr einen T\u00f6pferkurs oder auch beim Kauf eines Produkts aus unserem Shop einl\u00f6sen.<strong><br \/><\/strong><\/p>\n<p>Ganz einfach: w\u00e4hle und kaufe einen dieser Geschenkgutscheine:<\/p>\n<p>[\/et_pb_text][\/et_pb_column][\/et_pb_row][et_pb_row _builder_version=&#8220;4.27.0&#8243; _module_preset=&#8220;default&#8220; global_colors_info=&#8220;{}&#8220;][et_pb_column type=&#8220;4_4&#8243; _builder_version=&#8220;4.27.0&#8243; _module_preset=&#8220;default&#8220; global_colors_info=&#8220;{}&#8220;][et_pb_shop type=&#8220;product_category&#8220; include_categories=&#8220;58&#8243; _builder_version=&#8220;4.27.2&#8243; _module_preset=&#8220;default&#8220; title_font=&#8220;|600|||||||&#8220; global_colors_info=&#8220;{}&#8220;][\/et_pb_shop][\/et_pb_column][\/et_pb_row][et_pb_row _builder_version=&#8220;4.27.2&#8243; _module_preset=&#8220;default&#8220; global_colors_info=&#8220;{}&#8220;][et_pb_column type=&#8220;4_4&#8243; _builder_version=&#8220;4.27.2&#8243; _module_preset=&#8220;default&#8220; global_colors_info=&#8220;{}&#8220;][et_pb_text _builder_version=&#8220;4.27.2&#8243; _module_preset=&#8220;default&#8220; custom_margin=&#8220;-20px||||false|false&#8220; global_colors_info=&#8220;{}&#8220;]<\/p>\n<p><span style=\"font-size: 15px;\">Gutscheine k\u00f6nnen hier bestellt oder auch bei uns <\/span><strong style=\"font-size: 15px;\">im Studio<\/strong><span style=\"font-size: 15px;\"> in der <\/span><strong style=\"font-size: 15px;\">Wiebestra\u00dfe 40<\/strong><span style=\"font-size: 15px;\">, 10553 gekauft werden.<\/span><br \/><em><\/em><\/p>\n<p><span style=\"font-size: small;\">Wir aktualisieren unsere Kurstermine regelm\u00e4\u00dfig.<\/span><span> <\/span><span style=\"font-size: small;\">Du findest keinen passenden Termin?<\/span><br \/><span style=\"font-size: small;\">Schreib uns eine Email: <a href=\"mailto:buchungen@ceramics-studio.de\">buchungen@ceramics-studio.de<\/a><\/span><\/p>\n<p>[\/et_pb_text][\/et_pb_column][\/et_pb_row][\/et_pb_section]<\/p>\n","protected":false},"excerpt":{"rendered":"<p>Gutscheine &#8230; zum VerschenkenDu willst einer Person mit einem Gutschein eine unvergessliche Freude machen?Die beschenkte Person kann ihn f\u00fcr einen T\u00f6pferkurs oder auch beim Kauf eines Produkts aus unserem Shop einl\u00f6sen. Ganz einfach: w\u00e4hle und kaufe einen dieser Geschenkgutscheine:Gutscheine k\u00f6nnen hier bestellt oder auch bei uns im Studio in der Wiebestra\u00dfe 40, 10553 gekauft werden. [&hellip;]<\/p>\n","protected":false},"author":3,"featured_media":3515,"parent":0,"menu_order":0,"comment_status":"closed","ping_status":"closed","template":"","meta":{"_et_pb_use_builder":"on","_et_pb_old_content":"","_et_gb_content_width":"","footnotes":""},"class_list":["post-3864","page","type-page","status-publish","has-post-thumbnail","hentry"],"jetpack_sharing_enabled":true,"_links":{"self":[{"href":"https:\/\/ceramics-studio.de\/en\/wp-json\/wp\/v2\/pages\/3864","targetHints":{"allow":["GET"]}}],"collection":[{"href":"https:\/\/ceramics-studio.de\/en\/wp-json\/wp\/v2\/pages"}],"about":[{"href":"https:\/\/ceramics-studio.de\/en\/wp-json\/wp\/v2\/types\/page"}],"author":[{"embeddable":true,"href":"https:\/\/ceramics-studio.de\/en\/wp-json\/wp\/v2\/users\/3"}],"replies":[{"embeddable":true,"href":"https:\/\/ceramics-studio.de\/en\/wp-json\/wp\/v2\/comments?post=3864"}],"version-history":[{"count":0,"href":"https:\/\/ceramics-studio.de\/en\/wp-json\/wp\/v2\/pages\/3864\/revisions"}],"wp:featuredmedia":[{"embeddable":true,"href":"https:\/\/ceramics-studio.de\/en\/wp-json\/wp\/v2\/media\/3515"}],"wp:attachment":[{"href":"https:\/\/ceramics-studio.de\/en\/wp-json\/wp\/v2\/media?parent=3864"}],"curies":[{"name":"wp","href":"https:\/\/api.w.org\/{rel}","templated":true}]}}