{"id":400,"date":"2023-05-26T15:28:37","date_gmt":"2023-05-26T15:28:37","guid":{"rendered":"https:\/\/ceramics-studio.de\/?page_id=400"},"modified":"2024-11-04T12:59:23","modified_gmt":"2024-11-04T11:59:23","slug":"events-2","status":"publish","type":"page","link":"https:\/\/ceramics-studio.de\/en\/events-2\/","title":{"rendered":"Mit dem T\u00f6pferkurs-Event zum gemeinsamen Abenteuer."},"content":{"rendered":"<p>[et_pb_section fb_built=&#8220;1&#8243; _builder_version=&#8220;4.22.0&#8243; _module_preset=&#8220;default&#8220; global_colors_info=&#8220;{}&#8220;][et_pb_row column_structure=&#8220;1_3,1_3,1_3&#8243; _builder_version=&#8220;4.21.0&#8243; _module_preset=&#8220;default&#8220; global_colors_info=&#8220;{}&#8220;][et_pb_column type=&#8220;1_3&#8243; _builder_version=&#8220;4.21.0&#8243; _module_preset=&#8220;default&#8220; global_colors_info=&#8220;{}&#8220;][et_pb_image src=&#8220;https:\/\/ceramics-studio.de\/wp-content\/uploads\/2024\/08\/IMG_5364.jpg&#8220; alt=&#8220;Drehscheibe der Firma Rohde mit bunten Hockern im Studio von P. &#038; C. | STUDIO CERAMICS. Das Foto hat dieselbe Licht-Stimmung wie ein Gem\u00e4lde Vermeers&#8220; title_text=&#8220;Arbeitsraum_Studio_2&#8243; url=&#8220;\/events_gruppen\/&#8220; _builder_version=&#8220;4.27.0&#8243; _module_preset=&#8220;default&#8220; global_colors_info=&#8220;{}&#8220;][\/et_pb_image][et_pb_text _builder_version=&#8220;4.24.0&#8243; _module_preset=&#8220;default&#8220; text_font=&#8220;PT Sans|600|||||||&#8220; text_text_color=&#8220;#000000&#8243; text_font_size=&#8220;34px&#8220; text_line_height=&#8220;1.1em&#8220; background_color=&#8220;RGBA(255,255,255,0)&#8220; background_enable_image=&#8220;off&#8220; background_size=&#8220;initial&#8220; link_option_url=&#8220;\/events_gruppen\/&#8220; global_colors_info=&#8220;{}&#8220;]<\/p>\n<p>Gruppen-T\u00f6pfer-Event<\/p>\n<p>[\/et_pb_text][et_pb_text _builder_version=&#8220;4.27.2&#8243; _module_preset=&#8220;default&#8220; text_font=&#8220;PT Sans||on||||||&#8220; text_text_color=&#8220;#FFFFFF&#8220; text_font_size=&#8220;30px&#8220; text_line_height=&#8220;1.1em&#8220; background_color=&#8220;RGBA(255,255,255,0)&#8220; background_enable_image=&#8220;off&#8220; background_size=&#8220;initial&#8220; custom_margin=&#8220;-28px||||false|false&#8220; global_colors_info=&#8220;{}&#8220;]<\/p>\n<p><span style=\"color: #000000;\"><span style=\"caret-color: #000000;\">f\u00fcr bis zu 10 Personen<\/span><\/span><\/p>\n<p>[\/et_pb_text][et_pb_text _builder_version=&#8220;4.23.1&#8243; _module_preset=&#8220;default&#8220; text_font=&#8220;PT Sans||||||||&#8220; text_text_color=&#8220;#000000&#8243; text_font_size=&#8220;17px&#8220; text_line_height=&#8220;1.3em&#8220; background_color=&#8220;RGBA(255,255,255,0)&#8220; background_enable_image=&#8220;off&#8220; background_size=&#8220;initial&#8220; global_colors_info=&#8220;{}&#8220;]<\/p>\n<p><span>M\u00f6chten Sie mit ArbeitskollegInnen oder Freunden gemeinsam bei einem T\u00f6pferkurs-Event ein einzigartiges Erlebnis mit dem Material Ton erfahren? Bis zu 5 Personen an der Drehscheibe oder 8 Personen an Handaufbau-Arbeitspl\u00e4tzen sind m\u00f6glich.<br \/><a href=\"\/kurse\/\">Hier<\/a> kannst du auch unsere <a href=\"\/kurse\/\">Kurse<\/a> f\u00fcr die Gruppe buchen.<\/span><\/p>\n<p>[\/et_pb_text][et_pb_image src=&#8220;https:\/\/ceramics-studio.de\/wp-content\/uploads\/2024\/08\/IMG_6456-1.jpg&#8220; alt=&#8220;Sch\u00fcssel aus Steinzeug-Keramik von P. &#038; C. | STUDIO CERAMICS&#8220; title_text=&#8220;Bowl_white&#8220; _builder_version=&#8220;4.27.0&#8243; _module_preset=&#8220;default&#8220; global_colors_info=&#8220;{}&#8220;][\/et_pb_image][et_pb_text _builder_version=&#8220;4.22.0&#8243; _module_preset=&#8220;default&#8220; text_font=&#8220;PT Sans|600|||||||&#8220; text_text_color=&#8220;#FFFFFF&#8220; text_font_size=&#8220;34px&#8220; text_line_height=&#8220;1.1em&#8220; background_color=&#8220;RGBA(255,255,255,0)&#8220; background_enable_image=&#8220;off&#8220; background_size=&#8220;initial&#8220; global_colors_info=&#8220;{}&#8220;]<\/p>\n<p><span style=\"color: #000000;\"><span style=\"caret-color: #000000;\">Babyshower<\/span><\/span><\/p>\n<p>[\/et_pb_text][et_pb_text _builder_version=&#8220;4.23.1&#8243; _module_preset=&#8220;default&#8220; text_font=&#8220;PT Sans||||||||&#8220; text_text_color=&#8220;#000000&#8243; text_font_size=&#8220;17px&#8220; text_line_height=&#8220;1.3em&#8220; background_color=&#8220;RGBA(255,255,255,0)&#8220; background_enable_image=&#8220;off&#8220; background_size=&#8220;initial&#8220; global_colors_info=&#8220;{}&#8220;]<\/p>\n<p><span>Ein Baby kommt auf die Welt und bereichert unser Leben. Als Willkommensgeschenk ein selbstkreiertes Geschirr? In einem T\u00f6pferkurs-Event sind der Phantasie keine Grenzen gesetzt. <\/span><\/p>\n<p><span style=\"font-size: small;\">Bei Interesse schreib uns eine Email: <\/span><br \/><span style=\"font-size: small;\"><a href=\"mailto:buchungen@ceramics-studio.de\">buchungen@ceramics-studio.de<\/a><\/span><\/p>\n<p>&nbsp;<\/p>\n<p>[\/et_pb_text][\/et_pb_column][et_pb_column type=&#8220;1_3&#8243; _builder_version=&#8220;4.21.0&#8243; _module_preset=&#8220;default&#8220; global_colors_info=&#8220;{}&#8220;][et_pb_image src=&#8220;https:\/\/ceramics-studio.de\/wp-content\/uploads\/2024\/08\/IMG_7891.jpg&#8220; alt=&#8220;Eine Tasse, die im Kinderkurs von einer 7j\u00e4hrigen Person gestaltet wurde. Bei uns im Studio : P. &#038; C. | STUDIO CERAMICS&#8220; title_text=&#8220;IMG_7891&#8243; _builder_version=&#8220;4.27.0&#8243; _module_preset=&#8220;default&#8220; global_colors_info=&#8220;{}&#8220;][\/et_pb_image][et_pb_text _builder_version=&#8220;4.22.0&#8243; _module_preset=&#8220;default&#8220; text_font=&#8220;PT Sans|600|||||||&#8220; text_text_color=&#8220;#FFFFFF&#8220; text_font_size=&#8220;34px&#8220; text_line_height=&#8220;1.1em&#8220; background_color=&#8220;RGBA(255,255,255,0)&#8220; background_enable_image=&#8220;off&#8220; background_size=&#8220;initial&#8220; global_colors_info=&#8220;{}&#8220;]<\/p>\n<p><span style=\"color: #000000;\"><span style=\"caret-color: #000000;\">Kinderevents<\/span><\/span><\/p>\n<p>[\/et_pb_text][et_pb_text _builder_version=&#8220;4.27.2&#8243; _module_preset=&#8220;default&#8220; text_font=&#8220;PT Sans||on||||||&#8220; text_text_color=&#8220;#FFFFFF&#8220; text_font_size=&#8220;30px&#8220; text_line_height=&#8220;1.1em&#8220; background_color=&#8220;RGBA(255,255,255,0)&#8220; background_enable_image=&#8220;off&#8220; background_size=&#8220;initial&#8220; custom_margin=&#8220;-28px||||false|false&#8220; global_colors_info=&#8220;{}&#8220;]<\/p>\n<p><span style=\"color: #000000;\"><span style=\"caret-color: #000000;\">f\u00fcr bis zu 10 Kinder<\/span><\/span><\/p>\n<p>[\/et_pb_text][et_pb_text _builder_version=&#8220;4.23.1&#8243; _module_preset=&#8220;default&#8220; text_font=&#8220;PT Sans||||||||&#8220; text_text_color=&#8220;#000000&#8243; text_font_size=&#8220;17px&#8220; text_line_height=&#8220;1.3em&#8220; background_color=&#8220;RGBA(255,255,255,0)&#8220; background_enable_image=&#8220;off&#8220; background_size=&#8220;initial&#8220; global_colors_info=&#8220;{}&#8220;]<\/p>\n<p><span>Halloween, Laternenfest, Nikolaus, Weihnachten, <\/span><span>Geburtstage, &#8230; <\/span><span>viele besondere Tage und Zeiten zum Feiern. <\/span><span style=\"font-size: 17px;\">Aber auch die M\u00f6glichkeit f\u00fcr Mamas, Papas, Omas, Opas und andere geliebte Menschen bei einem T\u00f6pferkurs-Event ein besonderes Geschenk zu gestalten.<\/span><\/p>\n<p><span>Und warum nicht gemeinsam? Die ganze Familie t\u00f6pfert sich eine Kaffee- bzw. Kakaotasse oder M\u00fcslisch\u00fcssel f\u00fcrs Fr\u00fchst\u00fcck.<\/span><\/p>\n<p><span>Kinder haben eine besondere Begabung, ohne Scheu an den Ton heranzugehen.\u00a0<\/span><\/p>\n<p><span><span style=\"font-size: small;\">Bei Interesse schreib uns eine Email: <a href=\"mailto:buchungen@ceramics-studio.de\">buchungen@ceramics-studio.de<\/a><\/span><\/span><\/p>\n<p>[\/et_pb_text][\/et_pb_column][et_pb_column type=&#8220;1_3&#8243; _builder_version=&#8220;4.21.0&#8243; _module_preset=&#8220;default&#8220; global_colors_info=&#8220;{}&#8220;][et_pb_image src=&#8220;https:\/\/ceramics-studio.de\/wp-content\/uploads\/2023\/10\/IMG_5456-scaled.jpg&#8220; title_text=&#8220;IMG_5456&#8243; _builder_version=&#8220;4.22.0&#8243; _module_preset=&#8220;default&#8220; global_colors_info=&#8220;{}&#8220;][\/et_pb_image][et_pb_text _builder_version=&#8220;4.22.0&#8243; _module_preset=&#8220;default&#8220; text_font=&#8220;PT Sans|600|||||||&#8220; text_text_color=&#8220;#FFFFFF&#8220; text_font_size=&#8220;34px&#8220; text_line_height=&#8220;1.1em&#8220; background_color=&#8220;RGBA(255,255,255,0)&#8220; background_enable_image=&#8220;off&#8220; background_size=&#8220;initial&#8220; global_colors_info=&#8220;{}&#8220;]<\/p>\n<p><span style=\"color: #000000;\"><span style=\"caret-color: #000000;\">Hochzeit \/<br \/>eingetragene Partnerschaft feiern<\/span><\/span><\/p>\n<p>[\/et_pb_text][et_pb_text _builder_version=&#8220;4.23.1&#8243; _module_preset=&#8220;default&#8220; text_font=&#8220;PT Sans||||||||&#8220; text_text_color=&#8220;#000000&#8243; text_font_size=&#8220;17px&#8220; text_line_height=&#8220;1.3em&#8220; background_color=&#8220;RGBA(255,255,255,0)&#8220; background_enable_image=&#8220;off&#8220; background_size=&#8220;initial&#8220; custom_padding=&#8220;0px|||||&#8220; global_colors_info=&#8220;{}&#8220;]<\/p>\n<p>Die Liebe feiern und etwas gemeinsam kreieren.<br \/>Warum nicht zu Beginn des gemeinsamen Lebensweges Fliesen f\u00fcr die K\u00fcche\/ das Bad machen? Mit einem gemeinsam gestalteten Motiv oder den Initialen? Die M\u00f6glichkeiten in diesem T\u00f6pferkurs sind unz\u00e4hlig: Tassen, Teller, eine Schale f\u00fcr die Ringe,&#8230;<\/p>\n<p><span>Das englische K\u00f6nigshaus und ihre zahlreichen Darstellungen s\u00e4mtlicher Events auf Porzellan k\u00f6nnen hier eine Inspiration sein.\u00a0<\/span><\/p>\n<p><span><span style=\"font-size: small;\">Bei Interesse schreib uns eine Email: <a href=\"mailto:buchungen@ceramics-studio.de\">buchungen@ceramics-studio.de<\/a><\/span><\/span><\/p>\n<p>[\/et_pb_text][et_pb_text _builder_version=&#8220;4.23.1&#8243; _module_preset=&#8220;default&#8220; global_colors_info=&#8220;{}&#8220;]<\/p>\n<p>\u00dcbrigens: schaut euch <a href=\"https:\/\/maps.app.goo.gl\/VyeoTE2xYDzLfrLLA\" target=\"_blank\" rel=\"noopener\">hier<\/a> die Eindr\u00fccke anderer Kursteilnehmer an: auf <a href=\"https:\/\/maps.app.goo.gl\/VyeoTE2xYDzLfrLLA\" target=\"_blank\" rel=\"noopener\"><strong><em><span style=\"color: #000000;\">Google-Maps<\/span><\/em><\/strong><\/a><\/p>\n<p>[\/et_pb_text][\/et_pb_column][\/et_pb_row][\/et_pb_section]<\/p>\n","protected":false},"excerpt":{"rendered":"<p>Ein T\u00f6pferkurs-Event an der Drehscheibe oder im Handaufbau. F\u00fcr Gruppen, Kinder, Hochzeitsvorbereitungen &#8230; fragt bei uns an!<\/p>","protected":false},"author":1,"featured_media":1851,"parent":0,"menu_order":0,"comment_status":"closed","ping_status":"closed","template":"","meta":{"_et_pb_use_builder":"on","_et_pb_old_content":"","_et_gb_content_width":"","footnotes":""},"class_list":["post-400","page","type-page","status-publish","has-post-thumbnail","hentry"],"jetpack_sharing_enabled":true,"_links":{"self":[{"href":"https:\/\/ceramics-studio.de\/en\/wp-json\/wp\/v2\/pages\/400","targetHints":{"allow":["GET"]}}],"collection":[{"href":"https:\/\/ceramics-studio.de\/en\/wp-json\/wp\/v2\/pages"}],"about":[{"href":"https:\/\/ceramics-studio.de\/en\/wp-json\/wp\/v2\/types\/page"}],"author":[{"embeddable":true,"href":"https:\/\/ceramics-studio.de\/en\/wp-json\/wp\/v2\/users\/1"}],"replies":[{"embeddable":true,"href":"https:\/\/ceramics-studio.de\/en\/wp-json\/wp\/v2\/comments?post=400"}],"version-history":[{"count":0,"href":"https:\/\/ceramics-studio.de\/en\/wp-json\/wp\/v2\/pages\/400\/revisions"}],"wp:featuredmedia":[{"embeddable":true,"href":"https:\/\/ceramics-studio.de\/en\/wp-json\/wp\/v2\/media\/1851"}],"wp:attachment":[{"href":"https:\/\/ceramics-studio.de\/en\/wp-json\/wp\/v2\/media?parent=400"}],"curies":[{"name":"wp","href":"https:\/\/api.w.org\/{rel}","templated":true}]}}