{"id":443,"date":"2023-06-09T16:26:37","date_gmt":"2023-06-09T16:26:37","guid":{"rendered":"https:\/\/ceramics-studio.de\/?page_id=443"},"modified":"2026-04-20T17:32:20","modified_gmt":"2026-04-20T15:32:20","slug":"home2","status":"publish","type":"page","link":"https:\/\/ceramics-studio.de\/en\/","title":{"rendered":"Keramik T\u00f6pferkurs Berlin: Drehscheibe \u2013 and more."},"content":{"rendered":"<p>[et_pb_section fb_built=&#8220;1&#8243; _builder_version=&#8220;4.27.2&#8243; _module_preset=&#8220;default&#8220; background_image=&#8220;https:\/\/ceramics-studio.de\/wp-content\/uploads\/2024\/10\/Home_Blue_Bowl_kl.jpg&#8220; custom_padding=&#8220;275px||148px||false|false&#8220; global_colors_info=&#8220;{}&#8220;][et_pb_row _builder_version=&#8220;4.27.2&#8243; _module_preset=&#8220;default&#8220; global_colors_info=&#8220;{}&#8220;][et_pb_column type=&#8220;4_4&#8243; _builder_version=&#8220;4.27.2&#8243; _module_preset=&#8220;default&#8220; global_colors_info=&#8220;{}&#8220;][et_pb_button button_url=&#8220;\/shop&#8220; button_text=&#8220;SHOP&#8220; button_alignment=&#8220;left&#8220; button_alignment_tablet=&#8220;left&#8220; button_alignment_phone=&#8220;right&#8220; button_alignment_last_edited=&#8220;on|tablet&#8220; _builder_version=&#8220;4.27.2&#8243; _module_preset=&#8220;default&#8220; custom_button=&#8220;on&#8220; button_text_color=&#8220;rgba(255,255,255,0.82)&#8220; button_border_width=&#8220;1px&#8220; button_border_radius=&#8220;0px&#8220; button_font=&#8220;|600|||||||&#8220; button_icon=&#8220;&#x3d;||divi||400&#8243; custom_margin=&#8220;||||false|false&#8220; custom_padding=&#8220;||||false|false&#8220; global_colors_info=&#8220;{}&#8220;][\/et_pb_button][\/et_pb_column][\/et_pb_row][\/et_pb_section][et_pb_section fb_built=&#8220;1&#8243; _builder_version=&#8220;4.27.2&#8243; _module_preset=&#8220;default&#8220; custom_padding=&#8220;||9px||false|false&#8220; global_colors_info=&#8220;{}&#8220;][et_pb_row _builder_version=&#8220;4.27.4&#8243; _module_preset=&#8220;default&#8220; custom_margin=&#8220;||15px||false|false&#8220; global_colors_info=&#8220;{}&#8220;][et_pb_column type=&#8220;4_4&#8243; _builder_version=&#8220;4.27.2&#8243; _module_preset=&#8220;default&#8220; global_colors_info=&#8220;{}&#8220;][et_pb_text _builder_version=&#8220;4.27.4&#8243; _module_preset=&#8220;default&#8220; text_font=&#8220;Sorts Mill Goudy||||||||&#8220; text_text_color=&#8220;rgba(0,0,0,0.71)&#8220; text_font_size=&#8220;57px&#8220; text_line_height=&#8220;1em&#8220; custom_margin=&#8220;|||-5px|false|false&#8220; text_font_size_tablet=&#8220;57px&#8220; text_font_size_phone=&#8220;51px&#8220; text_font_size_last_edited=&#8220;on|phone&#8220; border_color_all=&#8220;#E02B20&#8243; global_colors_info=&#8220;{}&#8220;]<\/p>\n<p><i>Keramik und T\u00f6pferkurs in Berlin<br \/><\/i><\/p>\n<p>[\/et_pb_text][et_pb_text _builder_version=&#8220;4.27.5&#8243; _module_preset=&#8220;default&#8220; text_font=&#8220;PT Sans||||||||&#8220; text_text_color=&#8220;rgba(0,0,0,0.71)&#8220; text_font_size=&#8220;29px&#8220; text_line_height=&#8220;1em&#8220; custom_margin=&#8220;42px||||false|false&#8220; text_font_size_tablet=&#8220;35px&#8220; text_font_size_phone=&#8220;23px&#8220; text_font_size_last_edited=&#8220;on|phone&#8220; border_color_all=&#8220;#E02B20&#8243; global_colors_info=&#8220;{}&#8220;]<\/p>\n<h1><span style=\"color: rgba(0, 0, 0, 0.71);\">Kleine Gruppen \/ 2 Trainer:innen \/ die ideale Begleitung.<\/span><\/h1>\n<p>[\/et_pb_text][et_pb_text _builder_version=&#8220;4.27.5&#8243; _module_preset=&#8220;default&#8220; text_font_size=&#8220;16px&#8220; text_line_height=&#8220;1.8em&#8220; custom_margin=&#8220;||10px||false|false&#8220; locked=&#8220;off&#8220; global_colors_info=&#8220;{}&#8220;]<\/p>\n<h3><em>Bei uns kannst du sicher und professionell das T\u00f6pfern an der Drehscheibe oder im Handaufbau lernen.<\/em><\/h3>\n<p>&nbsp;<\/p>\n<p>[\/et_pb_text][\/et_pb_column][\/et_pb_row][\/et_pb_section][et_pb_section fb_built=&#8220;1&#8243; _builder_version=&#8220;4.27.2&#8243; _module_preset=&#8220;default&#8220; background_image=&#8220;https:\/\/ceramics-studio.de\/wp-content\/uploads\/2024\/10\/Home_wheel_dirty-1.jpg&#8220; custom_padding=&#8220;218px||174px||false|false&#8220; locked=&#8220;off&#8220; global_colors_info=&#8220;{}&#8220;][et_pb_row _builder_version=&#8220;4.27.2&#8243; _module_preset=&#8220;default&#8220; global_colors_info=&#8220;{}&#8220;][et_pb_column type=&#8220;4_4&#8243; _builder_version=&#8220;4.27.2&#8243; _module_preset=&#8220;default&#8220; global_colors_info=&#8220;{}&#8220;][et_pb_button button_url=&#8220;\/kurse&#8220; button_text=&#8220;KURSE&#8220; button_alignment_tablet=&#8220;&#8220; button_alignment_phone=&#8220;left&#8220; button_alignment_last_edited=&#8220;on|phone&#8220; _builder_version=&#8220;4.27.2&#8243; _module_preset=&#8220;default&#8220; custom_button=&#8220;on&#8220; button_text_color=&#8220;rgba(255,255,255,0.82)&#8220; button_border_width=&#8220;1px&#8220; button_border_radius=&#8220;0px&#8220; button_font=&#8220;|600|||||||&#8220; button_icon=&#8220;&#x3d;||divi||400&#8243; custom_margin=&#8220;||131px||false|false&#8220; locked=&#8220;off&#8220; global_colors_info=&#8220;{}&#8220;][\/et_pb_button][\/et_pb_column][\/et_pb_row][\/et_pb_section][et_pb_section fb_built=&#8220;1&#8243; _builder_version=&#8220;4.27.4&#8243; _module_preset=&#8220;default&#8220; use_background_color_gradient=&#8220;on&#8220; background_color_gradient_stops=&#8220;#cb21ed 0%|#ff7b00 100%&#8220; global_colors_info=&#8220;{}&#8220;][et_pb_row _builder_version=&#8220;4.27.4&#8243; _module_preset=&#8220;default&#8220; custom_margin=&#8220;-32px||||false|false&#8220; custom_padding=&#8220;8px||||false|false&#8220; global_colors_info=&#8220;{}&#8220;][et_pb_column type=&#8220;4_4&#8243; _builder_version=&#8220;4.27.4&#8243; _module_preset=&#8220;default&#8220; global_colors_info=&#8220;{}&#8220;][et_pb_text _builder_version=&#8220;4.27.4&#8243; _module_preset=&#8220;default&#8220; text_font=&#8220;PT Sans|600|||||||&#8220; text_text_color=&#8220;#FFFFFF&#8220; text_font_size=&#8220;34px&#8220; custom_margin=&#8220;||0px||false|false&#8220; custom_padding=&#8220;|||12px|false|false&#8220; border_color_all=&#8220;rgba(0,0,0,0.37)&#8220; locked=&#8220;off&#8220; global_colors_info=&#8220;{}&#8220;]<\/p>\n<h4><\/h4>\n<h4><strong><span style=\"color: #ffffff;\">BERLINER FAMILIENPASS: <\/span>10% Rabatt f\u00fcr FamilienPass-Besitzer:innen<\/strong><\/h4>\n<p>[\/et_pb_text][et_pb_text _builder_version=&#8220;4.27.4&#8243; _module_preset=&#8220;default&#8220; custom_padding=&#8220;|||12px|false|false&#8220; global_colors_info=&#8220;{}&#8220;]<\/p>\n<p><strong>So funktioniert es:<\/strong> W\u00e4hlen Sie einen Kurs f\u00fcr Ihre Familie aus und buchen Sie mindestens zwei Pl\u00e4tze.<br \/>Geben Sie den Gutscheincode <strong>FAMILIENPASS4MORE<\/strong>\u00a0in das Eingabefeld im Warenkorb ein.<br \/><strong><span style=\"color: #ffffff;\">Nehmen Sie zum Kurs den ausgeschnittenen Coupon mit.*<\/span><\/strong><\/p>\n<p>[\/et_pb_text][et_pb_text _builder_version=&#8220;4.27.4&#8243; _module_preset=&#8220;default&#8220; text_font=&#8220;PT Sans|600|||||||&#8220; text_text_color=&#8220;#FFFFFF&#8220; text_font_size=&#8220;34px&#8220; custom_padding=&#8220;|||12px|false|false&#8220; border_color_all=&#8220;rgba(0,0,0,0.37)&#8220; locked=&#8220;off&#8220; global_colors_info=&#8220;{}&#8220;]<\/p>\n<h6>G\u00fcltig f\u00fcr alle Kurse an der Drehscheibe oder im Handaufbau f\u00fcr Anf\u00e4nger:innen und Erfahrene | ab 72 \u20ac<\/h6>\n<p>[\/et_pb_text][et_pb_button button_url=&#8220;\/kurse\/&#8220; url_new_window=&#8220;on&#8220; button_text=&#8220;Zu den Kursen&#8220; button_alignment=&#8220;left&#8220; _builder_version=&#8220;4.27.4&#8243; _module_preset=&#8220;default&#8220; custom_button=&#8220;on&#8220; button_border_width=&#8220;1px&#8220; button_border_radius=&#8220;0px&#8220; button_icon=&#8220;&#x3d;||divi||400&#8243; background_layout=&#8220;dark&#8220; custom_margin=&#8220;-6px|||14px|false|false&#8220; global_colors_info=&#8220;{}&#8220;][\/et_pb_button][et_pb_text _builder_version=&#8220;4.27.4&#8243; _module_preset=&#8220;default&#8220; text_font_size=&#8220;13px&#8220; text_line_height=&#8220;1.5em&#8220; custom_padding=&#8220;|||12px|false|false&#8220; global_colors_info=&#8220;{}&#8220;]<\/p>\n<p><strong>Was ist der Berliner Familienpass und wo bekomme ich ihn?<\/strong><br \/><a href=\"https:\/\/www.jugendkulturservice.de\/de\/ferien-und-familienzeit\/berliner-familienpass\/\" target=\"_blank\" rel=\"noopener\">Hier erfahren Sie alles zu den Vorteilen rund um den Berliner Familienpass &gt;<\/a><\/p>\n<p>[\/et_pb_text][et_pb_text _builder_version=&#8220;4.27.4&#8243; _module_preset=&#8220;default&#8220; text_font_size=&#8220;11px&#8220; text_line_height=&#8220;1.5em&#8220; custom_padding=&#8220;|||12px|false|false&#8220; global_colors_info=&#8220;{}&#8220;]<\/p>\n<p>*Der ausgeschnittene Coupon muss vor Kursbeginn vorgezeigt werden.<br \/>Ansonsten ist eine Teilnahme am Kurs nur bei Nachzahlung der Rabattsumme m\u00f6glich.<\/p>\n<p>[\/et_pb_text][\/et_pb_column][\/et_pb_row][et_pb_row _builder_version=&#8220;4.27.2&#8243; _module_preset=&#8220;default&#8220; global_colors_info=&#8220;{}&#8220;][et_pb_column type=&#8220;4_4&#8243; _builder_version=&#8220;4.27.2&#8243; _module_preset=&#8220;default&#8220; global_colors_info=&#8220;{}&#8220;][\/et_pb_column][\/et_pb_row][\/et_pb_section]<\/p>\n","protected":false},"excerpt":{"rendered":"<p>T\u00f6pfern in Berlin. Wir bieten T\u00f6pferkurse an der Drehscheibe und im Handaufbau. Die Kurse sind f\u00fcr Erwachsene und Kinder, f\u00fcr beginnende und fortgeschrittene Personen.<\/p>","protected":false},"author":1,"featured_media":785,"parent":0,"menu_order":0,"comment_status":"closed","ping_status":"closed","template":"","meta":{"_et_pb_use_builder":"on","_et_pb_old_content":"<!-- wp:heading -->\n<h2 class=\"wp-block-heading\"><\/h2>\n<!-- \/wp:heading -->","_et_gb_content_width":"","footnotes":""},"class_list":["post-443","page","type-page","status-publish","has-post-thumbnail","hentry"],"jetpack_sharing_enabled":true,"_links":{"self":[{"href":"https:\/\/ceramics-studio.de\/en\/wp-json\/wp\/v2\/pages\/443","targetHints":{"allow":["GET"]}}],"collection":[{"href":"https:\/\/ceramics-studio.de\/en\/wp-json\/wp\/v2\/pages"}],"about":[{"href":"https:\/\/ceramics-studio.de\/en\/wp-json\/wp\/v2\/types\/page"}],"author":[{"embeddable":true,"href":"https:\/\/ceramics-studio.de\/en\/wp-json\/wp\/v2\/users\/1"}],"replies":[{"embeddable":true,"href":"https:\/\/ceramics-studio.de\/en\/wp-json\/wp\/v2\/comments?post=443"}],"version-history":[{"count":41,"href":"https:\/\/ceramics-studio.de\/en\/wp-json\/wp\/v2\/pages\/443\/revisions"}],"predecessor-version":[{"id":6065,"href":"https:\/\/ceramics-studio.de\/en\/wp-json\/wp\/v2\/pages\/443\/revisions\/6065"}],"wp:featuredmedia":[{"embeddable":true,"href":"https:\/\/ceramics-studio.de\/en\/wp-json\/wp\/v2\/media\/785"}],"wp:attachment":[{"href":"https:\/\/ceramics-studio.de\/en\/wp-json\/wp\/v2\/media?parent=443"}],"curies":[{"name":"wp","href":"https:\/\/api.w.org\/{rel}","templated":true}]}}