{"id":702,"date":"2023-10-02T17:52:48","date_gmt":"2023-10-02T15:52:48","guid":{"rendered":"https:\/\/ceramics-studio.de\/?page_id=702"},"modified":"2025-05-22T11:54:16","modified_gmt":"2025-05-22T09:54:16","slug":"events_gruppen","status":"publish","type":"page","link":"https:\/\/ceramics-studio.de\/en\/events_gruppen\/","title":{"rendered":"Gruppenevent T\u00f6pferkurs. TOGETHER we make it!"},"content":{"rendered":"<p>[et_pb_section fb_built=&#8220;1&#8243; _builder_version=&#8220;4.21.0&#8243; _module_preset=&#8220;default&#8220; background_enable_image=&#8220;off&#8220; background_position=&#8220;center_right&#8220; min_height_tablet=&#8220;&#8220; min_height_phone=&#8220;&#8220; min_height_last_edited=&#8220;on|phone&#8220; height_tablet=&#8220;650px&#8220; height_phone=&#8220;&#8220; height_last_edited=&#8220;on|phone&#8220; custom_margin=&#8220;-37px||||false|false&#8220; custom_padding=&#8220;||||false|false&#8220; global_colors_info=&#8220;{}&#8220;][et_pb_row column_structure=&#8220;1_2,1_2&#8243; _builder_version=&#8220;4.24.0&#8243; _module_preset=&#8220;default&#8220; global_colors_info=&#8220;{}&#8220;][et_pb_column type=&#8220;1_2&#8243; _builder_version=&#8220;4.22.0&#8243; _module_preset=&#8220;default&#8220; global_colors_info=&#8220;{}&#8220;][et_pb_text _builder_version=&#8220;4.24.0&#8243; _module_preset=&#8220;default&#8220; text_font=&#8220;PT Sans|600|||||||&#8220; text_text_color=&#8220;#FFFFFF&#8220; text_font_size=&#8220;34px&#8220; text_line_height=&#8220;1.1em&#8220; background_color=&#8220;RGBA(255,255,255,0)&#8220; background_enable_image=&#8220;off&#8220; background_size=&#8220;initial&#8220; global_colors_info=&#8220;{}&#8220;]<\/p>\n<p><span style=\"color: #000000;\"><span style=\"caret-color: #000000;\">Gruppenevent T\u00f6pferkurs<\/span><\/span><\/p>\n<p>[\/et_pb_text][et_pb_text _builder_version=&#8220;4.24.0&#8243; _module_preset=&#8220;default&#8220; text_font=&#8220;PT Sans||on||||||&#8220; text_font_size=&#8220;27px&#8220; global_colors_info=&#8220;{}&#8220;]<\/p>\n<p><span>Ihr seid ein Team \/ eine Gruppe \/ Freunde \/ eine Familie?<br \/><\/span><span>Ihr wollt beim Gruppenevent T\u00f6pferkurs etwas Unvergessliches gemeinsam erleben?<\/span><\/p>\n<p>[\/et_pb_text][et_pb_text _builder_version=&#8220;4.23.1&#8243; _module_preset=&#8220;default&#8220; text_font=&#8220;PT Sans||||||||&#8220; text_text_color=&#8220;#000000&#8243; text_font_size=&#8220;17px&#8220; text_line_height=&#8220;1.3em&#8220; background_color=&#8220;RGBA(255,255,255,0)&#8220; background_enable_image=&#8220;off&#8220; background_size=&#8220;initial&#8220; global_colors_info=&#8220;{}&#8220;]<\/p>\n<p><span style=\"font-size: 17px;\">Ihr sucht eine Veranstaltung, um das Team zu st\u00e4rken?<br \/>Einen <\/span><span style=\"color: #000000;\"><span style=\"caret-color: #000000;\">Event f\u00fcr eure Weihnachtsfeier?<\/span><\/span><\/p>\n<p><span><span style=\"color: #000000;\"><span style=\"caret-color: #000000;\">Bei einem gemeinsamen Gruppenevent T\u00f6pferkurs k\u00f6nnt ihr euch zum Beispiel Kaffeetassen f\u00fcr die Arbeit selbst machen.<br \/><\/span><\/span><\/span><span><span style=\"color: #000000;\"><span style=\"caret-color: #000000;\">Mit Aufbautechnik <strong>oder<\/strong> an der Drehscheibe. Der T\u00f6pferkurs bietet euch eine wunderbare gemeinsame Erinnerung an einen gro\u00dfartigen Tag!<\/span><\/span><\/span><\/p>\n<p><span><span style=\"color: #000000;\"><span style=\"caret-color: #000000;\">Die Gruppen k\u00f6nnen beim Arbeiten <strong>an der Drehscheibe<\/strong> bis zu <strong>5 Personen<\/strong> gro\u00df sein.<br \/>Wollt ihr lieber gemeinsam <strong>Handaufbautechnik<\/strong> machen, dann ist eine Gruppengr\u00f6\u00dfe bis zu <strong>8 Personen<\/strong> m\u00f6glich. \u00a0<\/span><\/span><\/span><\/p>\n<p><span><span style=\"color: #000000;\"><span style=\"caret-color: #000000;\">\u00dcbrigens: schaut euch <a href=\"https:\/\/maps.app.goo.gl\/VyeoTE2xYDzLfrLLA\" target=\"_blank\" rel=\"noopener\">hier<\/a> die Eindr\u00fccke anderer Kursteilnehmer an: auf <a href=\"https:\/\/maps.app.goo.gl\/VyeoTE2xYDzLfrLLA\" target=\"_blank\" rel=\"noopener\"><strong><em>Google-Maps<\/em><\/strong><\/a><\/span><\/span><\/span><\/p>\n<p>&nbsp;<\/p>\n<p>[\/et_pb_text][\/et_pb_column][et_pb_column type=&#8220;1_2&#8243; _builder_version=&#8220;4.22.0&#8243; _module_preset=&#8220;default&#8220; global_colors_info=&#8220;{}&#8220;][et_pb_image src=&#8220;https:\/\/ceramics-studio.de\/wp-content\/uploads\/2024\/08\/IMG_5364.jpg&#8220; alt=&#8220;Drehscheibe der Firma Rohde mit bunten Hockern im Studio von P. &#038; C. | STUDIO CERAMICS. Das Foto hat dieselbe Licht-Stimmung wie ein Gem\u00e4lde Vermeers&#8220; title_text=&#8220;Arbeitsraum_Studio_2&#8243; _builder_version=&#8220;4.27.0&#8243; _module_preset=&#8220;default&#8220; custom_margin=&#8220;||31px|||&#8220; global_colors_info=&#8220;{}&#8220;][\/et_pb_image][et_pb_text _builder_version=&#8220;4.24.0&#8243; _module_preset=&#8220;default&#8220; global_colors_info=&#8220;{}&#8220;]<\/p>\n<p>Dauer: <strong>2\u00a0Stunden<\/strong><span><span style=\"color: #000000;\"><span style=\"caret-color: #000000;\"><\/span><\/span><\/span><\/p>\n<p>Kosten pro Person: <strong>\u20ac 60<\/strong>\u00a0<span><span style=\"color: #000000;\"><span style=\"caret-color: #000000;\"><\/span><\/span><\/span><\/p>\n<p><span><span style=\"color: #000000;\"><span style=\"caret-color: #000000;\">F\u00fcr eine Terminanfrage bzw. Buchung schreibt uns gerne: <a href=\"mailto:buchungen@ceramics-studio.de\">buchungen@ceramics-studio.de<\/a><\/span><\/span><\/span><\/p>\n<p>Eure Kleidung soll euch Bewegungsfreiheit geben und schmutzig werden d\u00fcrfen. Eure Fingern\u00e4gel sollen eine kurze, praktische L\u00e4nge haben.<\/p>\n<p><span><\/span><\/p>\n<p>In der Kursgeb\u00fchr sind die Materialkosten (Ton und farblose Glasur) f\u00fcr den Gruppenevent T\u00f6pferkurs inbegriffen. Die gefertigten Werke (maximal drei pro Person) werden von uns abgedreht und mit transparenter Glasur gebrannt.<\/p>\n<p>Eure <strong>fertigen St\u00fccke<\/strong> k\u00f6nnt ihr vier bis sechs Wochen sp\u00e4ter bei uns abholen. Wir informieren euch via Email, sobald sie gebrannt sind. Wir bitten um Verst\u00e4ndnis, dass wir die fertigen Werke <span style=\"text-decoration: underline;\">nicht l\u00e4nger als sechs Wochen aufbewahren<\/span> k\u00f6nnen.<\/p>\n<p>Im Falle einer <strong>Stornierung<\/strong>: Bis sieben Tage vor Kursbeginn kann eine Kursanmeldung schriftlich via Email kostenfrei storniert werden. Bei einer Stornierung bis 24 Stunden vor Kursbeginn erh\u00e4ltst Du 50% des Kursbetrags zur\u00fcck. Verpasste Kurstermine k\u00f6nnen <span style=\"text-decoration: underline;\">nicht<\/span> nachgeholt werden.<\/p>\n<p>&nbsp;<\/p>\n<p><span style=\"font-size: small;\"><a href=\"\/kurse\/\">Hier<\/a> kannst du noch mehr <a href=\"\/kurse\/\">Kurse<\/a> finden.<\/span><\/p>\n<p>[\/et_pb_text][\/et_pb_column][\/et_pb_row][et_pb_row use_custom_gutter=&#8220;on&#8220; _builder_version=&#8220;4.27.0&#8243; _module_preset=&#8220;default&#8220; locked=&#8220;off&#8220; global_colors_info=&#8220;{}&#8220;][et_pb_column type=&#8220;4_4&#8243; _builder_version=&#8220;4.22.0&#8243; _module_preset=&#8220;default&#8220; global_colors_info=&#8220;{}&#8220;][et_pb_gallery gallery_ids=&#8220;1856,3190,3264,3175&#8243; show_title_and_caption=&#8220;off&#8220; show_pagination=&#8220;off&#8220; _builder_version=&#8220;4.27.0&#8243; _module_preset=&#8220;default&#8220; background_layout=&#8220;dark&#8220; module_alignment=&#8220;center&#8220; global_colors_info=&#8220;{}&#8220;][\/et_pb_gallery][\/et_pb_column][\/et_pb_row][\/et_pb_section][et_pb_section fb_built=&#8220;1&#8243; custom_padding_last_edited=&#8220;on|phone&#8220; _builder_version=&#8220;4.26.1&#8243; _module_preset=&#8220;default&#8220; background_color=&#8220;rgba(0,0,0,0.47)&#8220; width_tablet=&#8220;&#8220; width_phone=&#8220;&#8220; width_last_edited=&#8220;on|phone&#8220; max_width_tablet=&#8220;&#8220; max_width_phone=&#8220;&#8220; max_width_last_edited=&#8220;on|phone&#8220; min_height_tablet=&#8220;&#8220; min_height_phone=&#8220;&#8220; min_height_last_edited=&#8220;on|tablet&#8220; height_tablet=&#8220;&#8220; height_phone=&#8220;&#8220; height_last_edited=&#8220;on|phone&#8220; max_height_tablet=&#8220;&#8220; max_height_phone=&#8220;&#8220; max_height_last_edited=&#8220;on|phone&#8220; custom_margin=&#8220;||||false|false&#8220; custom_margin_tablet=&#8220;||||false|false&#8220; custom_margin_phone=&#8220;0px||||false|false&#8220; custom_margin_last_edited=&#8220;on|tablet&#8220; custom_padding=&#8220;||0px||false|false&#8220; custom_padding_tablet=&#8220;||0px||false|false&#8220; custom_padding_phone=&#8220;20px||0px||false|false&#8220; global_module=&#8220;1440&#8243; saved_tabs=&#8220;all&#8220; global_colors_info=&#8220;{}&#8220;][et_pb_row column_structure=&#8220;1_2,1_4,1_4&#8243; use_custom_gutter=&#8220;on&#8220; gutter_width=&#8220;1&#8243; custom_padding_last_edited=&#8220;on|desktop&#8220; _builder_version=&#8220;4.23.1&#8243; _module_preset=&#8220;default&#8220; width=&#8220;100%&#8220; width_tablet=&#8220;80%&#8220; width_phone=&#8220;80%&#8220; width_last_edited=&#8220;on|tablet&#8220; max_width_tablet=&#8220;&#8220; max_width_phone=&#8220;&#8220; max_width_last_edited=&#8220;on|desktop&#8220; custom_margin=&#8220;||||false|false&#8220; custom_margin_tablet=&#8220;||||false|false&#8220; custom_margin_phone=&#8220;||||false|false&#8220; custom_margin_last_edited=&#8220;on|tablet&#8220; custom_padding=&#8220;20px||||false|false&#8220; custom_padding_tablet=&#8220;||||false|false&#8220; custom_padding_phone=&#8220;19px|19px||15px|false|false&#8220; global_colors_info=&#8220;{}&#8220;][et_pb_column type=&#8220;1_2&#8243; _builder_version=&#8220;4.22.0&#8243; _module_preset=&#8220;default&#8220; custom_padding=&#8220;||||false|false&#8220; custom_padding_tablet=&#8220;||27px||false|false&#8220; custom_padding_phone=&#8220;||27px||false|false&#8220; custom_padding_last_edited=&#8220;on|tablet&#8220; global_colors_info=&#8220;{}&#8220;][et_pb_text _builder_version=&#8220;4.25.1&#8243; _module_preset=&#8220;default&#8220; text_font=&#8220;PT Sans||||||||&#8220; text_text_color=&#8220;#FFFFFF&#8220; width=&#8220;100%&#8220; width_tablet=&#8220;100%&#8220; width_phone=&#8220;100%&#8220; width_last_edited=&#8220;on|tablet&#8220; max_width=&#8220;60%&#8220; max_width_tablet=&#8220;60%&#8220; max_width_phone=&#8220;60%&#8220; max_width_last_edited=&#8220;on|desktop&#8220; custom_margin=&#8220;||||false|false&#8220; custom_padding=&#8220;||||false|false&#8220; global_colors_info=&#8220;{}&#8220;]<\/p>\n<p><strong>Christine Kohlmayr M.A., Mag. phil<br \/>Peter Hochp\u00f6chler M.F.A.<\/strong><strong><\/strong><\/p>\n<p><strong><\/strong><\/p>\n<p><strong><\/strong><\/p>\n<p>[\/et_pb_text][et_pb_text _builder_version=&#8220;4.27.4&#8243; _module_preset=&#8220;default&#8220; global_colors_info=&#8220;{}&#8220;]<\/p>\n<p><span style=\"color: rgba(255, 255, 255, 0.55);\"><b>\u00d6ffnungszeiten:<\/b><\/span><em><span style=\"color: rgba(0, 0, 0, 0.6);\"><b style=\"font-size: 15px;\"><span style=\"color: #ffffff;\"><strong><\/strong><\/span><\/b><\/span><\/em><\/p>\n<p><b style=\"font-size: 15px;\">Mittwoch: 14\u201320 Uhr<br \/><\/b><b style=\"font-size: 15px;\">Donnerstag, Samstag und Sonntag: <\/b><b>12\u201317 Uhr<\/b><\/p>\n<p><span style=\"color: rgba(0, 0, 0, 0.6);\"><b style=\"font-size: 15px;\"><b>Montag, Dienstag und Freitag geschlossen \u2013<\/b><\/b><br \/>nur f\u00fcr Kurse\/Arbeitsplatzmiete ge\u00f6ffnet<br \/>und nach Vereinbarung<\/span><\/p>\n<p>&nbsp;<\/p>\n<p><span style=\"color: rgba(0, 0, 0, 0.6);\"><\/span><\/p>\n<p>&nbsp;<\/p>\n<p>&nbsp;<\/p>\n<p><b><\/b><\/p>\n<p>[\/et_pb_text][\/et_pb_column][et_pb_column type=&#8220;1_4&#8243; _builder_version=&#8220;4.21.0&#8243; _module_preset=&#8220;default&#8220; global_colors_info=&#8220;{}&#8220;][et_pb_text _builder_version=&#8220;4.23.1&#8243; _module_preset=&#8220;default&#8220; text_text_color=&#8220;#FFFFFF&#8220; custom_margin=&#8220;||||false|false&#8220; global_colors_info=&#8220;{}&#8220;]<\/p>\n<p>Wiebestra\u00dfe 40<\/p>\n<p>10553 Berlin<\/p>\n<p>buchungen@ceramics-studio.de<\/p>\n<p>&nbsp;<\/p>\n<p>[\/et_pb_text][\/et_pb_column][et_pb_column type=&#8220;1_4&#8243; _builder_version=&#8220;4.21.0&#8243; _module_preset=&#8220;default&#8220; global_colors_info=&#8220;{}&#8220;][et_pb_button button_url=&#8220;mailto:buchungen@ceramics-studio.de&#8220; button_text=&#8220;Kontakt | Email schreiben&#8220; button_alignment=&#8220;right&#8220; _builder_version=&#8220;4.23.1&#8243; _module_preset=&#8220;default&#8220; custom_button=&#8220;on&#8220; button_text_size=&#8220;16px&#8220; button_text_color=&#8220;#FFFFFF&#8220; button_border_width=&#8220;1px&#8220; button_border_color=&#8220;#FFFFFF&#8220; button_border_radius=&#8220;0px&#8220; button_icon=&#8220;&#x3d;||divi||400&#8243; global_colors_info=&#8220;{}&#8220;][\/et_pb_button][et_pb_text _builder_version=&#8220;4.27.4&#8243; _module_preset=&#8220;default&#8220; text_font=&#8220;PT Sans|700|||||||&#8220; text_text_color=&#8220;#FFFFFF&#8220; text_line_height=&#8220;1.8em&#8220; text_orientation=&#8220;right&#8220; custom_margin=&#8220;7px||||false|false&#8220; global_colors_info=&#8220;{}&#8220;]<\/p>\n<p><a href=\"\/agb\">AGB<\/a><br \/><a href=\"\/impressum\/\">Impressum<\/a><br \/><a href=\"\/datenschutzerklaerung\/\">Datenschutzerkl\u00e4rung<\/a><\/p>\n<p>[\/et_pb_text][et_pb_text _builder_version=&#8220;4.27.0&#8243; _module_preset=&#8220;default&#8220; text_font=&#8220;&#8211;et_global_body_font|600|||||||&#8220; text_text_color=&#8220;#FFFFFF&#8220; text_font_size=&#8220;10px&#8220; text_orientation=&#8220;right&#8220; custom_margin=&#8220;134px||||false|false&#8220; global_colors_info=&#8220;{}&#8220;]<\/p>\n<p>Copyright 2024, Peter Hochp\u00f6chler &amp; Christine Kohlmayr<\/p>\n<p>[\/et_pb_text][\/et_pb_column][\/et_pb_row][\/et_pb_section][et_pb_section fb_built=&#8220;1&#8243; _builder_version=&#8220;4.25.1&#8243; _module_preset=&#8220;default&#8220; global_colors_info=&#8220;{}&#8220;][et_pb_row _builder_version=&#8220;4.25.1&#8243; _module_preset=&#8220;default&#8220; global_colors_info=&#8220;{}&#8220;][et_pb_column type=&#8220;4_4&#8243; _builder_version=&#8220;4.25.1&#8243; _module_preset=&#8220;default&#8220; global_colors_info=&#8220;{}&#8220;][et_pb_icon font_icon=&#8220;&#xe09a;||divi||400&#8243; icon_width=&#8220;47px&#8220; url=&#8220;https:\/\/www.instagram.com\/_p_c_studio_ceramics\/?img_index=1&#8243; align=&#8220;left&#8220; _builder_version=&#8220;4.25.1&#8243; _module_preset=&#8220;default&#8220; global_colors_info=&#8220;{}&#8220;][\/et_pb_icon][\/et_pb_column][\/et_pb_row][\/et_pb_section]<\/p>\n","protected":false},"excerpt":{"rendered":"<p>Gruppenevent T\u00f6pferkursIhr seid ein Team \/ eine Gruppe \/ Freunde \/ eine Familie?Ihr wollt beim Gruppenevent T\u00f6pferkurs etwas Unvergessliches gemeinsam erleben?Ihr sucht eine Veranstaltung, um das Team zu st\u00e4rken?Einen Event f\u00fcr eure Weihnachtsfeier? Bei einem gemeinsamen Gruppenevent T\u00f6pferkurs k\u00f6nnt ihr euch zum Beispiel Kaffeetassen f\u00fcr die Arbeit selbst machen.Mit Aufbautechnik oder an der Drehscheibe. Der [&hellip;]<\/p>\n","protected":false},"author":1,"featured_media":1851,"parent":0,"menu_order":0,"comment_status":"closed","ping_status":"closed","template":"","meta":{"_et_pb_use_builder":"on","_et_pb_old_content":"","_et_gb_content_width":"","footnotes":""},"class_list":["post-702","page","type-page","status-publish","has-post-thumbnail","hentry"],"jetpack_sharing_enabled":true,"_links":{"self":[{"href":"https:\/\/ceramics-studio.de\/en\/wp-json\/wp\/v2\/pages\/702","targetHints":{"allow":["GET"]}}],"collection":[{"href":"https:\/\/ceramics-studio.de\/en\/wp-json\/wp\/v2\/pages"}],"about":[{"href":"https:\/\/ceramics-studio.de\/en\/wp-json\/wp\/v2\/types\/page"}],"author":[{"embeddable":true,"href":"https:\/\/ceramics-studio.de\/en\/wp-json\/wp\/v2\/users\/1"}],"replies":[{"embeddable":true,"href":"https:\/\/ceramics-studio.de\/en\/wp-json\/wp\/v2\/comments?post=702"}],"version-history":[{"count":3,"href":"https:\/\/ceramics-studio.de\/en\/wp-json\/wp\/v2\/pages\/702\/revisions"}],"predecessor-version":[{"id":5179,"href":"https:\/\/ceramics-studio.de\/en\/wp-json\/wp\/v2\/pages\/702\/revisions\/5179"}],"wp:featuredmedia":[{"embeddable":true,"href":"https:\/\/ceramics-studio.de\/en\/wp-json\/wp\/v2\/media\/1851"}],"wp:attachment":[{"href":"https:\/\/ceramics-studio.de\/en\/wp-json\/wp\/v2\/media?parent=702"}],"curies":[{"name":"wp","href":"https:\/\/api.w.org\/{rel}","templated":true}]}}