{"id":890,"date":"2023-10-04T19:43:52","date_gmt":"2023-10-04T17:43:52","guid":{"rendered":"https:\/\/ceramics-studio.de\/?page_id=890"},"modified":"2024-09-13T13:10:44","modified_gmt":"2024-09-13T11:10:44","slug":"engoben-keramik-kurs","status":"publish","type":"page","link":"https:\/\/ceramics-studio.de\/en\/engoben-keramik-kurs\/","title":{"rendered":"Get creative! Keramik bemalen mit Engoben."},"content":{"rendered":"<p>[et_pb_section fb_built=&#8220;1&#8243; _builder_version=&#8220;4.21.0&#8243; _module_preset=&#8220;default&#8220; background_enable_image=&#8220;off&#8220; background_position=&#8220;center_right&#8220; min_height_tablet=&#8220;&#8220; min_height_phone=&#8220;&#8220; min_height_last_edited=&#8220;on|phone&#8220; height_tablet=&#8220;650px&#8220; height_phone=&#8220;&#8220; height_last_edited=&#8220;on|phone&#8220; custom_margin=&#8220;-37px||||false|false&#8220; custom_padding=&#8220;||||false|false&#8220; global_colors_info=&#8220;{}&#8220;][et_pb_row _builder_version=&#8220;4.25.1&#8243; _module_preset=&#8220;default&#8220; global_colors_info=&#8220;{}&#8220;][et_pb_column type=&#8220;4_4&#8243; _builder_version=&#8220;4.25.1&#8243; _module_preset=&#8220;default&#8220; global_colors_info=&#8220;{}&#8220;][et_pb_text _builder_version=&#8220;4.25.1&#8243; _module_preset=&#8220;default&#8220; text_font=&#8220;PT Sans|600|||||||&#8220; text_text_color=&#8220;#FFFFFF&#8220; text_font_size=&#8220;34px&#8220; text_line_height=&#8220;1.1em&#8220; background_color=&#8220;RGBA(255,255,255,0)&#8220; background_enable_image=&#8220;off&#8220; background_size=&#8220;initial&#8220; global_colors_info=&#8220;{}&#8220;]<\/p>\n<h1><strong><span style=\"color: #000000;\"><span style=\"caret-color: #000000;\">Designkurs: Keramik und Engoben<\/span><\/span><\/strong><\/h1>\n<h2>Die farbige Alternative zum Glasieren<\/h2>\n<p>[\/et_pb_text][\/et_pb_column][\/et_pb_row][et_pb_row use_custom_gutter=&#8220;on&#8220; _builder_version=&#8220;4.27.0&#8243; _module_preset=&#8220;default&#8220; hover_transition_speed_curve=&#8220;linear&#8220; locked=&#8220;off&#8220; global_colors_info=&#8220;{}&#8220;][et_pb_column type=&#8220;4_4&#8243; _builder_version=&#8220;4.22.0&#8243; _module_preset=&#8220;default&#8220; global_colors_info=&#8220;{}&#8220;][et_pb_gallery gallery_ids=&#8220;3519,3218,3219,3216&#8243; show_title_and_caption=&#8220;off&#8220; show_pagination=&#8220;off&#8220; _builder_version=&#8220;4.27.0&#8243; _module_preset=&#8220;default&#8220; background_layout=&#8220;dark&#8220; module_alignment=&#8220;center&#8220; hover_transition_duration=&#8220;450ms&#8220; hover_transition_delay=&#8220;50ms&#8220; hover_transition_speed_curve=&#8220;linear&#8220; hover_enabled=&#8220;0&#8243; global_colors_info=&#8220;{}&#8220; sticky_enabled=&#8220;0&#8243;][\/et_pb_gallery][\/et_pb_column][\/et_pb_row][et_pb_row column_structure=&#8220;1_2,1_2&#8243; _builder_version=&#8220;4.24.0&#8243; _module_preset=&#8220;default&#8220; global_colors_info=&#8220;{}&#8220;][et_pb_column type=&#8220;1_2&#8243; _builder_version=&#8220;4.22.0&#8243; _module_preset=&#8220;default&#8220; global_colors_info=&#8220;{}&#8220;][et_pb_heading title=&#8220;Entdecke die Kraft der Farbe&#8220; _builder_version=&#8220;4.25.1&#8243; _module_preset=&#8220;f0c675ea-2574-4d0e-b725-30f8550a8550&#8243; title_level=&#8220;h4&#8243; title_font=&#8220;Open Sans|Cormorant_weight||on|||||&#8220; title_text_color=&#8220;#2e5266&#8243; title_font_size=&#8220;14px&#8220; title_letter_spacing=&#8220;1px&#8220; title_line_height=&#8220;1.4em&#8220; custom_margin=&#8220;||10px||false|false&#8220; title_font_size_tablet=&#8220;13px&#8220; title_font_size_phone=&#8220;13px&#8220; title_font_size_last_edited=&#8220;on|desktop&#8220; locked=&#8220;off&#8220; global_colors_info=&#8220;{%22#2e5266%22:%91%22title_text_color%22%93}&#8220;][\/et_pb_heading][et_pb_text _builder_version=&#8220;4.25.1&#8243; _module_preset=&#8220;default&#8220; text_font=&#8220;PT Sans||on||||||&#8220; text_text_color=&#8220;#FFFFFF&#8220; text_font_size=&#8220;30px&#8220; text_line_height=&#8220;1.1em&#8220; background_color=&#8220;RGBA(255,255,255,0)&#8220; background_enable_image=&#8220;off&#8220; background_size=&#8220;initial&#8220; custom_margin=&#8220;||||false|false&#8220; global_colors_info=&#8220;{}&#8220;]<\/p>\n<h2><strong><span style=\"color: #000000;\"><span style=\"caret-color: #000000;\">Mit Farben und Formen deine Werke zum Gl\u00e4nzen bringen &#8230;<\/span><\/span><\/strong><\/h2>\n<p>[\/et_pb_text][et_pb_text _builder_version=&#8220;4.25.1&#8243; _module_preset=&#8220;default&#8220; text_font=&#8220;PT Sans||||||||&#8220; text_text_color=&#8220;#000000&#8243; text_font_size=&#8220;17px&#8220; text_line_height=&#8220;1.3em&#8220; background_color=&#8220;RGBA(255,255,255,0)&#8220; background_enable_image=&#8220;off&#8220; background_size=&#8220;initial&#8220; locked=&#8220;off&#8220; global_colors_info=&#8220;{}&#8220;]<\/p>\n<p>Glasuren sind dir zu eint\u00f6nig? Du willst auch mit Farbe und Muster auf bewundernswerte Weise verzieren?<\/p>\n<p>Die verschiedenen Engoben-Gestaltungstechniken k\u00f6nnen prinzipiell auf jedem keramischen Produkt angewendet werden: auf Gef\u00e4\u00dfen, Skulpturen, Platten, &#8230; egal, ob mit der Hand oder mit der Drehscheibe hergestellt.<\/p>\n<p>In diesem Keramik-Kurs werdet ihr <strong>Engobe*<\/strong> auf lederharten Ton auftragen. Dies wird auf vorbereiteten Fliesen ge\u00fcbt.<br \/>Zum kr\u00f6nenden Abschluss verziert ihr einen von uns zur Verf\u00fcgung gestellten <strong>Teller<\/strong>.<\/p>\n<h3><em><strong>Und was passiert genau in diesem Gestaltungskurs?<\/strong><\/em><\/h3>\n<p>Zu Beginn: <strong>Die Herstellung von Engoben \u2013 <\/strong>das Einf\u00e4rben von Tonschlicker \u2013 einfach und sicher. Ohne Messger\u00e4te!<\/p>\n<p>Die verschiedensten <strong>Arten der Engoben-Gestaltung<\/strong>:<\/p>\n<p>1. Das <strong>Auftragen<\/strong> mit Pinsel und\/oder Schwamm.<\/p>\n<p>2. <strong>Dekorations- und Maltechniken<\/strong>: von Klecksen bis zu pr\u00e4zisesten Ornamenten:<br \/>Papier-Schablonen-Technik<br \/>Transfertechnik<\/p>\n<p>3. <strong>Sgraffito<\/strong>: eine Technik, bei der durch Kratzen und Ritzen wundersch\u00f6ne zweif\u00e4rbige Gestaltungen erzielt werden k\u00f6nnen.<\/p>\n<p>Alle Werke glasieren wir f\u00fcr euch transparent und diese k\u00f6nnt ihr nach 4-6 Wochen mit nach Hause nehmen.<\/p>\n<p><strong>Wochentags | 5 Stunden<\/strong><\/p>\n<p><strong><\/strong><\/p>\n<p><em><\/em><\/p>\n<h4><span style=\"font-size: small;\"><em>*Die Engobe ist ein Oberbegriff f\u00fcr eine d\u00fcnnfl\u00fcssige Tonmineralmasse, die zur Einf\u00e4rbung oder Beschichtung keramischer Produkte dient.<br \/>Wir verwenden Engoben in Schlicker-Form (= mit Wasser verd\u00fcnnter Ton).\u00a0<\/em><\/span><\/h4>\n<p>[\/et_pb_text][et_pb_text _builder_version=&#8220;4.23.1&#8243; _module_preset=&#8220;default&#8220; global_colors_info=&#8220;{}&#8220;]<\/p>\n<p><span>\u00dcbrigens: schaut euch <a href=\"https:\/\/maps.app.goo.gl\/VyeoTE2xYDzLfrLLA\">hier<\/a> die Eindr\u00fccke anderer Kursteilnehmer an: auf <a href=\"https:\/\/maps.app.goo.gl\/VyeoTE2xYDzLfrLLA\" target=\"_blank\" rel=\"noopener\"><strong><em>Google-Maps.<\/em><\/strong><\/a><\/span><\/p>\n<p><a href=\"\/kurse\/\">Hier<\/a> findest du weitere spannende <a href=\"\/kurse\/\">T\u00f6pferkurse<\/a>.<\/p>\n<p>[\/et_pb_text][divi_events_list_booking booking_params=&#8220;on&#8220; tags=&#8220;Engoben-Keramik-Kurs&#8220; recurring=&#8220;on&#8220; _builder_version=&#8220;4.24.0&#8243; _module_preset=&#8220;default&#8220; locked=&#8220;off&#8220; global_colors_info=&#8220;{}&#8220;][\/divi_events_list_booking][\/et_pb_column][et_pb_column type=&#8220;1_2&#8243; _builder_version=&#8220;4.22.0&#8243; _module_preset=&#8220;default&#8220; global_colors_info=&#8220;{}&#8220;][et_pb_image src=&#8220;https:\/\/ceramics-studio.de\/wp-content\/uploads\/2024\/08\/Engoben_05.jpg&#8220; alt=&#8220;Das Bild zeigt eine Steinzeug_Sch\u00fcssel mit Blatt-Muster-Gestaltung, die mit verschieden eingef\u00e4rbten Engoben gestaltet wurde. Beim Engobe-Dekorations-Keramikkurs mit P. &#038; C. | STUDIO CERAMICS. Hier lernst du, wie man Keramik mit Engoben farbig gestaltet.&#8220; title_text=&#8220;Engoben_Bowl&#8220; _builder_version=&#8220;4.27.0&#8243; _module_preset=&#8220;default&#8220; hover_enabled=&#8220;0&#8243; global_colors_info=&#8220;{}&#8220; sticky_enabled=&#8220;0&#8243;][\/et_pb_image][et_pb_text _builder_version=&#8220;4.25.1&#8243; _module_preset=&#8220;default&#8220; text_font=&#8220;PT Sans|700|on||||||&#8220; text_text_color=&#8220;#FFFFFF&#8220; text_font_size=&#8220;25px&#8220; text_line_height=&#8220;1.1em&#8220; background_color=&#8220;RGBA(255,255,255,0)&#8220; background_enable_image=&#8220;off&#8220; background_size=&#8220;initial&#8220; locked=&#8220;off&#8220; global_colors_info=&#8220;{}&#8220;]<\/p>\n<h2><em><strong><span style=\"color: #000000;\"><span style=\"caret-color: #000000;\">Zu diesem Design-Kurs:<\/span><\/span><\/strong><\/em><\/h2>\n<p>[\/et_pb_text][et_pb_text _builder_version=&#8220;4.24.0&#8243; _module_preset=&#8220;default&#8220; text_font=&#8220;PT Sans||||||||&#8220; text_text_color=&#8220;#000000&#8243; text_font_size=&#8220;17px&#8220; text_line_height=&#8220;1.3em&#8220; background_color=&#8220;RGBA(255,255,255,0)&#8220; background_enable_image=&#8220;off&#8220; background_size=&#8220;initial&#8220; locked=&#8220;off&#8220; global_colors_info=&#8220;{}&#8220;]<\/p>\n<h4><strong><em><span style=\"color: #000000;\"><span style=\"caret-color: #000000;\">In diesem Keramik-Kurs lernst du die vielen M\u00f6glichkeiten kennen, wie man Keramik mit Engobe gestalten kann<\/span><\/span>.<\/em><\/strong><\/h4>\n<p>In diesem Engoben-Gestaltungs-Kurs werden wir auf Fliesen die Techniken erproben und umsetzen. Am Ende kannst du auf einem (von uns zur Verf\u00fcgung gestellten) Teller deine eigene Idee mit den erlernten Techniken umsetzen.\u00a0<\/p>\n<p><strong>Wir glasieren deine Werke transparent.<\/strong><\/p>\n<p>In der Kursgeb\u00fchr sind die Materialkosten (Ton, Engobe, Transparentglasur) inbegriffen.<\/p>\n<p>Deine <strong>fertigen St\u00fccke<\/strong> kannst du ungef\u00e4hr vier bis sechs Wochen nach dem Engoben-Keramik-Kurs bei uns abholen. Wir informieren dich via Email, sobald sie gebrannt sind. Wir bitten um Verst\u00e4ndnis, dass wir die fertigen Werke <span style=\"text-decoration: underline;\">nicht l\u00e4nger als sechs Wochen aufbewahren<\/span> k\u00f6nnen.<\/p>\n<p>Im Falle einer <strong>Stornierung<\/strong>: Bis sieben Tage vor Kursbeginn kann eine Kursanmeldung schriftlich via Email kostenfrei storniert werden. Bei einer Stornierung bis 24 Stunden vor Kursbeginn erh\u00e4ltst Du 50% des Kursbetrags zur\u00fcck. Verpasste Kurstermine k\u00f6nnen <span style=\"text-decoration: underline;\">nicht<\/span> nachgeholt werden.<strong><\/strong><\/p>\n<p><span style=\"font-size: small;\">Wir aktualisieren unsere Kurstermine regelm\u00e4\u00dfig.<\/span><br \/><span style=\"font-size: small;\">Du findest keinen passenden Termin?<\/span><br \/><span style=\"font-size: small;\">Schreib uns eine Email: <a href=\"mailto:buchungen@ceramics-studio.de\">buchungen@ceramics-studio.de<\/a><\/span><\/p>\n<p>[\/et_pb_text][et_pb_text _builder_version=&#8220;4.22.0&#8243; _module_preset=&#8220;default&#8220; text_font=&#8220;PT Sans||||||||&#8220; text_text_color=&#8220;#000000&#8243; text_font_size=&#8220;17px&#8220; text_line_height=&#8220;1.3em&#8220; background_color=&#8220;RGBA(255,255,255,0)&#8220; background_enable_image=&#8220;off&#8220; background_size=&#8220;initial&#8220; global_colors_info=&#8220;{}&#8220;]<\/p>\n<p>Hast du Interesse oder Fragen dazu?<\/p>\n<p><span style=\"font-size: medium;\">Schreib uns eine Email: <a href=\"mailto:buchungen@ceramics-studio.de\">buchungen@ceramics-studio.de<\/a><\/span><\/p>\n<p>[\/et_pb_text][\/et_pb_column][\/et_pb_row][\/et_pb_section]<\/p>\n","protected":false},"excerpt":{"rendered":"<p>In diesem Keramik-Kurs lernst du mehr zum Thema Gestalten mit Engoben. Von der Herstellung der Keramik-Farben bis zum Einsatz auf der Tonware.<\/p>","protected":false},"author":1,"featured_media":2131,"parent":0,"menu_order":0,"comment_status":"closed","ping_status":"closed","template":"","meta":{"_et_pb_use_builder":"on","_et_pb_old_content":"","_et_gb_content_width":"","footnotes":""},"class_list":["post-890","page","type-page","status-publish","has-post-thumbnail","hentry"],"jetpack_sharing_enabled":true,"_links":{"self":[{"href":"https:\/\/ceramics-studio.de\/en\/wp-json\/wp\/v2\/pages\/890","targetHints":{"allow":["GET"]}}],"collection":[{"href":"https:\/\/ceramics-studio.de\/en\/wp-json\/wp\/v2\/pages"}],"about":[{"href":"https:\/\/ceramics-studio.de\/en\/wp-json\/wp\/v2\/types\/page"}],"author":[{"embeddable":true,"href":"https:\/\/ceramics-studio.de\/en\/wp-json\/wp\/v2\/users\/1"}],"replies":[{"embeddable":true,"href":"https:\/\/ceramics-studio.de\/en\/wp-json\/wp\/v2\/comments?post=890"}],"version-history":[{"count":0,"href":"https:\/\/ceramics-studio.de\/en\/wp-json\/wp\/v2\/pages\/890\/revisions"}],"wp:featuredmedia":[{"embeddable":true,"href":"https:\/\/ceramics-studio.de\/en\/wp-json\/wp\/v2\/media\/2131"}],"wp:attachment":[{"href":"https:\/\/ceramics-studio.de\/en\/wp-json\/wp\/v2\/media?parent=890"}],"curies":[{"name":"wp","href":"https:\/\/api.w.org\/{rel}","templated":true}]}}