{"id":2924,"date":"2024-07-05T15:04:11","date_gmt":"2024-07-05T13:04:11","guid":{"rendered":"https:\/\/ceramics-studio.de\/?post_type=product&#038;p=2924"},"modified":"2025-11-06T21:40:41","modified_gmt":"2025-11-06T20:40:41","slug":"circly01","status":"publish","type":"product","link":"https:\/\/ceramics-studio.de\/en\/product\/circly01\/","title":{"rendered":"CIRCLY 01 Bowl \u2013 SOLD"},"content":{"rendered":"<p>CIRCLY 01 ist eine flache Sch\u00fcssel mit Fu\u00df, aus wei\u00dfem Steinzeug auf der T\u00f6pferscheibe gedreht, mit schwarzer Engobe eingef\u00e4rbt und transparenter Glasur veredelt.<\/p>\n<p>Diese Sch\u00fcssel ist perfekt f\u00fcr praktisch jedes Gericht und besticht durch ihr einzigartiges Design aus der Serie CIRCLY.<\/p>\n<p>Ma\u00dfe: ca. \u00d8 18 cm x H 6 cm<\/p>\n<p>Jedes St\u00fcck ist von Hand gefertigt und einzigartig. Von jedem Produkt auf unserer Shop-Seite gibt es nur ein einziges Exemplar. Alle Produkte sind sp\u00fclmaschinenfest und f\u00fcr die Benutzung f\u00fcr Lebensmittel geeignet. Wenn das Produkt aber besonders lange und benutzungsspurenfrei bleiben soll, empfehlen wir, sie von Hand zu waschen.<\/p>","protected":false},"excerpt":{"rendered":"<p><strong>Verkauft<\/strong><\/p>\n<p>CIRCLY 01 ist eine flache Sch\u00fcssel mit Fu\u00df, aus wei\u00dfem Steinzeug auf der T\u00f6pferscheibe gedreht, mit schwarzer Engobe eingef\u00e4rbt und transparenter Glasur veredelt.<\/p>\n<p>Diese Sch\u00fcssel ist perfekt f\u00fcr praktisch jedes Gericht und besticht durch ihr einzigartiges Design aus der Serie CIRCLY.<\/p>\n<p>Ma\u00dfe: ca. \u00d8 18 cm x H 6 cm<\/p>\n<p>Jedes St\u00fcck ist von Hand gefertigt und einzigartig. Von jedem Produkt auf unserer Shop-Seite gibt es nur ein einziges Exemplar. Alle Produkte sind sp\u00fclmaschinenfest und f\u00fcr die Benutzung f\u00fcr Lebensmittel geeignet. Wenn das Produkt aber besonders lange und benutzungsspurenfrei bleiben soll, empfehlen wir, sie von Hand zu waschen.<\/p>","protected":false},"featured_media":4333,"template":"","meta":{"_et_pb_use_builder":"off","_et_pb_old_content":"","_et_gb_content_width":""},"product_brand":[],"product_cat":[73],"product_tag":[74,112,113,68,109,75,66,76,82],"class_list":{"0":"post-2924","1":"product","2":"type-product","3":"status-publish","4":"has-post-thumbnail","6":"product_cat-geschirr-tableware","7":"product_tag-geschirr","8":"product_tag-handbemalt","9":"product_tag-handgemacht","10":"product_tag-keramik","11":"product_tag-pastateller","12":"product_tag-schuessel","13":"product_tag-selbstgemacht","14":"product_tag-steinzeug","15":"product_tag-ton","16":"product_shipping_class-paket","18":"first","19":"outofstock","20":"sold-individually","21":"shipping-taxable","22":"purchasable","23":"product-type-simple"},"jetpack_sharing_enabled":true,"_links":{"self":[{"href":"https:\/\/ceramics-studio.de\/en\/wp-json\/wp\/v2\/product\/2924","targetHints":{"allow":["GET"]}}],"collection":[{"href":"https:\/\/ceramics-studio.de\/en\/wp-json\/wp\/v2\/product"}],"about":[{"href":"https:\/\/ceramics-studio.de\/en\/wp-json\/wp\/v2\/types\/product"}],"wp:featuredmedia":[{"embeddable":true,"href":"https:\/\/ceramics-studio.de\/en\/wp-json\/wp\/v2\/media\/4333"}],"wp:attachment":[{"href":"https:\/\/ceramics-studio.de\/en\/wp-json\/wp\/v2\/media?parent=2924"}],"wp:term":[{"taxonomy":"product_brand","embeddable":true,"href":"https:\/\/ceramics-studio.de\/en\/wp-json\/wp\/v2\/product_brand?post=2924"},{"taxonomy":"product_cat","embeddable":true,"href":"https:\/\/ceramics-studio.de\/en\/wp-json\/wp\/v2\/product_cat?post=2924"},{"taxonomy":"product_tag","embeddable":true,"href":"https:\/\/ceramics-studio.de\/en\/wp-json\/wp\/v2\/product_tag?post=2924"}],"curies":[{"name":"wp","href":"https:\/\/api.w.org\/{rel}","templated":true}]}}