{"id":3067,"date":"2024-07-30T12:47:20","date_gmt":"2024-07-30T10:47:20","guid":{"rendered":"https:\/\/ceramics-studio.de\/?post_type=product&#038;p=3067"},"modified":"2024-11-04T14:40:04","modified_gmt":"2024-11-04T13:40:04","slug":"circly-04","status":"publish","type":"product","link":"https:\/\/ceramics-studio.de\/en\/product\/circly-04\/","title":{"rendered":"CIRCLY 04 Bowl"},"content":{"rendered":"","protected":false},"excerpt":{"rendered":"<p>CIRCLY 04 ist eine weite Sch\u00fcssel mit Fu\u00df, aus wei\u00dfem Steinzeug auf der T\u00f6pferscheibe gedreht, mit hellrosa Engobe eingef\u00e4rbt und mit transparenter Glasur veredelt.<\/p>\n<p>Diese Sch\u00fcssel ist \u00e4u\u00dferst praktisch f\u00fcr Salate oder Obst und besticht durch ihr einzigartiges Design aus der Serie CIRCLY.<\/p>\n<p>Ma\u00dfe: ca. \u00d8 25,5 cm x H 8,5 cm<\/p>\n<p>Jedes St\u00fcck ist von Hand gefertigt und einzigartig. Von jedem Produkt auf unserer Shop-Seite gibt es nur ein einziges Exemplar. Alle Produkte sind sp\u00fclmaschinenfest und f\u00fcr die Benutzung f\u00fcr Lebensmittel geeignet. Wenn das Produkt aber besonders lange und benutzungsspurenfrei bleiben soll, empfehlen wir, es mit der Hand zu waschen.<\/p>","protected":false},"featured_media":4321,"template":"","meta":{"_et_pb_use_builder":"off","_et_pb_old_content":"Not just a bowl ideal for noudles and soup. Its also a feast for the eyes. Colors for the table. Friendly and playful.This bowl has been thrown on the wheel in white stoneware-clay, colored with slip and finished with our own transparent glaze.","_et_gb_content_width":""},"product_brand":[],"product_cat":[73],"product_tag":[112,113,68,66,111],"class_list":{"0":"post-3067","1":"product","2":"type-product","3":"status-publish","4":"has-post-thumbnail","6":"product_cat-geschirr-tableware","7":"product_tag-handbemalt","8":"product_tag-handgemacht","9":"product_tag-keramik","10":"product_tag-selbstgemacht","11":"product_tag-steinzeugschale","12":"product_shipping_class-paket","14":"first","15":"instock","16":"sold-individually","17":"shipping-taxable","18":"purchasable","19":"product-type-simple"},"jetpack_sharing_enabled":true,"_links":{"self":[{"href":"https:\/\/ceramics-studio.de\/en\/wp-json\/wp\/v2\/product\/3067","targetHints":{"allow":["GET"]}}],"collection":[{"href":"https:\/\/ceramics-studio.de\/en\/wp-json\/wp\/v2\/product"}],"about":[{"href":"https:\/\/ceramics-studio.de\/en\/wp-json\/wp\/v2\/types\/product"}],"wp:featuredmedia":[{"embeddable":true,"href":"https:\/\/ceramics-studio.de\/en\/wp-json\/wp\/v2\/media\/4321"}],"wp:attachment":[{"href":"https:\/\/ceramics-studio.de\/en\/wp-json\/wp\/v2\/media?parent=3067"}],"wp:term":[{"taxonomy":"product_brand","embeddable":true,"href":"https:\/\/ceramics-studio.de\/en\/wp-json\/wp\/v2\/product_brand?post=3067"},{"taxonomy":"product_cat","embeddable":true,"href":"https:\/\/ceramics-studio.de\/en\/wp-json\/wp\/v2\/product_cat?post=3067"},{"taxonomy":"product_tag","embeddable":true,"href":"https:\/\/ceramics-studio.de\/en\/wp-json\/wp\/v2\/product_tag?post=3067"}],"curies":[{"name":"wp","href":"https:\/\/api.w.org\/{rel}","templated":true}]}}