{"id":3069,"date":"2024-07-30T12:50:25","date_gmt":"2024-07-30T10:50:25","guid":{"rendered":"https:\/\/ceramics-studio.de\/?post_type=product&#038;p=3069"},"modified":"2024-12-08T11:49:27","modified_gmt":"2024-12-08T10:49:27","slug":"circly-06","status":"publish","type":"product","link":"https:\/\/ceramics-studio.de\/en\/product\/circly-06\/","title":{"rendered":"CIRCLY 06 Bowl \u2013 SOLD"},"content":{"rendered":"","protected":false},"excerpt":{"rendered":"<p><strong>VERKAUFT<\/strong><br \/>\nCIRCLY 06 ist eine hohe Sch\u00fcssel mit Fu\u00df, aus wei\u00dfem Steinzeug auf der T\u00f6pferscheibe gedreht, mit gr\u00fcnblauer Engobe eingef\u00e4rbt und mit transparenter Glasur veredelt.<\/p>\n<p>Diese Sch\u00fcssel ist perfekt f\u00fcr praktisch f\u00fcr Salate oder Obst und besticht durch ihr einzigartiges Design aus der Serie CIRCLY.<\/p>\n<p>Ma\u00dfe: ca. \u00d8 22 cm x H 10,5 cm<\/p>\n<p>Jedes St\u00fcck ist von Hand gefertigt und einzigartig. Von jedem Produkt auf unserer Shop-Seite gibt es nur ein einziges Exemplar. Alle Produkte sind sp\u00fclmaschinenfest und f\u00fcr die Benutzung f\u00fcr Lebensmittel geeignet. Wenn das Produkt aber besonders lange und benutzungsspurenfrei bleiben soll, empfehlen wir, sie von Hand zu waschen.<\/p>","protected":false},"featured_media":4545,"template":"","meta":{"_et_pb_use_builder":"off","_et_pb_old_content":"Not just a bowl ideal for noudles and soup. Its also a feast for the eyes. Colors for the table. Friendly and playful.This bowl has been thrown on the wheel in white stoneware-clay, colored with slip and finished with our own transparent glaze.","_et_gb_content_width":""},"product_brand":[],"product_cat":[55,73],"product_tag":[],"class_list":{"0":"post-3069","1":"product","2":"type-product","3":"status-publish","4":"has-post-thumbnail","6":"product_cat-bowls","7":"product_cat-geschirr-tableware","9":"first","10":"outofstock","11":"sold-individually","12":"shipping-taxable","13":"purchasable","14":"product-type-simple"},"jetpack_sharing_enabled":true,"_links":{"self":[{"href":"https:\/\/ceramics-studio.de\/en\/wp-json\/wp\/v2\/product\/3069","targetHints":{"allow":["GET"]}}],"collection":[{"href":"https:\/\/ceramics-studio.de\/en\/wp-json\/wp\/v2\/product"}],"about":[{"href":"https:\/\/ceramics-studio.de\/en\/wp-json\/wp\/v2\/types\/product"}],"wp:featuredmedia":[{"embeddable":true,"href":"https:\/\/ceramics-studio.de\/en\/wp-json\/wp\/v2\/media\/4545"}],"wp:attachment":[{"href":"https:\/\/ceramics-studio.de\/en\/wp-json\/wp\/v2\/media?parent=3069"}],"wp:term":[{"taxonomy":"product_brand","embeddable":true,"href":"https:\/\/ceramics-studio.de\/en\/wp-json\/wp\/v2\/product_brand?post=3069"},{"taxonomy":"product_cat","embeddable":true,"href":"https:\/\/ceramics-studio.de\/en\/wp-json\/wp\/v2\/product_cat?post=3069"},{"taxonomy":"product_tag","embeddable":true,"href":"https:\/\/ceramics-studio.de\/en\/wp-json\/wp\/v2\/product_tag?post=3069"}],"curies":[{"name":"wp","href":"https:\/\/api.w.org\/{rel}","templated":true}]}}