{"id":3419,"date":"2024-08-26T16:10:51","date_gmt":"2024-08-26T14:10:51","guid":{"rendered":"https:\/\/ceramics-studio.de\/?post_type=product&#038;p=3419"},"modified":"2025-05-05T12:02:47","modified_gmt":"2025-05-05T10:02:47","slug":"gutschein_390","status":"publish","type":"product","link":"https:\/\/ceramics-studio.de\/en\/product\/gutschein_390\/","title":{"rendered":"GUTSCHEIN  im Wert einer 18-st\u00fcndigen Veranstaltung"},"content":{"rendered":"<div class=\"et_pb_module et_pb_text et_pb_text_0 et_pb_text_align_left et_pb_bg_layout_light\">\n<div class=\"et_pb_text_inner\">\n<p><strong>Gift cards for pottery-courses<\/strong><\/p>\n<\/div>\n<\/div>\n<div class=\"et_pb_module et_pb_text et_pb_text_1 et_pb_text_align_left et_pb_bg_layout_light\">\n<div class=\"et_pb_text_inner\">\n<p>Do you want to give someone unforgettable joy with a voucher?<\/p>\n<\/div>\n<\/div>\n<div class=\"et_pb_module et_pb_text et_pb_text_2 et_pb_text_align_left et_pb_bg_layout_light\">\n<div class=\"et_pb_text_inner\">\n<p>We offer gift vouchers \u2013 worth:<\/p>\n<p><strong>\u20ac 72<\/strong>\u00a0| e.g. for an 2-hour course, like <em>Taster course at the potter's wheel<\/em><\/p>\n<p><strong>\u20ac 195 <\/strong>| e.g. for an 8-hour course, like <em>Course at the potters wheel on weekends<\/em>, <em>4-weeks-course at the potter\u00b4s wheel<\/em>, <em>Courses for handbuilding techniques<\/em><\/p>\n<p><em><strong>\u20ac 390<\/strong><\/em><em> | z.B. f\u00fcr einen 18-st\u00fcndigen T\u00f6pferkurs, wie 4<\/em><em>-Tage-Intensivkurs<\/em><\/p>\n<p>&nbsp;<\/p>\n<\/div>\n<\/div>","protected":false},"excerpt":{"rendered":"<p>We offer gift vouchers \u2013 worth: <em><strong>\u20ac 390<\/strong><\/em><em> | e.g. for an 18-hour pottery-course <\/em>or products from our shop.<\/p>\n<p>When you order the <strong>gift voucher<\/strong> , we'll send it to you as a PDF file for you <strong>to print yourself.<\/strong>.<br \/>\nAlternatively, you can pick up a <strong>physical copy<\/strong> of the gift voucher with our original stamp at our studio at <strong>Wiebestra\u00dfe 40 (10553 Berlin)<\/strong> . In that case, simply send us an email to <a href=\"mailto:buchungen@ceramics-studio.de\"><strong>buchungen@ceramics-studio.de<\/strong><\/a> .<\/p>","protected":false},"featured_media":3243,"template":"","meta":{"_et_pb_use_builder":"","_et_pb_old_content":"","_et_gb_content_width":""},"product_brand":[],"product_cat":[58],"product_tag":[61,59,60],"class_list":{"0":"post-3419","1":"product","2":"type-product","3":"status-publish","4":"has-post-thumbnail","6":"product_cat-gutscheine","7":"product_tag-coupons","8":"product_tag-gutschein","9":"product_tag-gutscheine","11":"first","12":"instock","13":"virtual","14":"purchasable","15":"product-type-simple"},"jetpack_sharing_enabled":true,"_links":{"self":[{"href":"https:\/\/ceramics-studio.de\/en\/wp-json\/wp\/v2\/product\/3419","targetHints":{"allow":["GET"]}}],"collection":[{"href":"https:\/\/ceramics-studio.de\/en\/wp-json\/wp\/v2\/product"}],"about":[{"href":"https:\/\/ceramics-studio.de\/en\/wp-json\/wp\/v2\/types\/product"}],"wp:featuredmedia":[{"embeddable":true,"href":"https:\/\/ceramics-studio.de\/en\/wp-json\/wp\/v2\/media\/3243"}],"wp:attachment":[{"href":"https:\/\/ceramics-studio.de\/en\/wp-json\/wp\/v2\/media?parent=3419"}],"wp:term":[{"taxonomy":"product_brand","embeddable":true,"href":"https:\/\/ceramics-studio.de\/en\/wp-json\/wp\/v2\/product_brand?post=3419"},{"taxonomy":"product_cat","embeddable":true,"href":"https:\/\/ceramics-studio.de\/en\/wp-json\/wp\/v2\/product_cat?post=3419"},{"taxonomy":"product_tag","embeddable":true,"href":"https:\/\/ceramics-studio.de\/en\/wp-json\/wp\/v2\/product_tag?post=3419"}],"curies":[{"name":"wp","href":"https:\/\/api.w.org\/{rel}","templated":true}]}}