{"id":3637,"date":"2024-10-07T19:08:08","date_gmt":"2024-10-07T17:08:08","guid":{"rendered":"https:\/\/ceramics-studio.de\/?post_type=product&#038;p=3637"},"modified":"2026-03-24T15:08:15","modified_gmt":"2026-03-24T14:08:15","slug":"gestalte-selbstgemachte-teller-mit-farbiger-engobe","status":"publish","type":"product","link":"https:\/\/ceramics-studio.de\/en\/product\/gestalte-selbstgemachte-teller-mit-farbiger-engobe\/","title":{"rendered":"Teller mit farbiger Engobe herstellen und gestalten"},"content":{"rendered":"<p>We are happy to support you in English during the course.<\/p>\n<p>Your clothes should give you freedom of movement and allow you to get dirty. Your fingernails should be a short, practical length.<\/p>\n<p>The price includes firing and glazing the finished products with a transparent glaze. If you do not want a colored glaze, then there will be <strong>no additional costs<\/strong> .<\/p>\n<p>In all courses, the workplace and tools are cleaned and tidied up together during the last 10-15 minutes.<\/p>\n<p>Your <strong>finished pieces<\/strong> can be picked up from us about four to six weeks later. We will inform you via email as soon as they have been fired. We ask for your understanding that we can't store the fired pieces longer than six weeks. <em>Uncollected items are given away to passersby.<\/em><\/p>\n<p>In case of <strong>cancellation :<\/strong>: Bis 10 Tage vor Kursbeginn kann eine Kursanmeldung schriftlich via Email storniert werden und der Kursbetrag (minus Bearbeitungsgeb\u00fchr) werden zur\u00fcckerstattet. Bei einer Stornierung bis 48 Stunden vor Kursbeginn erh\u00e4ltst Du 50% des Kursbetrags zur\u00fcck. F\u00fcr eine Stornierung werden pro storniertem Platz \u20ac 5 Bearbeitungsgeb\u00fchr verrechnet. Verpasste Kurstermine k\u00f6nnen nicht nachgeholt werden.<\/p>\n<p>Also: Look <a href=\"https:\/\/maps.app.goo.gl\/VyeoTE2xYDzLfrLLA\" target=\"_blank\" rel=\"noopener\">here<\/a> impressions of other course participants: on <a href=\"https:\/\/maps.app.goo.gl\/VyeoTE2xYDzLfrLLA\" target=\"_blank\" rel=\"noopener\"><strong><em>Google-Maps<\/em><\/strong><\/a><\/p>\n<p>&nbsp;<\/p>","protected":false},"excerpt":{"rendered":"<p>Nicht nur das festliche Essen ist besonders, sondern auch der Teller, auf dem es serviert wird \u2013 handgemacht und individuell gestaltet. F\u00fcr sich selbst oder f\u00fcr einen geliebten Menschen.<br \/>\nDie beschenkte Person wird mit Sicherheit immer an dich denken!<\/p>\n<p>Wir zeigen dir, wie man mit der Plattentechnik Teller aus wei\u00dfem Ton herstellt \u2013 und wie man sie mit farbiger Engobe gestaltet.<br \/>\nEngobe ist eingef\u00e4rbter fl\u00fcssiger Ton, mit dem du mittels Schablonen Muster und Motive auf deine Keramikteller aufbringst. Oder du malst ganz frei nach deinen eigenen Ideen. Deiner Phantasie sind keine Grenzen gesetzt.<br \/>\nDie gelernte Technik kann jederzeit zuhause nachgemacht werden!<br \/>\nDieser Keramikkurs ist auch f\u00fcr Kinder ab 10 Jahren geeignet.<\/p>","protected":false},"featured_media":5860,"template":"","meta":{"_et_pb_use_builder":"off","_et_pb_old_content":"Dieser Kurs dauert 2,5 Stunden und es k\u00f6nnen zwei Teller hergestellt werden. Wir glasieren f\u00fcr euch die Ergebnisse mit transparenter Glasur. So sind die Teller lebensmittelsicher und k\u00f6nnen in der Sp\u00fclmaschine gereinigt werden.\r\nWaschen mit der Hand wird von uns aber empfohlen.\r\n\r\nDeine Kleidung soll dir Bewegungsfreiheit geben und schmutzig werden d\u00fcrfen. In der Kursgeb\u00fchr sind die Materialkosten (Ton, Engobe, farblose Glasur, etc.) inbegriffen.\r\nEs kommen <strong>keine Mehrkosten<\/strong> auf dich zu.\r\n\r\nDeine <strong>fertigen St\u00fccke<\/strong> kannst du ungef\u00e4hr vier bis sechs Wochen nach dem Kurs bei uns abholen. Wir informieren dich via Email, sobald sie gebrannt sind. Wir bitten um Verst\u00e4ndnis, dass wir die fertigen Werke nicht l\u00e4nger als sechs Wochen aufbewahren k\u00f6nnen.\r\n\r\nIm Falle einer <strong>Stornierung<\/strong>: Bis sieben Tage vor Kursbeginn kann eine Kursanmeldung schriftlich via Email kostenfrei storniert werden. Bei einer Stornierung bis 24 Stunden vor Kursbeginn erh\u00e4ltst Du 50% des Kursbetrags zur\u00fcck. Verpasste Kurstermine k\u00f6nnen nicht nachgeholt werden.","_et_gb_content_width":""},"product_brand":[],"product_cat":[64,98,63],"product_tag":[80,70,71,72,69,68,81,66,67,82,79,65],"class_list":{"0":"post-3637","1":"product","2":"type-product","3":"status-publish","4":"has-post-thumbnail","6":"product_cat-geschenke-selbstgemacht","7":"product_cat-handaufbau","8":"product_cat-kurse","9":"product_tag-diy","10":"product_tag-drehscheibe","11":"product_tag-engobe","12":"product_tag-geschenke","13":"product_tag-handaufbau","14":"product_tag-keramik","15":"product_tag-kurs","16":"product_tag-selbstgemacht","17":"product_tag-teller","18":"product_tag-ton","19":"product_tag-toepferkurs","20":"product_tag-weihnachtsgeschenke","21":"product_shipping_class-kostenfrei","23":"first","24":"instock","25":"shipping-taxable","26":"purchasable","27":"product-type-variable"},"jetpack_sharing_enabled":true,"_links":{"self":[{"href":"https:\/\/ceramics-studio.de\/en\/wp-json\/wp\/v2\/product\/3637","targetHints":{"allow":["GET"]}}],"collection":[{"href":"https:\/\/ceramics-studio.de\/en\/wp-json\/wp\/v2\/product"}],"about":[{"href":"https:\/\/ceramics-studio.de\/en\/wp-json\/wp\/v2\/types\/product"}],"wp:featuredmedia":[{"embeddable":true,"href":"https:\/\/ceramics-studio.de\/en\/wp-json\/wp\/v2\/media\/5860"}],"wp:attachment":[{"href":"https:\/\/ceramics-studio.de\/en\/wp-json\/wp\/v2\/media?parent=3637"}],"wp:term":[{"taxonomy":"product_brand","embeddable":true,"href":"https:\/\/ceramics-studio.de\/en\/wp-json\/wp\/v2\/product_brand?post=3637"},{"taxonomy":"product_cat","embeddable":true,"href":"https:\/\/ceramics-studio.de\/en\/wp-json\/wp\/v2\/product_cat?post=3637"},{"taxonomy":"product_tag","embeddable":true,"href":"https:\/\/ceramics-studio.de\/en\/wp-json\/wp\/v2\/product_tag?post=3637"}],"curies":[{"name":"wp","href":"https:\/\/api.w.org\/{rel}","templated":true}]}}