{"id":3657,"date":"2024-09-27T16:31:12","date_gmt":"2024-09-27T14:31:12","guid":{"rendered":"https:\/\/ceramics-studio.de\/?post_type=product&#038;p=3657"},"modified":"2026-04-06T16:50:05","modified_gmt":"2026-04-06T14:50:05","slug":"tassen-und-teller-selbstgemacht-mit-handaufbau","status":"publish","type":"product","link":"https:\/\/ceramics-studio.de\/en\/product\/tassen-und-teller-selbstgemacht-mit-handaufbau\/","title":{"rendered":"DIY Creative-Course: Cups and plates \u2013 homemade with hand-building techniques"},"content":{"rendered":"<p>Dieser Kurs dauert 2,5 Stunden und es k\u00f6nnen zwei bis vier Tassen oder Teller hergestellt werden.<br \/>\nWir glasieren f\u00fcr euch die Ergebnisse mit transparenter Glasur. So sind die Teller lebensmittelsicher und k\u00f6nnen in der Sp\u00fclmaschine gereinigt werden.<br \/>\nWaschen mit der Hand wird von uns aber empfohlen.<\/p>\n<p>Deine Kleidung soll dir Bewegungsfreiheit geben und schmutzig werden d\u00fcrfen.<br \/>\nThe course fee  includes the material costs (clay, transparent glaze). If you do not want colored glaze, then there will be <strong>no additional costs<\/strong> auf dich zu, sonst glasieren wir deine St\u00fccke f\u00fcr dich. Das kostet \u20ac 4,\u2013 pro St\u00fcck.<\/p>\n<p>In all courses, the workplace and tools are cleaned and tidied up together during the last 10-15 minutes.<\/p>\n<p>Your <strong>finished pieces<\/strong> can be picked up from us about four to six weeks later. We will inform you via email as soon as they have been fired. We ask for your understanding that we can't store the fired pieces longer than six weeks.<\/p>\n<p>In case of <strong>cancellation :<\/strong>: Cancellations can be made in writing via email up to seven days before the course start date, and the course fee (less the processing fee) will be refunded. If you cancel up to 24 hours before the course start date, you will receive a 50% refund. A \u20ac5 processing fee will be charged for each cancelled place. Missed course dates cannot be rescheduled.<\/p>\n<p>Also: Look <a href=\"https:\/\/maps.app.goo.gl\/VyeoTE2xYDzLfrLLA\" target=\"_blank\" rel=\"noopener\">here<\/a> impressions of other course participants: on <a href=\"https:\/\/maps.app.goo.gl\/VyeoTE2xYDzLfrLLA\" target=\"_blank\" rel=\"noopener\"><strong><em>Google-Maps<\/em><\/strong><\/a><\/p>\n<p>&nbsp;<\/p>","protected":false},"excerpt":{"rendered":"<p>Unsere Idee: wir wollen das Leben sch\u00f6ner machen.<br \/>\nDazu, so finden wir, hilft es, wenn man schon morgens seinen Kaffee, sein Brot oder M\u00fcsli aus selbstgemachten, individuell gestalteten Tassen, Bechern und Tellern oder Sch\u00fcsseln trinkt und isst.<\/p>\n<p>Wir zeigen dir, wie man mit den verschiedenen Handaufbautechniken, wie Daumentechnik (=<em>Pinchen<\/em>), Wulsttechnik und Plattentechnik einfache Tassen mit Henkel und Teller aus wei\u00dfem Ton herstellt. Ebenso lernst du, wie man noch schmuckhafte Details anbringt oder Gef\u00e4\u00dfe mit farbiger Engobe bemalt. Engobe ist eingef\u00e4rbter fl\u00fcssiger Ton, mit dem du malerisch deine neuen Tassen und Teller einf\u00e4rben kannst.<\/p>\n<p>Die gelernte Technik kann jederzeit zuhause nachgemacht werden. Die Drehscheibe wird in diesem Kurs nicht verwendet.<br \/>\nDieser Keramikkurs ist auch f\u00fcr Kinder ab 8 Jahren geeignet.<\/p>","protected":false},"featured_media":4797,"template":"","meta":{"_et_pb_use_builder":"off","_et_pb_old_content":"Von diesen Tellern essen sich alle Speisen noch viel lieber. Ein wunderbar individuelles Geschenk, dass die beschenkten mit Sicherheit immer an Sie denken l\u00e4sst. Sie stellen mit der Plattentechnik und an der Drehscheibe aus wei\u00dfem Ton Teller her und gestalten sie mit farbiger Engobe, indem Sie ganz malerisch oder mit Schablonen Muster und Motive auf diese Keramikteller aufbringen. Wir glasieren Ihre Ergebnisse anschlie\u00dfend mit transparenter Glasur.\r\n\r\nDie gelernte Technik k\u00f6nnen Sie jederzeit zuhause nachmachen.\r\n\r\nDieser Kurs dauert 4 Stunden und es k\u00f6nnen bis zu vier Teller hergestellt werden. Die Teller sind lebensmittelsicher und k\u00f6nnen in der Sp\u00fclmaschine gereinigt werden. Waschen mit der Hand wird von uns aber empfohlen.\r\n\r\n\u00a0","_et_gb_content_width":""},"product_brand":[],"product_cat":[64,98,63],"product_tag":[80,71,72,69,68,81,66,67,82,79,65],"class_list":{"0":"post-3657","1":"product","2":"type-product","3":"status-publish","4":"has-post-thumbnail","6":"product_cat-geschenke-selbstgemacht","7":"product_cat-handaufbau","8":"product_cat-kurse","9":"product_tag-diy","10":"product_tag-engobe","11":"product_tag-geschenke","12":"product_tag-handaufbau","13":"product_tag-keramik","14":"product_tag-kurs","15":"product_tag-selbstgemacht","16":"product_tag-teller","17":"product_tag-ton","18":"product_tag-toepferkurs","19":"product_tag-weihnachtsgeschenke","20":"product_shipping_class-kostenfrei","22":"first","23":"instock","24":"shipping-taxable","25":"purchasable","26":"product-type-variable"},"jetpack_sharing_enabled":true,"_links":{"self":[{"href":"https:\/\/ceramics-studio.de\/en\/wp-json\/wp\/v2\/product\/3657","targetHints":{"allow":["GET"]}}],"collection":[{"href":"https:\/\/ceramics-studio.de\/en\/wp-json\/wp\/v2\/product"}],"about":[{"href":"https:\/\/ceramics-studio.de\/en\/wp-json\/wp\/v2\/types\/product"}],"wp:featuredmedia":[{"embeddable":true,"href":"https:\/\/ceramics-studio.de\/en\/wp-json\/wp\/v2\/media\/4797"}],"wp:attachment":[{"href":"https:\/\/ceramics-studio.de\/en\/wp-json\/wp\/v2\/media?parent=3657"}],"wp:term":[{"taxonomy":"product_brand","embeddable":true,"href":"https:\/\/ceramics-studio.de\/en\/wp-json\/wp\/v2\/product_brand?post=3657"},{"taxonomy":"product_cat","embeddable":true,"href":"https:\/\/ceramics-studio.de\/en\/wp-json\/wp\/v2\/product_cat?post=3657"},{"taxonomy":"product_tag","embeddable":true,"href":"https:\/\/ceramics-studio.de\/en\/wp-json\/wp\/v2\/product_tag?post=3657"}],"curies":[{"name":"wp","href":"https:\/\/api.w.org\/{rel}","templated":true}]}}