{"id":3660,"date":"2024-09-27T16:36:55","date_gmt":"2024-09-27T14:36:55","guid":{"rendered":"https:\/\/ceramics-studio.de\/?post_type=product&#038;p=3660"},"modified":"2026-03-31T15:25:37","modified_gmt":"2026-03-31T13:25:37","slug":"hochdruck-leicht-gemacht-linolschnitt-fuer-bilder-und-karten","status":"publish","type":"product","link":"https:\/\/ceramics-studio.de\/en\/product\/hochdruck-leicht-gemacht-linolschnitt-fuer-bilder-und-karten\/","title":{"rendered":"Kreativer Workshop: Hochdruck leicht gemacht \u2013 Linolschnitt f\u00fcr Erwachsene und Kinder"},"content":{"rendered":"<p>Dieser Kurs dauert 3,5 Stunden. An einem Termin ist die Herstellung und das Drucken einer Druckplatte m\u00f6glich.Du kannst gerne mehrere Termine buchen, wenn du lieber mit Begleitung weitere Druckplatten herstellen m\u00f6chtest.<\/p>\n<p>Am besten ist es, wenn du dein Druck-Motiv bereits zum Kurs mitbringst. Wir verwenden Druckplatten aus Gummi, denn die sind leichter zu schneiden und die Motive k\u00f6nnen noch pr\u00e4ziser ausgef\u00fchrt werden. Zwei Formatgr\u00f6\u00dfen sind umsetzbar: 7,5 x 7,5 cm <strong>or<\/strong> 10 x 15 cm.<\/p>\n<p>Deine Kleidung soll dir Bewegungsfreiheit geben und schmutzig werden d\u00fcrfen.<br \/>\nIn der Kursgeb\u00fchr sind die Materialkosten (Gummiplatten, Druckfarbe und Papier) inbegriffen. Es kommen <strong>no additional costs<\/strong> .<\/p>\n<p>In all courses, the workplace and tools are cleaned and tidied up together during the last 10-15 minutes.<\/p>\n<p>Your <strong>fertigen Drucke<\/strong> kannst du drei Tage sp\u00e4ter abholen, denn die Farbe muss trocknen.<\/p>\n<p>In case of <strong>cancellation :<\/strong>: Cancellations can be made in writing via email up to seven days before the course start date, and the course fee (less the processing fee) will be refunded. If you cancel up to 24 hours before the course start date, you will receive a 50% refund. A \u20ac5 processing fee will be charged for each cancelled place. Missed course dates cannot be rescheduled.<\/p>","protected":false},"excerpt":{"rendered":"<p>Auch blutige Anf\u00e4nger:innen lernen in diesem Kurs, wie man mit einer selber hergestellten Druckplatte aus Gummi zahlreiche Drucke f\u00fcr Gru\u00dfkarten, Wandbilder oder Stoffe herstellt.<br \/>\nDiese im Hochdruck erstellten Drucke sind einzigartig und so lebendig &#8230;<\/p>\n<p>Wir zeigen dir, wie man ein Motiv \u00fcbertr\u00e4gt, aus einer Platte schneidet und formatsicher auf Papier druckt. Bitte bringe dein eigenes Motiv bereits zum Kurs mit (m\u00f6gliche Formate: 7,5 x 7,5 cm <strong>or<\/strong> 10 x 15 cm).<\/p>\n<p>Herrliche selbstgemachte Geschenke und Karten sind mit der Hochdrucktechnik machbar.<br \/>\nDeine im Kurs hergestellte Platte kannst du auch zuhause weiter zum Drucken nutzen.<\/p>\n<p>Geeignet auch f\u00fcr Kinder ab 11 Jahre.<br \/>\nMaximal 4 Kursteilnehmer:innen.<\/p>\n<p>&nbsp;<\/p>","protected":false},"featured_media":4080,"template":"","meta":{"_et_pb_use_builder":"off","_et_pb_old_content":"Von diesen Tellern essen sich alle Speisen noch viel lieber. Ein wunderbar individuelles Geschenk, dass die beschenkten mit Sicherheit immer an Sie denken l\u00e4sst. Sie stellen mit der Plattentechnik und an der Drehscheibe aus wei\u00dfem Ton Teller her und gestalten sie mit farbiger Engobe, indem Sie ganz malerisch oder mit Schablonen Muster und Motive auf diese Keramikteller aufbringen. Wir glasieren Ihre Ergebnisse anschlie\u00dfend mit transparenter Glasur.\r\n\r\nDie gelernte Technik k\u00f6nnen Sie jederzeit zuhause nachmachen.\r\n\r\nDieser Kurs dauert 4 Stunden und es k\u00f6nnen bis zu vier Teller hergestellt werden. Die Teller sind lebensmittelsicher und k\u00f6nnen in der Sp\u00fclmaschine gereinigt werden. Waschen mit der Hand wird von uns aber empfohlen.\r\n\r\n\u00a0","_et_gb_content_width":""},"product_brand":[],"product_cat":[64,63,99],"product_tag":[85,72,86,87,66,65],"class_list":{"0":"post-3660","1":"product","2":"type-product","3":"status-publish","4":"has-post-thumbnail","6":"product_cat-geschenke-selbstgemacht","7":"product_cat-kurse","8":"product_cat-spezial","9":"product_tag-drucken","10":"product_tag-geschenke","11":"product_tag-hochdruck","12":"product_tag-linolschnitt","13":"product_tag-selbstgemacht","14":"product_tag-weihnachtsgeschenke","15":"product_shipping_class-kostenfrei","17":"first","18":"instock","19":"shipping-taxable","20":"purchasable","21":"product-type-variable"},"jetpack_sharing_enabled":true,"_links":{"self":[{"href":"https:\/\/ceramics-studio.de\/en\/wp-json\/wp\/v2\/product\/3660","targetHints":{"allow":["GET"]}}],"collection":[{"href":"https:\/\/ceramics-studio.de\/en\/wp-json\/wp\/v2\/product"}],"about":[{"href":"https:\/\/ceramics-studio.de\/en\/wp-json\/wp\/v2\/types\/product"}],"wp:featuredmedia":[{"embeddable":true,"href":"https:\/\/ceramics-studio.de\/en\/wp-json\/wp\/v2\/media\/4080"}],"wp:attachment":[{"href":"https:\/\/ceramics-studio.de\/en\/wp-json\/wp\/v2\/media?parent=3660"}],"wp:term":[{"taxonomy":"product_brand","embeddable":true,"href":"https:\/\/ceramics-studio.de\/en\/wp-json\/wp\/v2\/product_brand?post=3660"},{"taxonomy":"product_cat","embeddable":true,"href":"https:\/\/ceramics-studio.de\/en\/wp-json\/wp\/v2\/product_cat?post=3660"},{"taxonomy":"product_tag","embeddable":true,"href":"https:\/\/ceramics-studio.de\/en\/wp-json\/wp\/v2\/product_tag?post=3660"}],"curies":[{"name":"wp","href":"https:\/\/api.w.org\/{rel}","templated":true}]}}