{"id":3729,"date":"2024-09-29T13:45:17","date_gmt":"2024-09-29T11:45:17","guid":{"rendered":"https:\/\/ceramics-studio.de\/?post_type=product&#038;p=3729"},"modified":"2024-11-04T14:35:18","modified_gmt":"2024-11-04T13:35:18","slug":"circly-07-bowl","status":"publish","type":"product","link":"https:\/\/ceramics-studio.de\/en\/product\/circly-07-bowl\/","title":{"rendered":"CIRCLY 07 Bowl"},"content":{"rendered":"","protected":false},"excerpt":{"rendered":"<p>CIRCLY 07 ist eine kleine und zylindrische Sch\u00fcssel mit Fu\u00df, aus wei\u00dfem Steinzeug auf der T\u00f6pferscheibe gedreht, mit schwarzbrauner Engobe eingef\u00e4rbt und mit transparenter Glasur veredelt.<\/p>\n<p>Diese Sch\u00fcssel ist sehr praktisch f\u00fcr kleine Salate oder M\u00fcsli und besticht durch ihr einzigartiges Design aus der Serie CIRCLY.<\/p>\n<p>Ma\u00dfe: ca. \u00d8 14,5 cm x H 6,5 cm<\/p>\n<p>Jedes St\u00fcck ist von Hand gefertigt und einzigartig. Von jedem Produkt auf unserer Shop-Seite gibt es nur ein einziges Exemplar. Alle Produkte sind sp\u00fclmaschinenfest und f\u00fcr die Benutzung f\u00fcr Lebensmittel geeignet. Wenn das Produkt aber besonders lange und benutzungsspurenfrei bleiben soll, empfehlen wir, sie von Hand zu waschen.<\/p>","protected":false},"featured_media":4314,"template":"","meta":{"_et_pb_use_builder":"off","_et_pb_old_content":"Not just a bowl ideal for noudles and soup. Its also a feast for the eyes. Colors for the table. Friendly and playful.This bowl has been thrown on the wheel in white stoneware-clay, colored with slip and finished with our own transparent glaze.","_et_gb_content_width":""},"product_brand":[],"product_cat":[73],"product_tag":[112,113,68,111,82],"class_list":{"0":"post-3729","1":"product","2":"type-product","3":"status-publish","4":"has-post-thumbnail","6":"product_cat-geschirr-tableware","7":"product_tag-handbemalt","8":"product_tag-handgemacht","9":"product_tag-keramik","10":"product_tag-steinzeugschale","11":"product_tag-ton","12":"product_shipping_class-paket","14":"first","15":"instock","16":"sold-individually","17":"shipping-taxable","18":"purchasable","19":"product-type-simple"},"jetpack_sharing_enabled":true,"_links":{"self":[{"href":"https:\/\/ceramics-studio.de\/en\/wp-json\/wp\/v2\/product\/3729","targetHints":{"allow":["GET"]}}],"collection":[{"href":"https:\/\/ceramics-studio.de\/en\/wp-json\/wp\/v2\/product"}],"about":[{"href":"https:\/\/ceramics-studio.de\/en\/wp-json\/wp\/v2\/types\/product"}],"wp:featuredmedia":[{"embeddable":true,"href":"https:\/\/ceramics-studio.de\/en\/wp-json\/wp\/v2\/media\/4314"}],"wp:attachment":[{"href":"https:\/\/ceramics-studio.de\/en\/wp-json\/wp\/v2\/media?parent=3729"}],"wp:term":[{"taxonomy":"product_brand","embeddable":true,"href":"https:\/\/ceramics-studio.de\/en\/wp-json\/wp\/v2\/product_brand?post=3729"},{"taxonomy":"product_cat","embeddable":true,"href":"https:\/\/ceramics-studio.de\/en\/wp-json\/wp\/v2\/product_cat?post=3729"},{"taxonomy":"product_tag","embeddable":true,"href":"https:\/\/ceramics-studio.de\/en\/wp-json\/wp\/v2\/product_tag?post=3729"}],"curies":[{"name":"wp","href":"https:\/\/api.w.org\/{rel}","templated":true}]}}