{"id":3737,"date":"2024-09-29T14:12:43","date_gmt":"2024-09-29T12:12:43","guid":{"rendered":"https:\/\/ceramics-studio.de\/?post_type=product&#038;p=3737"},"modified":"2024-11-04T14:31:07","modified_gmt":"2024-11-04T13:31:07","slug":"pasta-plate-02","status":"publish","type":"product","link":"https:\/\/ceramics-studio.de\/en\/product\/pasta-plate-02\/","title":{"rendered":"Pasta Plate 02"},"content":{"rendered":"","protected":false},"excerpt":{"rendered":"<p>Pasta Plate 02 ist ein Schalen-Teller mit Fu\u00df, aus wei\u00dfem Steinzeug auf der T\u00f6pferscheibe gedreht, innen mit kobaltblauem lebhaft-abstraktem Muster dekoriert und mit transparenter Glasur veredelt.<\/p>\n<p>Dieser Teller ist perfekt und praktisch f\u00fcr Pasta oder Suppen und besticht durch sein einzigartiges farbenfrohes und k\u00fcnstlerisches Design.<\/p>\n<p>Ma\u00dfe: ca. \u00d8 20 cm x H 7 cm<\/p>\n<p>Jedes St\u00fcck ist von Hand gefertigt und einzigartig. Von jedem Produkt auf unserer Shop-Seite gibt es nur ein einziges Exemplar. Alle Produkte sind sp\u00fclmaschinenfest und f\u00fcr die Benutzung f\u00fcr Lebensmittel geeignet. Wenn das Produkt aber besonders lange und benutzungsspurenfrei bleiben soll, empfehlen wir, sie von Hand zu waschen.<\/p>","protected":false},"featured_media":4306,"template":"","meta":{"_et_pb_use_builder":"off","_et_pb_old_content":"Not just a bowl ideal for noudles and soup. Its also a feast for the eyes. Colors for the table. Friendly and playful.This bowl has been thrown on the wheel in white stoneware-clay, colored with slip and finished with our own transparent glaze.","_et_gb_content_width":""},"product_brand":[],"product_cat":[73],"product_tag":[112,113,68,110,109,111,67,82],"class_list":{"0":"post-3737","1":"product","2":"type-product","3":"status-publish","4":"has-post-thumbnail","6":"product_cat-geschirr-tableware","7":"product_tag-handbemalt","8":"product_tag-handgemacht","9":"product_tag-keramik","10":"product_tag-pasta","11":"product_tag-pastateller","12":"product_tag-steinzeugschale","13":"product_tag-teller","14":"product_tag-ton","15":"product_shipping_class-paket","17":"first","18":"instock","19":"sold-individually","20":"shipping-taxable","21":"purchasable","22":"product-type-simple"},"jetpack_sharing_enabled":true,"_links":{"self":[{"href":"https:\/\/ceramics-studio.de\/en\/wp-json\/wp\/v2\/product\/3737","targetHints":{"allow":["GET"]}}],"collection":[{"href":"https:\/\/ceramics-studio.de\/en\/wp-json\/wp\/v2\/product"}],"about":[{"href":"https:\/\/ceramics-studio.de\/en\/wp-json\/wp\/v2\/types\/product"}],"wp:featuredmedia":[{"embeddable":true,"href":"https:\/\/ceramics-studio.de\/en\/wp-json\/wp\/v2\/media\/4306"}],"wp:attachment":[{"href":"https:\/\/ceramics-studio.de\/en\/wp-json\/wp\/v2\/media?parent=3737"}],"wp:term":[{"taxonomy":"product_brand","embeddable":true,"href":"https:\/\/ceramics-studio.de\/en\/wp-json\/wp\/v2\/product_brand?post=3737"},{"taxonomy":"product_cat","embeddable":true,"href":"https:\/\/ceramics-studio.de\/en\/wp-json\/wp\/v2\/product_cat?post=3737"},{"taxonomy":"product_tag","embeddable":true,"href":"https:\/\/ceramics-studio.de\/en\/wp-json\/wp\/v2\/product_tag?post=3737"}],"curies":[{"name":"wp","href":"https:\/\/api.w.org\/{rel}","templated":true}]}}