{"id":4222,"date":"2024-10-31T19:27:00","date_gmt":"2024-10-31T18:27:00","guid":{"rendered":"https:\/\/ceramics-studio.de\/?post_type=product&#038;p=4222"},"modified":"2025-11-30T10:33:21","modified_gmt":"2025-11-30T09:33:21","slug":"drehscheibenkurs_intermediate","status":"publish","type":"product","link":"https:\/\/ceramics-studio.de\/en\/product\/drehscheibenkurs_intermediate\/","title":{"rendered":"Wheel-Class \u2013 Level 2 \u2013 Intermediate"},"content":{"rendered":"<p>We are happy to support you in English during the course.<\/p>\n<p><strong>This course is aimed at experienced throwers (16+).<\/strong> So if you have already taken a pottery course on the wheel and have improved through practice, then this course is right for you.<br \/>\nOtherwise, why not attend a weekend course for beginners. There, your skills will be addressed individually and you can definitely improve your turning skills.<\/p>\n<p>Your clothes should give you freedom of movement and allow you to get dirty. Your fingernails should be a short, practical length.<\/p>\n<p>The price includes firing and glazing the finished products with a transparent glaze. If you do not want a colored glaze, then there will be <strong>no additional costs<\/strong> .<\/p>\n<p>In all courses, the workplace and tools are cleaned and tidied up together during the last 10-15 minutes.<\/p>\n<p>Your <strong>finished pieces<\/strong> can be picked up from us about four to six weeks later. We will inform you via email as soon as they have been fired. We ask for your understanding that we can't store the fired pieces longer than six weeks. <em>Uncollected items are given away to passersby.<\/em><\/p>\n<p>In case of <strong>cancellation :<\/strong>: Cancellations can be made in writing via email up to seven days before the course start date, and the course fee (less the processing fee) will be refunded. If you cancel up to 24 hours before the course start date, you will receive a 50% refund. A \u20ac5 processing fee will be charged for each cancelled place. Missed course dates cannot be rescheduled.<\/p>\n<p>&nbsp;<\/p>","protected":false},"excerpt":{"rendered":"<div class=\"et_pb_module et_pb_heading et_pb_heading_0 et_pb_bg_layout_\">\n<div class=\"et_pb_heading_container\">\n<p>Do you want your vessels to be bigger, taller or more unusual?<br \/>\nFinally center the 1kg without any problems?<\/p>\n<p>Unser intensive T\u00f6pferkurs bietet dir die einzigartige Gelegenheit, die Grundlagen der Keramik mit professioneller Begleitung zu vertiefen und das T\u00f6pfern an der Drehscheibe weiter zu praktizieren. <strong>Important is that you know very well how to center 500g of clay. <\/strong>Du musst nicht einen Level-1-Kurs bei uns besucht haben.<\/p>\n<p>In diesem erweiterten T\u00f6pferkurs an der Drehscheibe gehen wir individuell auf deine W\u00fcnsche ein. Die maximale Anzahl an Kurs-Teilnehmer:innen ist 4. Unser Ziel ist, dass du dich <strong>feel secure<\/strong> and <strong>handle the clay<\/strong> <strong>professionally<\/strong> <strong>on the wheel<\/strong>.<\/p>\n<p>You will learn how to <strong>center a bigger amount of clay <\/strong>und wie man sicher auf Holzplatten dreht. Besonders konzentrieren wir uns auf das richtig ausgef\u00fchrte <em><strong>Coning<\/strong><\/em>\u00a0und auf das Herstellen <strong>evenly thick walls<\/strong>. Unter <em>Coning<\/em> versteht man das Hochtreiben des Tons in eine Kegel-Form, die anschlie\u00dfend wieder zur\u00fcckgearbeitet wird. Durch diesen Vorgang wird dein Ton besonders gut (auch innerlich) zentriert und alle folgenden Vorg\u00e4nge des Drehens werden deutlich vereinfacht. Dies f\u00fchrt zu pr\u00e4ziseren Formen.<\/p>\n<p>We first deal with the shape of the <strong>cylinder<\/strong>. Only when we master these can we become spherical or bulbous.<br \/>\nThen it\u2019s time to shape a <strong>bowl<\/strong> \u2026 und bei 1kg Ton kann daraus schon eine Salatsch\u00fcssel werden!<\/p>\n<p><strong>2 Tage \/ jeweils 5 \u00a0Stunden <\/strong>or<strong> 4 Tage \/ jeweils 2,5 Stunden<\/strong><\/p>\n<p>Am zweiten Tag werden die Ergebnisse abgetrimmt und mit Engobe gestaltet. Hier werden dir noch einige Techniken gezeigt, die beim Arbeiten mit Engobe zu interessanten gestalterischen Ergebnissen f\u00fchren.<\/p>\n<\/div>\n<\/div>","protected":false},"featured_media":4297,"template":"","meta":{"_et_pb_use_builder":"off","_et_pb_old_content":"Deine Kleidung soll dir Bewegungsfreiheit geben und schmutzig werden d\u00fcrfen. Deine Fingern\u00e4gel sollen eine kurze, praktische L\u00e4nge haben.\r\n\r\nIn der Kursgeb\u00fchr sind die Materialkosten und das Brennen und Glasieren der fertigen Produkte mit einer transparenten Glasur inbegriffen. Wenn du keine farbige Glasur w\u00fcnscht, dann kommen <strong>keine Mehrkosten<\/strong> auf dich zu.\r\n\r\nDeine <strong>fertigen St\u00fccke<\/strong> kannst du ungef\u00e4hr vier bis sechs Wochen nach dem Kurs bei uns abholen. Wir informieren dich via Email, sobald sie gebrannt sind. Wir bitten um Verst\u00e4ndnis, dass wir die fertigen Werke nicht l\u00e4nger als sechs Wochen aufbewahren k\u00f6nnen. <em>Nicht abgeholte St\u00fccke werden an Passant:innen verschenkt.<\/em>\r\n\r\nIm Falle einer <strong>Stornierung<\/strong>: Bis sieben Tage vor Kursbeginn kann eine Kursanmeldung schriftlich via Email kostenfrei storniert werden. Bei einer Stornierung bis 24 Stunden vor Kursbeginn erh\u00e4ltst Du 50% des Kursbetrags zur\u00fcck. Verpasste Kurstermine k\u00f6nnen nicht nachgeholt werden.\r\n\r\n\u00dcbrigens: schaut euch <a href=\"https:\/\/maps.app.goo.gl\/VyeoTE2xYDzLfrLLA\" target=\"_blank\" rel=\"noopener\">hier<\/a> die Eindr\u00fccke anderer Kursteilnehmer an: auf <a href=\"https:\/\/maps.app.goo.gl\/VyeoTE2xYDzLfrLLA\" target=\"_blank\" rel=\"noopener\"><strong><em>Google-Maps<\/em><\/strong><\/a>\r\n\r\nWir aktualisieren unsere Kurstermine regelm\u00e4\u00dfig.\r\nDu findest keinen passenden Termin?\r\nSchreib uns eine Email: <a href=\"mailto:buchungen@ceramics-studio.de\">buchungen@ceramics-studio.de<\/a>","_et_gb_content_width":""},"product_brand":[],"product_cat":[91,63],"product_tag":[70,94,95,68,81,79],"class_list":{"0":"post-4222","1":"product","2":"type-product","3":"status-publish","4":"has-post-thumbnail","6":"product_cat-drehscheibenkurse","7":"product_cat-kurse","8":"product_tag-drehscheibe","9":"product_tag-gefaesse-aus-ton-herstellen","10":"product_tag-intermediate","11":"product_tag-keramik","12":"product_tag-kurs","13":"product_tag-toepferkurs","14":"product_shipping_class-kostenfrei","16":"first","17":"instock","18":"shipping-taxable","19":"purchasable","20":"product-type-variable"},"jetpack_sharing_enabled":true,"_links":{"self":[{"href":"https:\/\/ceramics-studio.de\/en\/wp-json\/wp\/v2\/product\/4222","targetHints":{"allow":["GET"]}}],"collection":[{"href":"https:\/\/ceramics-studio.de\/en\/wp-json\/wp\/v2\/product"}],"about":[{"href":"https:\/\/ceramics-studio.de\/en\/wp-json\/wp\/v2\/types\/product"}],"wp:featuredmedia":[{"embeddable":true,"href":"https:\/\/ceramics-studio.de\/en\/wp-json\/wp\/v2\/media\/4297"}],"wp:attachment":[{"href":"https:\/\/ceramics-studio.de\/en\/wp-json\/wp\/v2\/media?parent=4222"}],"wp:term":[{"taxonomy":"product_brand","embeddable":true,"href":"https:\/\/ceramics-studio.de\/en\/wp-json\/wp\/v2\/product_brand?post=4222"},{"taxonomy":"product_cat","embeddable":true,"href":"https:\/\/ceramics-studio.de\/en\/wp-json\/wp\/v2\/product_cat?post=4222"},{"taxonomy":"product_tag","embeddable":true,"href":"https:\/\/ceramics-studio.de\/en\/wp-json\/wp\/v2\/product_tag?post=4222"}],"curies":[{"name":"wp","href":"https:\/\/api.w.org\/{rel}","templated":true}]}}