{"id":4231,"date":"2024-11-01T12:32:05","date_gmt":"2024-11-01T11:32:05","guid":{"rendered":"https:\/\/ceramics-studio.de\/?post_type=product&#038;p=4231"},"modified":"2026-02-13T09:39:49","modified_gmt":"2026-02-13T08:39:49","slug":"glasieren","status":"publish","type":"product","link":"https:\/\/ceramics-studio.de\/en\/product\/glasieren\/","title":{"rendered":"Keramik glasieren &#8211; der Glasierkurs"},"content":{"rendered":"<p>We are happy to support you in English during the course.<\/p>\n<p>Your clothes should give you freedom of movement and allow you to get dirty. Your fingernails should be a short, practical length.<\/p>\n<p>In der Kursgeb\u00fchr sind die Materialkosten und das Brennen inbegriffen.<\/p>\n<p>In all courses, the workplace and tools are cleaned and tidied up together during the last 10-15 minutes.<\/p>\n<p>Your <strong>finished pieces<\/strong> can be picked up from us about four to six weeks later. We will inform you via email as soon as they have been fired. We ask for your understanding that we can't store the fired pieces longer than six weeks. <em>Uncollected items are given away to passersby.<\/em><\/p>\n<p>In case of <strong>cancellation :<\/strong>: Cancellations can be made in writing via email up to seven days before the course start date, and the course fee (less the processing fee) will be refunded. If you cancel up to 24 hours before the course start date, you will receive a 50% refund. A \u20ac5 processing fee will be charged for each cancelled place. Missed course dates cannot be rescheduled.<\/p>\n<p>&nbsp;<\/p>","protected":false},"excerpt":{"rendered":"<p>In diesem umfangreichen T\u00f6pferkurs geht es drei Stunden lang ums Glasieren. Du lernst dabei verschiedene Glasiertechniken: Auftrag mit dem Pinsel, Tauchen und Gie\u00dfen kennen. Du lernst, wie man mit Unterglasuren, Unterglasurstiften und Metalloxiden Gef\u00e4\u00dfe gestaltet. Nach einer kurzen Einf\u00fchrung kannst du in diesem Keramikkurs aus einer Vielzahl an Oxiden und Glasuren w\u00e4hlen und deine St\u00fccke damit veredeln.<\/p>\n<p>In 1 x 3 Stunden kannst du zwei bis drei Gef\u00e4\u00dfe glasieren. Die St\u00fccke m\u00fcssen von dir mitgebracht werden oder in einem anderen Kurs entstanden sein. Willst du beides machen, Gef\u00e4\u00dfe drehen und glasieren, dann ist der T\u00f6pferkurs <a href=\"https:\/\/ceramics-studio.de\/en\/product\/drehscheibenkurr_glasieren\/\">&#8222;Drehscheibenkurs mit Glasieren \u2013 Level 1&#8220;<\/a> bestimmt das Richtige f\u00fcr dich.<\/p>\n<p>Im Preis inbegriffen ist das Brennen der fertigen Produkte.<\/p>\n<p>Du kannst immer Gef\u00e4\u00dfe gerne im Rahmen unseres <a href=\"https:\/\/ceramics-studio.de\/en\/brennservice\/\">Brennservices<\/a> mit einer farbigen Glasur von uns glasieren lassen (4 \u20ac\/Stk.).<\/p>","protected":false},"featured_media":4293,"template":"","meta":{"_et_pb_use_builder":"","_et_pb_old_content":"","_et_gb_content_width":""},"product_brand":[],"product_cat":[63,99],"product_tag":[92,101,100,68,81,79],"class_list":{"0":"post-4231","1":"product","2":"type-product","3":"status-publish","4":"has-post-thumbnail","6":"product_cat-kurse","7":"product_cat-spezial","8":"product_tag-anfaengerinnen-kurs","9":"product_tag-einfuehrungskurs","10":"product_tag-glasieren","11":"product_tag-keramik","12":"product_tag-kurs","13":"product_tag-toepferkurs","14":"product_shipping_class-kostenfrei","16":"first","17":"instock","18":"shipping-taxable","19":"purchasable","20":"product-type-variable"},"jetpack_sharing_enabled":true,"_links":{"self":[{"href":"https:\/\/ceramics-studio.de\/en\/wp-json\/wp\/v2\/product\/4231","targetHints":{"allow":["GET"]}}],"collection":[{"href":"https:\/\/ceramics-studio.de\/en\/wp-json\/wp\/v2\/product"}],"about":[{"href":"https:\/\/ceramics-studio.de\/en\/wp-json\/wp\/v2\/types\/product"}],"wp:featuredmedia":[{"embeddable":true,"href":"https:\/\/ceramics-studio.de\/en\/wp-json\/wp\/v2\/media\/4293"}],"wp:attachment":[{"href":"https:\/\/ceramics-studio.de\/en\/wp-json\/wp\/v2\/media?parent=4231"}],"wp:term":[{"taxonomy":"product_brand","embeddable":true,"href":"https:\/\/ceramics-studio.de\/en\/wp-json\/wp\/v2\/product_brand?post=4231"},{"taxonomy":"product_cat","embeddable":true,"href":"https:\/\/ceramics-studio.de\/en\/wp-json\/wp\/v2\/product_cat?post=4231"},{"taxonomy":"product_tag","embeddable":true,"href":"https:\/\/ceramics-studio.de\/en\/wp-json\/wp\/v2\/product_tag?post=4231"}],"curies":[{"name":"wp","href":"https:\/\/api.w.org\/{rel}","templated":true}]}}