{"id":4240,"date":"2024-11-01T13:02:35","date_gmt":"2024-11-01T12:02:35","guid":{"rendered":"https:\/\/ceramics-studio.de\/?post_type=product&#038;p=4240"},"modified":"2026-04-16T15:36:30","modified_gmt":"2026-04-16T13:36:30","slug":"drehscheibenkurr_glasieren","status":"publish","type":"product","link":"https:\/\/ceramics-studio.de\/en\/product\/drehscheibenkurr_glasieren\/","title":{"rendered":"Wheel-Class with glazing"},"content":{"rendered":"<p>We are happy to support you in English during the course.<\/p>\n<p>Your clothes should give you freedom of movement and allow you to get dirty. Your fingernails should be a short, practical length.<\/p>\n<p>Children and young people aged 12 and older are also welcome to attend our courses at the potter`s wheel \u2013 upon presentation of ID \u2013 but only if accompanied by an adult. Young people aged 16 and older are also permitted to attend the course alone.<\/p>\n<p>The price includes firing and glazing the finished products with a transparent glaze. If you do not want a colored glaze, then there will be <strong>no additional costs<\/strong> .<\/p>\n<p>In all courses, the workplace and tools are cleaned and tidied up together during the last 10-15 minutes.<\/p>\n<p>Your <strong>finished pieces<\/strong> can be picked up from us about four to six weeks later. We will inform you via email as soon as they have been fired. We ask for your understanding that we can't store the fired pieces longer than six weeks. <em>Uncollected items are given away to passersby.<\/em><\/p>\n<p>Also: Look <a href=\"https:\/\/maps.app.goo.gl\/VyeoTE2xYDzLfrLLA\" target=\"_blank\" rel=\"noopener\">here<\/a> impressions of other course participants: on <a href=\"https:\/\/maps.app.goo.gl\/VyeoTE2xYDzLfrLLA\" target=\"_blank\" rel=\"noopener\"><strong><em>Google-Maps<\/em><\/strong><\/a><\/p>","protected":false},"excerpt":{"rendered":"<div class=\"et_pb_module et_pb_heading et_pb_heading_0 et_pb_bg_layout_\">\n<div class=\"et_pb_heading_container\">\n<h4 class=\"et_pb_module_heading\">YOUR FIRST POTTERY CLASS<br \/>\n<strong style=\"color: #666666; font-size: 15px;\">Throwing ceramics on the potter\u00b4s wheel and glazing<\/strong><\/h4>\n<p>Our <strong>3-dates<\/strong>-course \u00e1 <strong>3 hours each<\/strong> at the potter's wheel offers beginners the unique opportunity to learn throwing on the potter's wheel and gain practical experience as well as learn how to glaze your once-fired pieces.<\/p>\n<p>After a short introduction, you will immediately sit down at the potter's wheel in this pottery course.<br \/>\nIn <strong>Level 1<\/strong> you will learn how to <strong>center clay <\/strong>and <strong>throw a vessel<\/strong>.<br \/>\nTo <strong>\"open the clay\"<\/strong> and <strong>\"pull up\" walls<\/strong> you will learn as well. You will learn how to <strong>trim your pieces<\/strong> and <strong>coloring with engobes<\/strong> .<\/p>\n<p>In this course together with <strong>a maximum of four people<\/strong> at the potter's wheel, you'll receive intensive supervision to create two to four simple vessels, such as cups and bowls, on the potter's wheel. Attaching handles is also possible.<\/p>\n<p><strong>3 dates: 6.00 \u2013 9.00 p.m.<\/strong><\/p>\n<p>During the <strong>first appointment<\/strong> you will be familiarized with the potter\u00b4s wheel and you will turn vessels.<br \/>\nDuring the <strong>second appointment<\/strong> , you trim the vessels. This means that the shape of the vessel is refined and perfected.<br \/>\nDuring the <strong>third appointment<\/strong> , two weeks later, you will glaze the vessels. A selection of glazes is available for this purpose. You will learn how to apply glaze to vessels using a brush or by dipping and pouring. This will make your vessels suitable for daily use with food and dishwasher safe.<\/p>\n<\/div>\n<\/div>","protected":false},"featured_media":5105,"template":"","meta":{"_et_pb_use_builder":"off","_et_pb_old_content":"Deine Kleidung soll dir Bewegungsfreiheit geben und schmutzig werden d\u00fcrfen. Deine Fingern\u00e4gel sollen eine kurze, praktische L\u00e4nge haben.\r\n\r\nIn der Kursgeb\u00fchr sind die Materialkosten und das Brennen und Glasieren der fertigen Produkte mit einer transparenten Glasur inbegriffen. Wenn du keine farbige Glasur w\u00fcnscht, dann kommen <strong>keine Mehrkosten<\/strong> auf dich zu.\r\n\r\nDeine <strong>fertigen St\u00fccke<\/strong> kannst du ungef\u00e4hr vier bis sechs Wochen nach dem Kurs bei uns abholen. Wir informieren dich via Email, sobald sie gebrannt sind. Wir bitten um Verst\u00e4ndnis, dass wir die fertigen Werke nicht l\u00e4nger als sechs Wochen aufbewahren k\u00f6nnen. <em>Nicht abgeholte St\u00fccke werden an Passant:innen verschenkt.<\/em>\r\n\r\nIm Falle einer <strong>Stornierung<\/strong>: Bis sieben Tage vor Kursbeginn kann eine Kursanmeldung schriftlich via Email kostenfrei storniert werden. Bei einer Stornierung bis 24 Stunden vor Kursbeginn erh\u00e4ltst Du 50% des Kursbetrags zur\u00fcck. Verpasste Kurstermine k\u00f6nnen nicht nachgeholt werden.\r\n\r\n\u00dcbrigens: schaut euch <a href=\"https:\/\/maps.app.goo.gl\/VyeoTE2xYDzLfrLLA\" target=\"_blank\" rel=\"noopener\">hier<\/a> die Eindr\u00fccke anderer Kursteilnehmer an: auf <a href=\"https:\/\/maps.app.goo.gl\/VyeoTE2xYDzLfrLLA\" target=\"_blank\" rel=\"noopener\"><strong><em>Google-Maps<\/em><\/strong><\/a>\r\n\r\nWir aktualisieren unsere Kurstermine regelm\u00e4\u00dfig.\r\nDu findest keinen passenden Termin?\r\nSchreib uns eine Email: <a href=\"mailto:buchungen@ceramics-studio.de\">buchungen@ceramics-studio.de<\/a>","_et_gb_content_width":""},"product_brand":[],"product_cat":[91,63],"product_tag":[92,70,93,94,100,68,81,79],"class_list":{"0":"post-4240","1":"product","2":"type-product","3":"status-publish","4":"has-post-thumbnail","6":"product_cat-drehscheibenkurse","7":"product_cat-kurse","8":"product_tag-anfaengerinnen-kurs","9":"product_tag-drehscheibe","10":"product_tag-einfuehrung-in-die-drehscheibe","11":"product_tag-gefaesse-aus-ton-herstellen","12":"product_tag-glasieren","13":"product_tag-keramik","14":"product_tag-kurs","15":"product_tag-toepferkurs","16":"product_shipping_class-kostenfrei","18":"first","19":"instock","20":"shipping-taxable","21":"purchasable","22":"product-type-variable"},"jetpack_sharing_enabled":true,"_links":{"self":[{"href":"https:\/\/ceramics-studio.de\/en\/wp-json\/wp\/v2\/product\/4240","targetHints":{"allow":["GET"]}}],"collection":[{"href":"https:\/\/ceramics-studio.de\/en\/wp-json\/wp\/v2\/product"}],"about":[{"href":"https:\/\/ceramics-studio.de\/en\/wp-json\/wp\/v2\/types\/product"}],"wp:featuredmedia":[{"embeddable":true,"href":"https:\/\/ceramics-studio.de\/en\/wp-json\/wp\/v2\/media\/5105"}],"wp:attachment":[{"href":"https:\/\/ceramics-studio.de\/en\/wp-json\/wp\/v2\/media?parent=4240"}],"wp:term":[{"taxonomy":"product_brand","embeddable":true,"href":"https:\/\/ceramics-studio.de\/en\/wp-json\/wp\/v2\/product_brand?post=4240"},{"taxonomy":"product_cat","embeddable":true,"href":"https:\/\/ceramics-studio.de\/en\/wp-json\/wp\/v2\/product_cat?post=4240"},{"taxonomy":"product_tag","embeddable":true,"href":"https:\/\/ceramics-studio.de\/en\/wp-json\/wp\/v2\/product_tag?post=4240"}],"curies":[{"name":"wp","href":"https:\/\/api.w.org\/{rel}","templated":true}]}}