{"id":4432,"date":"2024-11-08T12:04:04","date_gmt":"2024-11-08T11:04:04","guid":{"rendered":"https:\/\/ceramics-studio.de\/?post_type=product&#038;p=4432"},"modified":"2025-03-10T16:58:02","modified_gmt":"2025-03-10T15:58:02","slug":"circly-10-bowl","status":"publish","type":"product","link":"https:\/\/ceramics-studio.de\/en\/product\/circly-10-bowl\/","title":{"rendered":"CIRCLY 10 Bowl \u2013 SOLD"},"content":{"rendered":"","protected":false},"excerpt":{"rendered":"<p><strong>Verkauft<\/strong><\/p>\n<p>CIRCLY 10 ist eine gro\u00dfe Sch\u00fcssel mit Fu\u00df, aus wei\u00dfem Steinzeug auf der T\u00f6pferscheibe gedreht, mit lachsroter Engobe eingef\u00e4rbt und innen mit transparenter Glasur veredelt. Au\u00dfen ist die Sch\u00fcssel unglasiert und somit seidig matt.<\/p>\n<p>Diese Sch\u00fcssel ist perfekt f\u00fcr Salate oder Obst, ein echter Hingucker und besticht durch ihr einzigartiges Design aus der Serie CIRCLY.<\/p>\n<p>Ma\u00dfe: ca. \u00d8 23 cm x H 10,5 cm<\/p>\n<p>Jedes St\u00fcck ist von Hand gefertigt und einzigartig. Von jedem Produkt auf unserer Shop-Seite gibt es nur ein einziges Exemplar. Alle Produkte sind sp\u00fclmaschinenfest und f\u00fcr die Benutzung f\u00fcr Lebensmittel geeignet. Wenn das Produkt aber besonders lange und benutzungsspurenfrei bleiben soll, empfehlen wir, sie mit der Hand zu waschen.<\/p>","protected":false},"featured_media":4433,"template":"","meta":{"_et_pb_use_builder":"off","_et_pb_old_content":"Not just a bowl ideal for noudles and soup. Its also a feast for the eyes. Colors for the table. Friendly and playful.This bowl has been thrown on the wheel in white stoneware-clay, colored with slip and finished with our own transparent glaze.","_et_gb_content_width":""},"product_brand":[],"product_cat":[73],"product_tag":[112,113,68,75,66,76,82],"class_list":{"0":"post-4432","1":"product","2":"type-product","3":"status-publish","4":"has-post-thumbnail","6":"product_cat-geschirr-tableware","7":"product_tag-handbemalt","8":"product_tag-handgemacht","9":"product_tag-keramik","10":"product_tag-schuessel","11":"product_tag-selbstgemacht","12":"product_tag-steinzeug","13":"product_tag-ton","14":"product_shipping_class-paket","16":"first","17":"outofstock","18":"sold-individually","19":"shipping-taxable","20":"purchasable","21":"product-type-simple"},"jetpack_sharing_enabled":true,"_links":{"self":[{"href":"https:\/\/ceramics-studio.de\/en\/wp-json\/wp\/v2\/product\/4432","targetHints":{"allow":["GET"]}}],"collection":[{"href":"https:\/\/ceramics-studio.de\/en\/wp-json\/wp\/v2\/product"}],"about":[{"href":"https:\/\/ceramics-studio.de\/en\/wp-json\/wp\/v2\/types\/product"}],"wp:featuredmedia":[{"embeddable":true,"href":"https:\/\/ceramics-studio.de\/en\/wp-json\/wp\/v2\/media\/4433"}],"wp:attachment":[{"href":"https:\/\/ceramics-studio.de\/en\/wp-json\/wp\/v2\/media?parent=4432"}],"wp:term":[{"taxonomy":"product_brand","embeddable":true,"href":"https:\/\/ceramics-studio.de\/en\/wp-json\/wp\/v2\/product_brand?post=4432"},{"taxonomy":"product_cat","embeddable":true,"href":"https:\/\/ceramics-studio.de\/en\/wp-json\/wp\/v2\/product_cat?post=4432"},{"taxonomy":"product_tag","embeddable":true,"href":"https:\/\/ceramics-studio.de\/en\/wp-json\/wp\/v2\/product_tag?post=4432"}],"curies":[{"name":"wp","href":"https:\/\/api.w.org\/{rel}","templated":true}]}}