{"id":4484,"date":"2024-11-19T16:15:58","date_gmt":"2024-11-19T15:15:58","guid":{"rendered":"https:\/\/ceramics-studio.de\/?post_type=product&#038;p=4484"},"modified":"2025-07-29T13:51:23","modified_gmt":"2025-07-29T11:51:23","slug":"plate_graph-02-teller","status":"publish","type":"product","link":"https:\/\/ceramics-studio.de\/en\/product\/plate_graph-02-teller\/","title":{"rendered":"PLATE_GRAPH 02 \/ Teller &#8211; SOLD"},"content":{"rendered":"","protected":false},"excerpt":{"rendered":"<p><strong>Verkauft<\/strong><\/p>\n<p>PLATE_GRAPH 02 ist ein gro\u00dfer Teller mit graphischer kobaltblauer Gestaltung mit, aus wei\u00dfem Steinzeug auf der T\u00f6pferscheibe gedreht, mit wei\u00dfer Engobe eingef\u00e4rbt und innen mit transparenter Glasur veredelt. Vereinzelte rote und schwarze Grafik-Elemente unterst\u00fctzen die k\u00fcnstlerische Wirkung dieses Tellers. Au\u00dfen ist er unglasiert und somit seidig matt.<\/p>\n<p>Dieser Teller ist perfekt f\u00fcr\u00b4s Anrichten diverser Speisen, ein kreativer Akzent auf jedem Tisch und er besticht durch sein einzigartiges Design aus der Serie GRAPH.<\/p>\n<p>Ma\u00dfe: \u00a0\u00d8 21,5 cm x H 1 cm<\/p>\n<p>Jedes St\u00fcck ist von Hand gefertigt und einzigartig. Von jedem Produkt auf unserer Shop-Seite gibt es nur ein einziges Exemplar. Alle Produkte sind sp\u00fclmaschinenfest und f\u00fcr die Benutzung f\u00fcr Lebensmittel geeignet. Wenn das Produkt aber besonders lange und benutzungsspurenfrei bleiben soll, empfehlen wir, sie mit der Hand zu waschen.<\/p>","protected":false},"featured_media":4485,"template":"","meta":{"_et_pb_use_builder":"off","_et_pb_old_content":"Not just a bowl ideal for noudles and soup. Its also a feast for the eyes. Colors for the table. Friendly and playful.This bowl has been thrown on the wheel in white stoneware-clay, colored with slip and finished with our own transparent glaze.","_et_gb_content_width":""},"product_brand":[],"product_cat":[73],"product_tag":[112,113,68,75,66,76,82],"class_list":{"0":"post-4484","1":"product","2":"type-product","3":"status-publish","4":"has-post-thumbnail","6":"product_cat-geschirr-tableware","7":"product_tag-handbemalt","8":"product_tag-handgemacht","9":"product_tag-keramik","10":"product_tag-schuessel","11":"product_tag-selbstgemacht","12":"product_tag-steinzeug","13":"product_tag-ton","14":"product_shipping_class-paket","16":"first","17":"instock","18":"sold-individually","19":"shipping-taxable","20":"purchasable","21":"product-type-simple"},"jetpack_sharing_enabled":true,"_links":{"self":[{"href":"https:\/\/ceramics-studio.de\/en\/wp-json\/wp\/v2\/product\/4484","targetHints":{"allow":["GET"]}}],"collection":[{"href":"https:\/\/ceramics-studio.de\/en\/wp-json\/wp\/v2\/product"}],"about":[{"href":"https:\/\/ceramics-studio.de\/en\/wp-json\/wp\/v2\/types\/product"}],"wp:featuredmedia":[{"embeddable":true,"href":"https:\/\/ceramics-studio.de\/en\/wp-json\/wp\/v2\/media\/4485"}],"wp:attachment":[{"href":"https:\/\/ceramics-studio.de\/en\/wp-json\/wp\/v2\/media?parent=4484"}],"wp:term":[{"taxonomy":"product_brand","embeddable":true,"href":"https:\/\/ceramics-studio.de\/en\/wp-json\/wp\/v2\/product_brand?post=4484"},{"taxonomy":"product_cat","embeddable":true,"href":"https:\/\/ceramics-studio.de\/en\/wp-json\/wp\/v2\/product_cat?post=4484"},{"taxonomy":"product_tag","embeddable":true,"href":"https:\/\/ceramics-studio.de\/en\/wp-json\/wp\/v2\/product_tag?post=4484"}],"curies":[{"name":"wp","href":"https:\/\/api.w.org\/{rel}","templated":true}]}}