{"id":4488,"date":"2024-11-19T17:23:26","date_gmt":"2024-11-19T16:23:26","guid":{"rendered":"https:\/\/ceramics-studio.de\/?post_type=product&#038;p=4488"},"modified":"2026-02-06T11:45:40","modified_gmt":"2026-02-06T10:45:40","slug":"plate_graph-03-teller","status":"publish","type":"product","link":"https:\/\/ceramics-studio.de\/en\/product\/plate_graph-03-teller\/","title":{"rendered":"PLATE_GRAPH 03 \/ Teller &#8211; SOLD"},"content":{"rendered":"","protected":false},"excerpt":{"rendered":"<p><strong>VERKAUFT<\/strong><\/p>\n<p>PLATE_GRAPH 03 ist ein gro\u00dfer Teller mit graphischer Gestaltung, aus wei\u00dfem Steinzeug auf der T\u00f6pferscheibe gedreht und innen mit transparenter Glasur veredelt. Zwei Kreise in den Farben Schwarz und Blau, dezentral platziert, unterst\u00fctzen die k\u00fcnstlerische Wirkung dieses Tellers. Au\u00dfen ist er unglasiert und somit seidig matt.<\/p>\n<p>Dieser Teller ist perfekt f\u00fcr\u00b4s Anrichten diverser Speisen, ein kreativer Akzent auf jedem Tisch und er besticht durch sein einzigartiges Design aus der Serie GRAPH.<\/p>\n<p>Ma\u00dfe: \u00a0\u00d8 23,5 cm x H 1,5 cm<\/p>\n<p>Jedes St\u00fcck ist von Hand gefertigt und einzigartig. Von jedem Produkt auf unserer Shop-Seite gibt es nur ein einziges Exemplar. Alle Produkte sind sp\u00fclmaschinenfest und f\u00fcr die Benutzung f\u00fcr Lebensmittel geeignet. Wenn das Produkt aber besonders lange und benutzungsspurenfrei bleiben soll, empfehlen wir, sie mit der Hand zu waschen.<\/p>","protected":false},"featured_media":4520,"template":"","meta":{"_et_pb_use_builder":"off","_et_pb_old_content":"Not just a bowl ideal for noudles and soup. Its also a feast for the eyes. Colors for the table. Friendly and playful.This bowl has been thrown on the wheel in white stoneware-clay, colored with slip and finished with our own transparent glaze.","_et_gb_content_width":""},"product_brand":[],"product_cat":[73],"product_tag":[112,113,68,66,76,67,82],"class_list":{"0":"post-4488","1":"product","2":"type-product","3":"status-publish","4":"has-post-thumbnail","6":"product_cat-geschirr-tableware","7":"product_tag-handbemalt","8":"product_tag-handgemacht","9":"product_tag-keramik","10":"product_tag-selbstgemacht","11":"product_tag-steinzeug","12":"product_tag-teller","13":"product_tag-ton","14":"product_shipping_class-paket","16":"first","17":"outofstock","18":"sold-individually","19":"shipping-taxable","20":"purchasable","21":"product-type-simple"},"jetpack_sharing_enabled":true,"_links":{"self":[{"href":"https:\/\/ceramics-studio.de\/en\/wp-json\/wp\/v2\/product\/4488","targetHints":{"allow":["GET"]}}],"collection":[{"href":"https:\/\/ceramics-studio.de\/en\/wp-json\/wp\/v2\/product"}],"about":[{"href":"https:\/\/ceramics-studio.de\/en\/wp-json\/wp\/v2\/types\/product"}],"wp:featuredmedia":[{"embeddable":true,"href":"https:\/\/ceramics-studio.de\/en\/wp-json\/wp\/v2\/media\/4520"}],"wp:attachment":[{"href":"https:\/\/ceramics-studio.de\/en\/wp-json\/wp\/v2\/media?parent=4488"}],"wp:term":[{"taxonomy":"product_brand","embeddable":true,"href":"https:\/\/ceramics-studio.de\/en\/wp-json\/wp\/v2\/product_brand?post=4488"},{"taxonomy":"product_cat","embeddable":true,"href":"https:\/\/ceramics-studio.de\/en\/wp-json\/wp\/v2\/product_cat?post=4488"},{"taxonomy":"product_tag","embeddable":true,"href":"https:\/\/ceramics-studio.de\/en\/wp-json\/wp\/v2\/product_tag?post=4488"}],"curies":[{"name":"wp","href":"https:\/\/api.w.org\/{rel}","templated":true}]}}