{"id":4947,"date":"2025-03-10T14:07:35","date_gmt":"2025-03-10T13:07:35","guid":{"rendered":"https:\/\/ceramics-studio.de\/?post_type=product&#038;p=4947"},"modified":"2026-04-12T22:40:48","modified_gmt":"2026-04-12T20:40:48","slug":"sommer_drehkurs_level1","status":"publish","type":"product","link":"https:\/\/ceramics-studio.de\/en\/product\/sommer_drehkurs_level1\/","title":{"rendered":"SOMMERKURS 2026 Drehscheibe \u2013 Level 1 \u2013 4 Tage"},"content":{"rendered":"<p>We are happy to support you in English during the course.<\/p>\n<p>Your clothes should give you freedom of movement and allow you to get dirty. Your fingernails should be a short, practical length.<\/p>\n<p>Unsere Kurse an der Drehscheibe d\u00fcrfen auch Kinder und Jugendliche ab 12 Jahren \u2013 bei Vorzeigen eines Ausweises \u2013besuchen, aber nur, wenn eine begleitende erwachsene Person am Kurs teilnimmt. Ab 16 d\u00fcrfen Jugendliche auch allein den Kurs besuchen.<\/p>\n<p>The price includes firing and glazing the finished products with a transparent glaze. If you do not want a colored glaze, then there will be <strong>no additional costs<\/strong> .<\/p>\n<p>In all courses, the workplace and tools are cleaned and tidied up together during the last 10-15 minutes.<\/p>\n<p>Your <strong>finished pieces<\/strong> can be picked up from us about four to six weeks later. We will inform you via email as soon as they have been fired. We ask for your understanding that we can't store the fired pieces longer than six weeks. <em>Uncollected items are given away to passersby.<\/em><\/p>\n<p>In case of <strong>cancellation :<\/strong>Cancellations can be made in writing via email up to ten days before the course start date, and the course fee (less the processing fee) will be refunded. If you cancel up to 72 hours before the course start date, you will receive a 50% refund. A \u20ac5 processing fee will be charged for each cancelled place. Missed course dates cannot be rescheduled.<\/p>\n<p>Also: Look <a href=\"https:\/\/maps.app.goo.gl\/VyeoTE2xYDzLfrLLA\" target=\"_blank\" rel=\"noopener\">here<\/a> impressions of other course participants: on <a href=\"https:\/\/maps.app.goo.gl\/VyeoTE2xYDzLfrLLA\" target=\"_blank\" rel=\"noopener\"><strong><em>Google-Maps<\/em><\/strong><\/a><\/p>\n<p>&nbsp;<\/p>","protected":false},"excerpt":{"rendered":"<div class=\"et_pb_module et_pb_heading et_pb_heading_0 et_pb_bg_layout_\">\n<div class=\"et_pb_heading_container\">\n<h6><span style=\"color: #808080;\"><strong><span style=\"caret-color: #000000;\">A HOLIDAY FROM EVERYDAY LIFE<\/span><\/strong><\/span><\/h6>\n<h3><strong><span style=\"color: #000000;\"><span style=\"caret-color: #000000;\">An intensive 4-days-experience: Throwing on the potter's wheel<\/span><\/span><\/strong><\/h3>\n<h4><strong><span style=\"color: #000000;\"><span style=\"caret-color: #000000;\"><br \/>\n<\/span><\/span><\/strong><em><span style=\"color: #000000;\"><span style=\"caret-color: #000000;\">The summer pottery course for everyone who wants to learn.<\/span><\/span><\/em><\/h4>\n<p class=\"et_pb_module_heading\">Our <strong>4-days-SUMMER-course<\/strong> \u2013 <strong>each day 4,5 hours <\/strong>\u2013 at the potter's wheel offers beginners the unique opportunity to learn pottery on the potter's wheel 4 days long and gain practical experience during one intensive week.<br \/>\nDieser Kurs wird unterst\u00fctzt von <a href=\"https:\/\/www.berlin.de\/sen\/arbeit\/weiterbildung\/bildungszeit\/\" target=\"_blank\" rel=\"noopener\"><strong>Bildungszeit <\/strong><strong>Berlin<\/strong><\/a><strong>.<\/strong><\/p>\n<\/div>\n<\/div>\n<div class=\"et_pb_module et_pb_text et_pb_text_2 et_pb_text_align_left et_pb_bg_layout_light\">\n<div class=\"et_pb_text_inner\">\n<p>After a short introduction, you will immediately sit down at the potter's wheel in this pottery course.<br \/>\nIn <strong>Level 1<\/strong> you will learn how to <strong>center clay <\/strong>and <strong>throw a vessel<\/strong>.<br \/>\nTo <strong>\"open the clay\"<\/strong> and <strong>\"pull up\" walls<\/strong> you will learn as well. You will learn how to <strong>trim your pieces<\/strong> and <strong>coloring with engobes<\/strong> .<\/p>\n<p>In this course together with <strong>a maximum of six people<\/strong> you get intensive guidance while throwing on the wheel by <strong>two trainers\u00a0<\/strong>to create five to eight simple vessels, such as cups and bowls, on the potter's wheel. Attaching handles is also possible.<\/p>\n<p>The price includes firing of the finished products as well as glazing with a transparent glaze. There will be <strong>no additional costs<\/strong> .<\/p>\n<p><strong>Tuesday to Friday<br \/>\n12.00 a.m. \u2013 4.30 p.m.<\/strong><\/p>\n<p>During <strong>two days<\/strong> you will be familiarized with the potter\u00b4s wheel and you will turn vessels.<br \/>\nOn the <strong>the other two days<\/strong> you will trim the vessels. Trimming the vessels means refining and perfecting their shape. The vessels are then decorated with slip. Slip is colored clay that is applied to the vessel with a brush while it is still leather-hard.<br \/>\nAfter the first firing process (= bisque firing), we glaze your creations with a transparent glaze for you.<\/p>\n<\/div>\n<\/div>","protected":false},"featured_media":4294,"template":"","meta":{"_et_pb_use_builder":"off","_et_pb_old_content":"Deine Kleidung soll dir Bewegungsfreiheit geben und schmutzig werden d\u00fcrfen. Deine Fingern\u00e4gel sollen eine kurze, praktische L\u00e4nge haben.\r\n\r\nIn der Kursgeb\u00fchr sind die Materialkosten und das Brennen und Glasieren der fertigen Produkte mit einer transparenten Glasur inbegriffen. Wenn du keine farbige Glasur w\u00fcnscht, dann kommen <strong>keine Mehrkosten<\/strong> auf dich zu.\r\n\r\nDeine <strong>fertigen St\u00fccke<\/strong> kannst du ungef\u00e4hr vier bis sechs Wochen nach dem Kurs bei uns abholen. Wir informieren dich via Email, sobald sie gebrannt sind. Wir bitten um Verst\u00e4ndnis, dass wir die fertigen Werke nicht l\u00e4nger als sechs Wochen aufbewahren k\u00f6nnen. <em>Nicht abgeholte St\u00fccke werden an Passant:innen verschenkt.<\/em>\r\n\r\nIm Falle einer <strong>Stornierung<\/strong>: Bis sieben Tage vor Kursbeginn kann eine Kursanmeldung schriftlich via Email kostenfrei storniert werden. Bei einer Stornierung bis 24 Stunden vor Kursbeginn erh\u00e4ltst Du 50% des Kursbetrags zur\u00fcck. Verpasste Kurstermine k\u00f6nnen nicht nachgeholt werden.\r\n\r\n\u00dcbrigens: schaut euch <a href=\"https:\/\/maps.app.goo.gl\/VyeoTE2xYDzLfrLLA\" target=\"_blank\" rel=\"noopener\">hier<\/a> die Eindr\u00fccke anderer Kursteilnehmer an: auf <a href=\"https:\/\/maps.app.goo.gl\/VyeoTE2xYDzLfrLLA\" target=\"_blank\" rel=\"noopener\"><strong><em>Google-Maps<\/em><\/strong><\/a>\r\n\r\nWir aktualisieren unsere Kurstermine regelm\u00e4\u00dfig.\r\nDu findest keinen passenden Termin?\r\nSchreib uns eine Email: <a href=\"mailto:buchungen@ceramics-studio.de\">buchungen@ceramics-studio.de<\/a>","_et_gb_content_width":""},"product_brand":[],"product_cat":[91,63,120],"product_tag":[92,70,93,94,68,81,79],"class_list":{"0":"post-4947","1":"product","2":"type-product","3":"status-publish","4":"has-post-thumbnail","6":"product_cat-drehscheibenkurse","7":"product_cat-kurse","8":"product_cat-sommerkurs","9":"product_tag-anfaengerinnen-kurs","10":"product_tag-drehscheibe","11":"product_tag-einfuehrung-in-die-drehscheibe","12":"product_tag-gefaesse-aus-ton-herstellen","13":"product_tag-keramik","14":"product_tag-kurs","15":"product_tag-toepferkurs","16":"product_shipping_class-kostenfrei","18":"first","19":"instock","20":"shipping-taxable","21":"purchasable","22":"product-type-variable"},"jetpack_sharing_enabled":true,"_links":{"self":[{"href":"https:\/\/ceramics-studio.de\/en\/wp-json\/wp\/v2\/product\/4947","targetHints":{"allow":["GET"]}}],"collection":[{"href":"https:\/\/ceramics-studio.de\/en\/wp-json\/wp\/v2\/product"}],"about":[{"href":"https:\/\/ceramics-studio.de\/en\/wp-json\/wp\/v2\/types\/product"}],"wp:featuredmedia":[{"embeddable":true,"href":"https:\/\/ceramics-studio.de\/en\/wp-json\/wp\/v2\/media\/4294"}],"wp:attachment":[{"href":"https:\/\/ceramics-studio.de\/en\/wp-json\/wp\/v2\/media?parent=4947"}],"wp:term":[{"taxonomy":"product_brand","embeddable":true,"href":"https:\/\/ceramics-studio.de\/en\/wp-json\/wp\/v2\/product_brand?post=4947"},{"taxonomy":"product_cat","embeddable":true,"href":"https:\/\/ceramics-studio.de\/en\/wp-json\/wp\/v2\/product_cat?post=4947"},{"taxonomy":"product_tag","embeddable":true,"href":"https:\/\/ceramics-studio.de\/en\/wp-json\/wp\/v2\/product_tag?post=4947"}],"curies":[{"name":"wp","href":"https:\/\/api.w.org\/{rel}","templated":true}]}}