{"id":4957,"date":"2025-03-10T16:59:10","date_gmt":"2025-03-10T15:59:10","guid":{"rendered":"https:\/\/ceramics-studio.de\/?post_type=product&#038;p=4957"},"modified":"2026-04-04T18:46:46","modified_gmt":"2026-04-04T16:46:46","slug":"sommerkurs-drehscheibe-schuessel-teller","status":"publish","type":"product","link":"https:\/\/ceramics-studio.de\/en\/product\/sommerkurs-drehscheibe-schuessel-teller\/","title":{"rendered":"SOMMERKURS 2026 Drehscheibe  \u2013 Sch\u00fcssel &#038; Teller \u2013 4 Tage"},"content":{"rendered":"<p>We are happy to support you in English during the course.<\/p>\n<p>Your clothes should give you freedom of movement and allow you to get dirty. Your fingernails should be a short, practical length.<\/p>\n<p>Children and young people aged 12 and older are also welcome to attend our courses at the potter`s wheel \u2013 upon presentation of ID \u2013 but only if accompanied by an adult. Young people aged 16 and older are also permitted to attend the course alone.<\/p>\n<p>In der Kursgeb\u00fchr sind, wenn in der Kursbeschreibung oben nicht anders erw\u00e4hnt, die Materialkosten und das Brennen und Glasieren der fertigen Produkte mit einer transparenten Glasur inbegriffen. Wenn du keine farbige Glasur w\u00fcnscht, dann kommen <strong>no additional costs<\/strong> .<\/p>\n<p>In all courses, the workplace and tools are cleaned and tidied up together during the last 10-15 minutes.<\/p>\n<p>Your <strong>finished pieces<\/strong> can be picked up from us about four to six weeks later. We will inform you via email as soon as they have been fired. We ask for your understanding that we can't store the fired pieces longer than six weeks. <em>Uncollected items are given away to passersby.<\/em><\/p>\n<p>In case of <strong>cancellation :<\/strong>Cancellations can be made in writing via email up to ten days before the course start date, and the course fee (less the processing fee) will be refunded. If you cancel up to 72 hours before the course start date, you will receive a 50% refund. A \u20ac5 processing fee will be charged for each cancelled place. Missed course dates cannot be rescheduled.<\/p>\n<p>Also: Look <a href=\"https:\/\/maps.app.goo.gl\/VyeoTE2xYDzLfrLLA\" target=\"_blank\" rel=\"noopener\">here<\/a> impressions of other course participants: on <a href=\"https:\/\/maps.app.goo.gl\/VyeoTE2xYDzLfrLLA\" target=\"_blank\" rel=\"noopener\"><strong><em>Google-Maps<\/em><\/strong><\/a><\/p>\n<p>We update our course schedule regularly. Can't find a suitable date? Send us an email: <a href=\"mailto:buchungen@ceramics-studio.de\">buchungen@ceramics-studio.de<\/a><\/p>","protected":false},"excerpt":{"rendered":"<div class=\"et_pb_module et_pb_heading et_pb_heading_0 et_pb_bg_layout_\">\n<div class=\"et_pb_heading_container\">\n<h6><span style=\"color: #999999;\"><strong><span style=\"caret-color: #000000;\">A HOLIDAY FROM EVERYDAY LIFE<\/span><\/strong><\/span><\/h6>\n<h3><strong><span style=\"color: #000000;\"><span style=\"caret-color: #000000;\">4 days intensive \u2013 Throwing Level 1 &amp; Level 2<br \/>\n<\/span><\/span><\/strong><em><span style=\"color: #000000;\"><span style=\"caret-color: #000000;\">Bowls &amp; plates \u2013 big &amp; small<\/span><\/span><\/em><\/h3>\n<p class=\"et_pb_module_heading\">Our<strong> 4-days-Summer-Course \u2013 each day 4,5 hours \u2013 <\/strong>\u00a0on the potter\u00b4s wheel offers beginners <strong>AND<\/strong> advanced (Intermediate) the unique opportunity <strong>4 days long<\/strong> to take <strong>pottery on the potter's wheel<\/strong> to the next level.<br \/>\nDieser Kurs wird unterst\u00fctzt von <a href=\"https:\/\/www.berlin.de\/sen\/arbeit\/weiterbildung\/bildungszeit\/\" target=\"_blank\" rel=\"noopener\"><strong>Bildungszeit <\/strong><strong>Berlin<\/strong><\/a><strong>.<\/strong><\/p>\n<p class=\"et_pb_module_heading\">Shapes that we are focusing on: <strong>bowls and plates<\/strong>. Both require more intensive dealing with when it comes to the size and stability of these types of vessels.<\/p>\n<\/div>\n<\/div>\n<div class=\"et_pb_module et_pb_text et_pb_text_2 et_pb_text_align_left et_pb_bg_layout_light\">\n<div class=\"et_pb_text_inner\">\n<p>After a short introduction, you will immediately sit down at the potter's wheel in this pottery course.<br \/>\nIn <strong>Level 1<\/strong> you will learn how to <strong>center clay <\/strong>and <strong>throw a vessel<\/strong>. In <strong>Level 2<\/strong> you will learn <strong>Coning<\/strong> and centering <strong>up to 1 kg of clay<\/strong> and how particularly wide vessels \u2013 plates \u2013 are made.<br \/>\nTo <strong>\"open the clay\"<\/strong> and <strong>\"pull up\" walls<\/strong> you will learn as well or you will expand your knowledge. You will learn how to <strong>trim your pieces<\/strong> and <strong>coloring with engobes<\/strong> .<\/p>\n<p>In this course together with <strong>a maximum of six people<\/strong> you get intensive guidance while throwing on the wheel by <strong>two trainers\u00a0<\/strong>to throw up to 8 bowl or plates on the potter\u00b4s wheel.<\/p>\n<p>In der Kursgeb\u00fchr sind die Materialkosten und das Brennen und Glasieren\u00a0mit einer transparenten Glasur inbegriffen.<\/p>\n<p><strong>Tuesday to Friday<br \/>\n12.00 a.m. \u2013 4.30 p.m.<\/strong><\/p>\n<p>During <strong>two days<\/strong> You'll become familiar with the potter's wheel, learn how to center clay using coning up to 1 kg, break it open, form walls, and throw vessels. We'll focus particularly on the challenges of creating bowls and plates.<br \/>\nOn the <strong>the other two days<\/strong> you will trim the vessels. Trimming the vessels means refining and perfecting their shape. The vessels are then decorated with slip. Slip is colored clay that is applied to the vessel with a brush while it is still leather-hard.<br \/>\nAfter the first firing process (= bisque firing), we glaze your creations with a transparent glaze for you.<\/p>\n<\/div>\n<\/div>","protected":false},"featured_media":4654,"template":"","meta":{"_et_pb_use_builder":"off","_et_pb_old_content":"Deine Kleidung soll dir Bewegungsfreiheit geben und schmutzig werden d\u00fcrfen. Deine Fingern\u00e4gel sollen eine kurze, praktische L\u00e4nge haben.\r\n\r\nIn der Kursgeb\u00fchr sind die Materialkosten und das Brennen und Glasieren der fertigen Produkte mit einer transparenten Glasur inbegriffen. Wenn du keine farbige Glasur w\u00fcnscht, dann kommen <strong>keine Mehrkosten<\/strong> auf dich zu.\r\n\r\nDeine <strong>fertigen St\u00fccke<\/strong> kannst du ungef\u00e4hr vier bis sechs Wochen nach dem Kurs bei uns abholen. Wir informieren dich via Email, sobald sie gebrannt sind. Wir bitten um Verst\u00e4ndnis, dass wir die fertigen Werke nicht l\u00e4nger als sechs Wochen aufbewahren k\u00f6nnen. <em>Nicht abgeholte St\u00fccke werden an Passant:innen verschenkt.<\/em>\r\n\r\nIm Falle einer <strong>Stornierung<\/strong>: Bis sieben Tage vor Kursbeginn kann eine Kursanmeldung schriftlich via Email kostenfrei storniert werden. Bei einer Stornierung bis 24 Stunden vor Kursbeginn erh\u00e4ltst Du 50% des Kursbetrags zur\u00fcck. Verpasste Kurstermine k\u00f6nnen nicht nachgeholt werden.\r\n\r\n\u00dcbrigens: schaut euch <a href=\"https:\/\/maps.app.goo.gl\/VyeoTE2xYDzLfrLLA\" target=\"_blank\" rel=\"noopener\">hier<\/a> die Eindr\u00fccke anderer Kursteilnehmer an: auf <a href=\"https:\/\/maps.app.goo.gl\/VyeoTE2xYDzLfrLLA\" target=\"_blank\" rel=\"noopener\"><strong><em>Google-Maps<\/em><\/strong><\/a>\r\n\r\nWir aktualisieren unsere Kurstermine regelm\u00e4\u00dfig.\r\nDu findest keinen passenden Termin?\r\nSchreib uns eine Email: <a href=\"mailto:buchungen@ceramics-studio.de\">buchungen@ceramics-studio.de<\/a>","_et_gb_content_width":""},"product_brand":[],"product_cat":[91,63,120],"product_tag":[92,122,70,93,94,68,81,75,66,121,67,79],"class_list":{"0":"post-4957","1":"product","2":"type-product","3":"status-publish","4":"has-post-thumbnail","6":"product_cat-drehscheibenkurse","7":"product_cat-kurse","8":"product_cat-sommerkurs","9":"product_tag-anfaengerinnen-kurs","10":"product_tag-berlin","11":"product_tag-drehscheibe","12":"product_tag-einfuehrung-in-die-drehscheibe","13":"product_tag-gefaesse-aus-ton-herstellen","14":"product_tag-keramik","15":"product_tag-kurs","16":"product_tag-schuessel","17":"product_tag-selbstgemacht","18":"product_tag-sommerkurs","19":"product_tag-teller","20":"product_tag-toepferkurs","21":"product_shipping_class-kostenfrei","23":"first","24":"instock","25":"shipping-taxable","26":"purchasable","27":"product-type-variable"},"jetpack_sharing_enabled":true,"_links":{"self":[{"href":"https:\/\/ceramics-studio.de\/en\/wp-json\/wp\/v2\/product\/4957","targetHints":{"allow":["GET"]}}],"collection":[{"href":"https:\/\/ceramics-studio.de\/en\/wp-json\/wp\/v2\/product"}],"about":[{"href":"https:\/\/ceramics-studio.de\/en\/wp-json\/wp\/v2\/types\/product"}],"wp:featuredmedia":[{"embeddable":true,"href":"https:\/\/ceramics-studio.de\/en\/wp-json\/wp\/v2\/media\/4654"}],"wp:attachment":[{"href":"https:\/\/ceramics-studio.de\/en\/wp-json\/wp\/v2\/media?parent=4957"}],"wp:term":[{"taxonomy":"product_brand","embeddable":true,"href":"https:\/\/ceramics-studio.de\/en\/wp-json\/wp\/v2\/product_brand?post=4957"},{"taxonomy":"product_cat","embeddable":true,"href":"https:\/\/ceramics-studio.de\/en\/wp-json\/wp\/v2\/product_cat?post=4957"},{"taxonomy":"product_tag","embeddable":true,"href":"https:\/\/ceramics-studio.de\/en\/wp-json\/wp\/v2\/product_tag?post=4957"}],"curies":[{"name":"wp","href":"https:\/\/api.w.org\/{rel}","templated":true}]}}