{"id":5626,"date":"2025-11-18T14:08:09","date_gmt":"2025-11-18T13:08:09","guid":{"rendered":"https:\/\/ceramics-studio.de\/?post_type=product&#038;p=5626"},"modified":"2026-01-07T15:22:05","modified_gmt":"2026-01-07T14:22:05","slug":"toepferkurs-handaufbautechniken-4tage","status":"publish","type":"product","link":"https:\/\/ceramics-studio.de\/en\/product\/toepferkurs-handaufbautechniken-4tage\/","title":{"rendered":"4 Tage T\u00f6pferkurs \u2013 Handaufbautechniken \u2013 Bildungszeit Berlin"},"content":{"rendered":"<p>We are happy to support you in English during the course.<\/p>\n<p>Your clothes should give you freedom of movement and allow you to get dirty. Your fingernails should be a short, practical length.<\/p>\n<p>Deine Kleidung soll dir Bewegungsfreiheit geben und schmutzig werden d\u00fcrfen.<br \/>\nThe course fee  includes the material costs (clay, transparent glaze). If you do not want colored glaze, then there will be <strong>no additional costs<\/strong> auf dich zu, sonst glasieren wir deine St\u00fccke f\u00fcr dich. Das kostet \u20ac 4,\u2013 pro St\u00fcck.<\/p>\n<p>In all courses, the workplace and tools are cleaned and tidied up together during the last 10-15 minutes.<\/p>\n<p>Your <strong>finished pieces<\/strong> can be picked up from us about four to six weeks later. We will inform you via email as soon as they have been fired. We ask for your understanding that we can't store the fired pieces longer than six weeks. <em>Uncollected items are given away to passersby.<\/em><\/p>\n<p>In case of <strong>cancellation :<\/strong>: Bis 10 Tage vor Kursbeginn kann eine Kursanmeldung schriftlich via Email storniert werden und der Kursbetrag (minus Bearbeitungsgeb\u00fchr) werden zur\u00fcckerstattet. Bei einer Stornierung bis 48 Stunden vor Kursbeginn erh\u00e4ltst Du 50% des Kursbetrags zur\u00fcck. F\u00fcr eine Stornierung werden pro storniertem Platz \u20ac 5 Bearbeitungsgeb\u00fchr verrechnet. Verpasste Kurstermine k\u00f6nnen nicht nachgeholt werden.<\/p>\n<p>Also: Look <a href=\"https:\/\/maps.app.goo.gl\/VyeoTE2xYDzLfrLLA\" target=\"_blank\" rel=\"noopener\">here<\/a> impressions of other course participants: on <a href=\"https:\/\/maps.app.goo.gl\/VyeoTE2xYDzLfrLLA\" target=\"_blank\" rel=\"noopener\"><strong><em>Google-Maps<\/em><\/strong><\/a><\/p>\n<p>&nbsp;<\/p>","protected":false},"excerpt":{"rendered":"<p><strong style=\"color: #333333;\">BILDUNGSZEIT IN BERLIN<\/strong><\/p>\n<div class=\"et_pb_module et_pb_heading et_pb_heading_0 et_pb_bg_layout_\">\n<div class=\"et_pb_heading_container\">\n<h3><strong>4 Tage Keramik intensiv<\/strong><\/h3>\n<p><strong>Der intensiv-T\u00f6pferkurs und Weiterbildungskurs \u2013 auch f\u00fcr p\u00e4dagogische und therapeutische Berufe \u2013 gef\u00f6rdert durch <a href=\"https:\/\/www.berlin.de\/sen\/arbeit\/weiterbildung\/bildungszeit\/\" target=\"_blank\" rel=\"noopener\">Bildungszeit Berlin<\/a><\/strong><\/p>\n<p class=\"et_pb_module_heading\">Our <strong>HANDAUFBAU-Kurs<\/strong> \u2013 <strong>each day 4,5 hours <\/strong>\u2013 bietet dir die einzigartige Gelegenheit 4 Tage am St\u00fcck die Handaufbautechniken beim T\u00f6pfern zu erlernen, zu perfektionieren und praktische Erfahrungen zu sammeln.<\/p>\n<p class=\"et_pb_module_heading\">Dieser Kurs ist auch ganz besonders auch f\u00fcr Menschen, die in ihren Berufen Keramik und das Arbeiten mit Ton mehr oder besser einsetzen wollen. Man lernt zahlreiche M\u00f6glichkeiten kennen, mit seinen H\u00e4nden intuitiv Dinge entstehen zu lassen. Oder wie ein Architekt nach genauem geometrischen Plan sein Bauwerk zu entwerfen und umzusetzen.<\/p>\n<\/div>\n<p>Persons <strong>with<\/strong> Vorkenntnissen k\u00f6nnen den T\u00f6pferkurs nutzen, um eventuell ein von ihnen geplantes Projekt umzusetzen und detaillierte Fragen zu stellen.<\/p>\n<p>F\u00fcr Menschen, die in ihrem Beruf das Arbeiten mit Ton einsetzen wollen, besprechen wir geeignete Unterrichtskonzepte oder Therapie-Anwedungsm\u00f6glichkeiten. Gibt es einen Brennofen in der Arbeit, aber keiner wei\u00df, wie man ihn bedient? Hier wird alles gekl\u00e4rt.<\/p>\n<p>Es werden im Kurs die Besonderheiten des Materials Ton erkl\u00e4rt. Die <strong>Daumentechnik<\/strong> eignet sich besonders gut um die Festigkeit und Formbarkeit des Tons sp\u00fcren zu lernen. Und mit der <strong>Wulsttechnik<\/strong> werden sofort Vasen, Becher, Schalen oder Tassen hergestellt.<\/p>\n<p>Als zweiter gro\u00dfer Schwerpunkt steht die <strong>Plattentechnik<\/strong> im Zentrum. Die Plattentechnik erm\u00f6glicht vor allen Dingen gerade Kanten und Ecken. Pr\u00e4zision steht hier im Mittelpunkt.<\/p>\n<p>Du wirst auch <strong>coloring with engobes <\/strong>und weitere M\u00f6glichkeiten der <strong>Oberfl\u00e4chengestaltung <\/strong>kennenlernen. Engobe ist eingef\u00e4rbter Ton, der auf das Gef\u00e4\u00df im lederharten Zustand zum Beispiel mit dem Pinsel aufgetragen wird.<br \/>\nAfter the first firing process (= bisque firing), we glaze your creations with a transparent glaze for you.<\/p>\n<\/div>\n<div class=\"et_pb_module et_pb_text et_pb_text_2 et_pb_text_align_left et_pb_bg_layout_light\">\n<div class=\"et_pb_text_inner\">\n<p><strong>Tuesday to Friday<br \/>\n12.00 a.m. \u2013 4.30 p.m.<\/strong><\/p>\n<p>In this course together with <strong>a maximum of six people<\/strong> erh\u00e4ltst du intensive Betreuung, um Gef\u00e4\u00dfe wie Becher, Sch\u00fcsseln, Teller, Vasen oder Dekorationsgegenst\u00e4nde herzustellen.<\/p>\n<p>The price includes firing of the finished products as well as glazing with a transparent glaze. There will be <strong>no additional costs<\/strong> .<\/p>\n<p>&nbsp;<\/p>\n<\/div>\n<\/div>","protected":false},"featured_media":5106,"template":"","meta":{"_et_pb_use_builder":"off","_et_pb_old_content":"Deine Kleidung soll dir Bewegungsfreiheit geben und schmutzig werden d\u00fcrfen. Deine Fingern\u00e4gel sollen eine kurze, praktische L\u00e4nge haben.\r\n\r\nIn der Kursgeb\u00fchr sind die Materialkosten und das Brennen und Glasieren der fertigen Produkte mit einer transparenten Glasur inbegriffen. Wenn du keine farbige Glasur w\u00fcnscht, dann kommen <strong>keine Mehrkosten<\/strong> auf dich zu.\r\n\r\nDeine <strong>fertigen St\u00fccke<\/strong> kannst du ungef\u00e4hr vier bis sechs Wochen nach dem Kurs bei uns abholen. Wir informieren dich via Email, sobald sie gebrannt sind. Wir bitten um Verst\u00e4ndnis, dass wir die fertigen Werke nicht l\u00e4nger als sechs Wochen aufbewahren k\u00f6nnen. <em>Nicht abgeholte St\u00fccke werden an Passant:innen verschenkt.<\/em>\r\n\r\nIm Falle einer <strong>Stornierung<\/strong>: Bis sieben Tage vor Kursbeginn kann eine Kursanmeldung schriftlich via Email kostenfrei storniert werden. Bei einer Stornierung bis 24 Stunden vor Kursbeginn erh\u00e4ltst Du 50% des Kursbetrags zur\u00fcck. Verpasste Kurstermine k\u00f6nnen nicht nachgeholt werden.\r\n\r\n\u00dcbrigens: schaut euch <a href=\"https:\/\/maps.app.goo.gl\/VyeoTE2xYDzLfrLLA\" target=\"_blank\" rel=\"noopener\">hier<\/a> die Eindr\u00fccke anderer Kursteilnehmer an: auf <a href=\"https:\/\/maps.app.goo.gl\/VyeoTE2xYDzLfrLLA\" target=\"_blank\" rel=\"noopener\"><strong><em>Google-Maps<\/em><\/strong><\/a>\r\n\r\nWir aktualisieren unsere Kurstermine regelm\u00e4\u00dfig.\r\nDu findest keinen passenden Termin?\r\nSchreib uns eine Email: <a href=\"mailto:buchungen@ceramics-studio.de\">buchungen@ceramics-studio.de<\/a>","_et_gb_content_width":""},"product_brand":[],"product_cat":[98,63],"product_tag":[92,94,69,106,68,81,79,84],"class_list":{"0":"post-5626","1":"product","2":"type-product","3":"status-publish","4":"has-post-thumbnail","6":"product_cat-handaufbau","7":"product_cat-kurse","8":"product_tag-anfaengerinnen-kurs","9":"product_tag-gefaesse-aus-ton-herstellen","10":"product_tag-handaufbau","11":"product_tag-handbuilding","12":"product_tag-keramik","13":"product_tag-kurs","14":"product_tag-toepferkurs","15":"product_tag-vasen","16":"product_shipping_class-kostenfrei","18":"first","19":"instock","20":"shipping-taxable","21":"purchasable","22":"product-type-variable"},"jetpack_sharing_enabled":true,"_links":{"self":[{"href":"https:\/\/ceramics-studio.de\/en\/wp-json\/wp\/v2\/product\/5626","targetHints":{"allow":["GET"]}}],"collection":[{"href":"https:\/\/ceramics-studio.de\/en\/wp-json\/wp\/v2\/product"}],"about":[{"href":"https:\/\/ceramics-studio.de\/en\/wp-json\/wp\/v2\/types\/product"}],"wp:featuredmedia":[{"embeddable":true,"href":"https:\/\/ceramics-studio.de\/en\/wp-json\/wp\/v2\/media\/5106"}],"wp:attachment":[{"href":"https:\/\/ceramics-studio.de\/en\/wp-json\/wp\/v2\/media?parent=5626"}],"wp:term":[{"taxonomy":"product_brand","embeddable":true,"href":"https:\/\/ceramics-studio.de\/en\/wp-json\/wp\/v2\/product_brand?post=5626"},{"taxonomy":"product_cat","embeddable":true,"href":"https:\/\/ceramics-studio.de\/en\/wp-json\/wp\/v2\/product_cat?post=5626"},{"taxonomy":"product_tag","embeddable":true,"href":"https:\/\/ceramics-studio.de\/en\/wp-json\/wp\/v2\/product_tag?post=5626"}],"curies":[{"name":"wp","href":"https:\/\/api.w.org\/{rel}","templated":true}]}}