{"id":5782,"date":"2025-12-23T18:19:13","date_gmt":"2025-12-23T17:19:13","guid":{"rendered":"https:\/\/ceramics-studio.de\/?post_type=product&#038;p=5782"},"modified":"2026-04-22T21:05:15","modified_gmt":"2026-04-22T19:05:15","slug":"schnupperkurs-drehscheibe","status":"publish","type":"product","link":"https:\/\/ceramics-studio.de\/en\/product\/schnupperkurs-drehscheibe\/","title":{"rendered":"Taster Course at the potter\u00b4s wheel - 2,5 hrs."},"content":{"rendered":"<p>We are happy to support you in English during the course.<\/p>\n<p>Your clothing should allow you freedom of movement and be able to get dirty. Your fingernails should be short and practical. Our courses at the spinning wheel are also open to children and teenagers aged 12 and up \u2013 upon presentation of ID \u2013 but only if accompanied by an adult. Teenagers aged 16 and over may attend the course alone.<\/p>\n<p>The price includes firing and glazing the finished products with a transparent glaze. If you do not want a colored glaze, then there will be <strong>no additional costs<\/strong> .<\/p>\n<p>In all courses, the workplace and tools are cleaned and tidied up together during the last 10-15 minutes.<br \/>\nYour <strong>finished pieces<\/strong> can be picked up from us about four to six weeks later. We will inform you via email as soon as they have been fired. We ask for your understanding that we can't store the fired pieces longer than six weeks. <em>Uncollected items are given away to passersby.<\/em><\/p>\n<p>In case of <strong>cancellation :<\/strong>: Cancellations can be made in writing via email up to seven days before the course start date, and the course fee (less the processing fee) will be refunded. If you cancel up to 24 hours before the course start date, you will receive a 50% refund. A \u20ac5 processing fee will be charged for each cancelled place. Missed course dates cannot be rescheduled.<\/p>\n<p>Also: Look <a href=\"https:\/\/maps.app.goo.gl\/VyeoTE2xYDzLfrLLA\" target=\"_blank\" rel=\"noopener\">here<\/a> impressions of other course participants: on <a href=\"https:\/\/maps.app.goo.gl\/VyeoTE2xYDzLfrLLA\" target=\"_blank\" rel=\"noopener\"><strong><em>Google-Maps<\/em><\/strong><\/a><\/p>","protected":false},"excerpt":{"rendered":"<div class=\"et_pb_module et_pb_heading et_pb_heading_0 et_pb_bg_layout_\">\n<div class=\"et_pb_heading_container\">\n<h4 class=\"et_pb_module_heading\">YOUR FIRST EXPERIENCE ON THE WHEEL<br \/>\n<strong style=\"color: #666666; font-size: 15px;\">Throwing ceramics on the potter\u00b4s wheel \u2013 Tasting<\/strong><\/h4>\n<\/div>\n<\/div>\n<div class=\"et_pb_module et_pb_text et_pb_text_2 et_pb_text_align_left et_pb_bg_layout_light\">\n<div class=\"et_pb_text_inner\"><\/div>\n<\/div>\n<p>After a short introduction, you will immediately sit down at the potter's wheel in this pottery course.<br \/>\nYou will learn how to <strong>center clay <\/strong>and create a vessel.<br \/>\nTo <strong>\"open the clay\"<\/strong> and <strong>\"pull up\" walls<\/strong> you will learn as well.<\/p>\n<p>Together with <strong>a maximum of six people<\/strong> you get intensive guidance by <strong>two trainers\u00a0<\/strong>who stand by your side and help you gain confidence in throwing on the potter\u00b4s wheel. We can also hold the course in German and English if requested.<\/p>\n<p>In<strong> 1 x 2,5 hours <\/strong>we guarantee that you will create at least two vessels. The price includes firing and glazing the finished products with a transparent glaze. If you do not want a colored glaze, then there will be <strong>no additional costs<\/strong> .<br \/>\nWe trim your work for you. This means that the next day, clay is cut away from the turned pieces while they are still leather-hard, and they are given a lovely foot as a base.<br \/>\nYou can have us glaze your vessels with a colored glaze for \u20ac4 per piece.<\/p>","protected":false},"featured_media":3520,"template":"","meta":{"_et_pb_use_builder":"off","_et_pb_old_content":"Wir unterst\u00fctzen dich im Kurs gerne auch in englischer Sprache.\r\n\r\nDeine Kleidung soll dir Bewegungsfreiheit geben und schmutzig werden d\u00fcrfen. Deine Fingern\u00e4gel sollen eine kurze, praktische L\u00e4nge haben.\r\n\r\nUnsere Kurse an der Drehscheibe d\u00fcrfen auch Kinder und Jugendliche ab 12 Jahren \u2013 bei Vorzeigen eines Ausweises \u2013 besuchen, aber nur, wenn eine begleitende erwachsene Person am Kurs teilnimmt. Ab 16 d\u00fcrfen Jugendliche auch allein den Kurs besuchen.\r\n\r\nIn der Kursgeb\u00fchr sind die Materialkosten und das Brennen und Glasieren der fertigen Produkte mit einer transparenten Glasur inbegriffen. Wenn du keine farbige Glasur w\u00fcnscht, dann kommen <strong>keine Mehrkosten<\/strong> auf dich zu.\r\n\r\nIn allen Kursen wird in den letzten 10-15 Minuten gemeinsam der Arbeitsplatz und das Werkzeug gereinigt und aufger\u00e4umt.\r\n\r\nDeine <strong>fertigen St\u00fccke<\/strong> kannst du ungef\u00e4hr vier bis sechs Wochen nach dem Kurs bei uns abholen. Wir informieren dich via Email, sobald sie gebrannt sind. Wir bitten um Verst\u00e4ndnis, dass wir die fertigen Werke nicht l\u00e4nger als sechs Wochen aufbewahren k\u00f6nnen. <em>Nicht abgeholte St\u00fccke werden an Passant:innen verschenkt.<\/em>\r\n\r\n\u00dcbrigens: schaut euch <a href=\"https:\/\/maps.app.goo.gl\/VyeoTE2xYDzLfrLLA\" target=\"_blank\" rel=\"noopener\">hier<\/a> die Eindr\u00fccke anderer Kursteilnehmer an: auf <a href=\"https:\/\/maps.app.goo.gl\/VyeoTE2xYDzLfrLLA\" target=\"_blank\" rel=\"noopener\"><strong><em>Google-Maps<\/em><\/strong><\/a>","_et_gb_content_width":""},"product_brand":[],"product_cat":[91,63],"product_tag":[92,70,93,94,68,81,108,79],"class_list":{"0":"post-5782","1":"product","2":"type-product","3":"status-publish","4":"has-post-thumbnail","6":"product_cat-drehscheibenkurse","7":"product_cat-kurse","8":"product_tag-anfaengerinnen-kurs","9":"product_tag-drehscheibe","10":"product_tag-einfuehrung-in-die-drehscheibe","11":"product_tag-gefaesse-aus-ton-herstellen","12":"product_tag-keramik","13":"product_tag-kurs","14":"product_tag-schnupperkurs-drehscheibe","15":"product_tag-toepferkurs","16":"product_shipping_class-kostenfrei","18":"first","19":"instock","20":"shipping-taxable","21":"purchasable","22":"product-type-variable"},"jetpack_sharing_enabled":true,"_links":{"self":[{"href":"https:\/\/ceramics-studio.de\/en\/wp-json\/wp\/v2\/product\/5782","targetHints":{"allow":["GET"]}}],"collection":[{"href":"https:\/\/ceramics-studio.de\/en\/wp-json\/wp\/v2\/product"}],"about":[{"href":"https:\/\/ceramics-studio.de\/en\/wp-json\/wp\/v2\/types\/product"}],"wp:featuredmedia":[{"embeddable":true,"href":"https:\/\/ceramics-studio.de\/en\/wp-json\/wp\/v2\/media\/3520"}],"wp:attachment":[{"href":"https:\/\/ceramics-studio.de\/en\/wp-json\/wp\/v2\/media?parent=5782"}],"wp:term":[{"taxonomy":"product_brand","embeddable":true,"href":"https:\/\/ceramics-studio.de\/en\/wp-json\/wp\/v2\/product_brand?post=5782"},{"taxonomy":"product_cat","embeddable":true,"href":"https:\/\/ceramics-studio.de\/en\/wp-json\/wp\/v2\/product_cat?post=5782"},{"taxonomy":"product_tag","embeddable":true,"href":"https:\/\/ceramics-studio.de\/en\/wp-json\/wp\/v2\/product_tag?post=5782"}],"curies":[{"name":"wp","href":"https:\/\/api.w.org\/{rel}","templated":true}]}}