{"id":5976,"date":"2026-02-18T12:55:43","date_gmt":"2026-02-18T11:55:43","guid":{"rendered":"https:\/\/ceramics-studio.de\/?post_type=product&#038;p=5976"},"modified":"2026-03-01T17:45:26","modified_gmt":"2026-03-01T16:45:26","slug":"drawinged-02-bowl","status":"publish","type":"product","link":"https:\/\/ceramics-studio.de\/en\/product\/drawinged-02-bowl\/","title":{"rendered":"DRAWINGED 02 Bowl"},"content":{"rendered":"","protected":false},"excerpt":{"rendered":"<p>DRAWINGED 02 ist eine gro\u00dfe Sch\u00fcssel mit Fu\u00df, aus wei\u00dfem Steinzeug auf der T\u00f6pferscheibe gedreht, mit Unterglausurfarben bemalt und innen mit transparenter Glasur veredelt. Wie der Name vermuten l\u00e4sst, steht bei der Gestaltung der Schalen die Zeichnung im Vordergrund, die, mit Farbe erg\u00e4nzt, einzigartige Stillleben darstellt.<br \/>\nAu\u00dfen ist die Sch\u00fcssel unglasiert und somit seidig matt. Das Motiv, ein Zeigefinger, wurde mit Unterglasurstift eigenh\u00e4ndig vorgezeichnet und mit Unterglasurfarben im &#8222;Aquarell&#8220;-Stil \u00fcbermalt.<\/p>\n<p>Diese Sch\u00fcssel steht f\u00fcr sich als Kunst- und Ziergegenstand, ist auch als Geschirr verwendbar, ein echter Hingucker und perfekt f\u00fcr alle Gerichte, Salate oder Obst und besticht durch ihr einzigartiges Design aus der neuen Serie DRAWINGED.<\/p>\n<p>Ma\u00dfe: ca. \u00d8 28,5 cm x H 7,5 cm<\/p>\n<p>Jedes St\u00fcck ist von Hand gefertigt und einzigartig. Von jedem Produkt auf unserer Shop-Seite gibt es nur ein einziges Exemplar. Alle Produkte sind sp\u00fclmaschinenfest und f\u00fcr die Benutzung f\u00fcr Lebensmittel geeignet. Wenn das Produkt aber besonders lange und benutzungsspurenfrei bleiben soll, empfehlen wir, sie mit der Hand zu waschen.<\/p>","protected":false},"featured_media":5975,"template":"","meta":{"_et_pb_use_builder":"off","_et_pb_old_content":"Not just a bowl ideal for noudles and soup. Its also a feast for the eyes. Colors for the table. Friendly and playful.This bowl has been thrown on the wheel in white stoneware-clay, colored with slip and finished with our own transparent glaze.","_et_gb_content_width":""},"product_brand":[],"product_cat":[73],"product_tag":[112,113,68,75,66,76,82],"class_list":{"0":"post-5976","1":"product","2":"type-product","3":"status-publish","4":"has-post-thumbnail","6":"product_cat-geschirr-tableware","7":"product_tag-handbemalt","8":"product_tag-handgemacht","9":"product_tag-keramik","10":"product_tag-schuessel","11":"product_tag-selbstgemacht","12":"product_tag-steinzeug","13":"product_tag-ton","14":"product_shipping_class-paket","16":"first","17":"instock","18":"sold-individually","19":"shipping-taxable","20":"purchasable","21":"product-type-simple"},"jetpack_sharing_enabled":true,"_links":{"self":[{"href":"https:\/\/ceramics-studio.de\/en\/wp-json\/wp\/v2\/product\/5976","targetHints":{"allow":["GET"]}}],"collection":[{"href":"https:\/\/ceramics-studio.de\/en\/wp-json\/wp\/v2\/product"}],"about":[{"href":"https:\/\/ceramics-studio.de\/en\/wp-json\/wp\/v2\/types\/product"}],"wp:featuredmedia":[{"embeddable":true,"href":"https:\/\/ceramics-studio.de\/en\/wp-json\/wp\/v2\/media\/5975"}],"wp:attachment":[{"href":"https:\/\/ceramics-studio.de\/en\/wp-json\/wp\/v2\/media?parent=5976"}],"wp:term":[{"taxonomy":"product_brand","embeddable":true,"href":"https:\/\/ceramics-studio.de\/en\/wp-json\/wp\/v2\/product_brand?post=5976"},{"taxonomy":"product_cat","embeddable":true,"href":"https:\/\/ceramics-studio.de\/en\/wp-json\/wp\/v2\/product_cat?post=5976"},{"taxonomy":"product_tag","embeddable":true,"href":"https:\/\/ceramics-studio.de\/en\/wp-json\/wp\/v2\/product_tag?post=5976"}],"curies":[{"name":"wp","href":"https:\/\/api.w.org\/{rel}","templated":true}]}}