{"id":5978,"date":"2026-02-18T13:10:00","date_gmt":"2026-02-18T12:10:00","guid":{"rendered":"https:\/\/ceramics-studio.de\/?post_type=product&#038;p=5978"},"modified":"2026-03-01T19:49:16","modified_gmt":"2026-03-01T18:49:16","slug":"pinkie-03-round-box","status":"publish","type":"product","link":"https:\/\/ceramics-studio.de\/en\/product\/pinkie-03-round-box\/","title":{"rendered":"PINKIE 03 round Box"},"content":{"rendered":"","protected":false},"excerpt":{"rendered":"<p>PINKIE 03 ist eine kleine runde Dose mit Deckel aus wei\u00dfem Steinzeug auf der T\u00f6pferscheibe gedreht, au\u00dfen mit rosa und innen mit schwarzer Glasur veredelt.<\/p>\n<p>Diese Dose steht f\u00fcr sich als Zier- und Nutzgegenstand, ist auch als Geschirr verwendbar, ein s\u00fc\u00dfes Accessoire <span style=\"color: #666666; font-size: 14px;\">und perfekt zum Verschenken. Es besticht durch sein einzigartiges Design aus der neuen Serie PINKIE.<\/span><\/p>\n<p>Ma\u00dfe: ca. \u00d8 10 cm x H 9 cm<\/p>\n<p>Jedes St\u00fcck ist von Hand gefertigt und einzigartig. Von jedem Produkt auf unserer Shop-Seite gibt es nur ein einziges Exemplar. Alle Produkte sind sp\u00fclmaschinenfest und f\u00fcr die Benutzung f\u00fcr Lebensmittel geeignet. Wenn das Produkt aber besonders lange und benutzungsspurenfrei bleiben soll, empfehlen wir, sie mit der Hand zu waschen.<\/p>","protected":false},"featured_media":5970,"template":"","meta":{"_et_pb_use_builder":"off","_et_pb_old_content":"Not just a bowl ideal for noudles and soup. Its also a feast for the eyes. Colors for the table. Friendly and playful.This bowl has been thrown on the wheel in white stoneware-clay, colored with slip and finished with our own transparent glaze.","_et_gb_content_width":""},"product_brand":[],"product_cat":[73],"product_tag":[112,113,68,75,66,76,82],"class_list":{"0":"post-5978","1":"product","2":"type-product","3":"status-publish","4":"has-post-thumbnail","6":"product_cat-geschirr-tableware","7":"product_tag-handbemalt","8":"product_tag-handgemacht","9":"product_tag-keramik","10":"product_tag-schuessel","11":"product_tag-selbstgemacht","12":"product_tag-steinzeug","13":"product_tag-ton","14":"product_shipping_class-paket","16":"first","17":"instock","18":"sold-individually","19":"shipping-taxable","20":"purchasable","21":"product-type-simple"},"jetpack_sharing_enabled":true,"_links":{"self":[{"href":"https:\/\/ceramics-studio.de\/en\/wp-json\/wp\/v2\/product\/5978","targetHints":{"allow":["GET"]}}],"collection":[{"href":"https:\/\/ceramics-studio.de\/en\/wp-json\/wp\/v2\/product"}],"about":[{"href":"https:\/\/ceramics-studio.de\/en\/wp-json\/wp\/v2\/types\/product"}],"wp:featuredmedia":[{"embeddable":true,"href":"https:\/\/ceramics-studio.de\/en\/wp-json\/wp\/v2\/media\/5970"}],"wp:attachment":[{"href":"https:\/\/ceramics-studio.de\/en\/wp-json\/wp\/v2\/media?parent=5978"}],"wp:term":[{"taxonomy":"product_brand","embeddable":true,"href":"https:\/\/ceramics-studio.de\/en\/wp-json\/wp\/v2\/product_brand?post=5978"},{"taxonomy":"product_cat","embeddable":true,"href":"https:\/\/ceramics-studio.de\/en\/wp-json\/wp\/v2\/product_cat?post=5978"},{"taxonomy":"product_tag","embeddable":true,"href":"https:\/\/ceramics-studio.de\/en\/wp-json\/wp\/v2\/product_tag?post=5978"}],"curies":[{"name":"wp","href":"https:\/\/api.w.org\/{rel}","templated":true}]}}